{"id":128828,"date":"2026-05-07T02:51:34","date_gmt":"2026-05-07T05:51:34","guid":{"rendered":"https:\/\/www.hediyepazar.com\/?product=derin-temizlik-saglayan-yumusak-killi-dis-fircasi-basliklari"},"modified":"2026-05-07T02:51:34","modified_gmt":"2026-05-07T05:51:34","slug":"derin-temizlik-saglayan-yumusak-killi-dis-fircasi-basliklari","status":"publish","type":"product","link":"https:\/\/www.hediyepazar.com\/?product=derin-temizlik-saglayan-yumusak-killi-dis-fircasi-basliklari","title":{"rendered":"Derin Temizlik Sa\u011flayan Yumu\u015fak K\u0131ll\u0131 Di\u015f F\u0131r\u00e7as\u0131 Ba\u015fl\u0131klar\u0131"},"content":{"rendered":"<p>4\u2019l\u00fc paket i\u00e7eri\u011fi ile sunulan bu di\u015f f\u0131r\u00e7as\u0131 yedek ba\u015fl\u0131klar\u0131, uzun s\u00fcreli ve ekonomik kullan\u0131m avantaj\u0131 sa\u011flar. Her bir ba\u015fl\u0131k, etkili plak temizli\u011fi hedeflenerek tasarlanm\u0131\u015ft\u0131r. Yumu\u015fak k\u0131l yap\u0131s\u0131 sayesinde di\u015f minesine zarar vermeden temizlik sunar. G\u00fcnl\u00fck a\u011f\u0131z bak\u0131m rutininde pratik ve g\u00fcvenilir bir \u00e7\u00f6z\u00fcm arayan kullan\u0131c\u0131lar i\u00e7in uygundur.<\/p>\n","protected":false},"excerpt":{"rendered":"<p>4\u2019l\u00fc paket i\u00e7eri\u011fi ile sunulan bu di\u015f f\u0131r\u00e7as\u0131 yedek ba\u015fl\u0131klar\u0131, uzun s\u00fcreli ve ekonomik kullan\u0131m avantaj\u0131 sa\u011flar. Her bir ba\u015fl\u0131k, etkili plak temizli\u011fi hedeflenerek tasarlanm\u0131\u015ft\u0131r. Yumu\u015fak k\u0131l yap\u0131s\u0131 sayesinde di\u015f minesine zarar vermeden temizlik sunar. G\u00fcnl\u00fck a\u011f\u0131z bak\u0131m rutininde pratik ve g\u00fcvenilir bir \u00e7\u00f6z\u00fcm arayan kullan\u0131c\u0131lar i\u00e7in uygundur.<\/p>\n","protected":false},"featured_media":128827,"comment_status":"open","ping_status":"closed","template":"","meta":{"_kad_post_transparent":"","_kad_post_title":"","_kad_post_layout":"","_kad_post_sidebar_id":"","_kad_post_content_style":"","_kad_post_vertical_padding":"","_kad_post_feature":"","_kad_post_feature_position":"","_kad_post_header":false,"_kad_post_footer":false,"_kad_post_classname":""},"product_brand":[],"product_cat":[15308],"product_tag":[],"class_list":{"0":"post-128828","1":"product","2":"type-product","3":"status-publish","4":"has-post-thumbnail","6":"product_cat-dis-fircasi-dis-fircasi-2","8":"first","9":"instock","10":"purchasable","11":"product-type-simple","12":"entry","13":"content-bg","14":"loop-entry"},"_links":{"self":[{"href":"https:\/\/www.hediyepazar.com\/index.php?rest_route=\/wp\/v2\/product\/128828","targetHints":{"allow":["GET"]}}],"collection":[{"href":"https:\/\/www.hediyepazar.com\/index.php?rest_route=\/wp\/v2\/product"}],"about":[{"href":"https:\/\/www.hediyepazar.com\/index.php?rest_route=\/wp\/v2\/types\/product"}],"replies":[{"embeddable":true,"href":"https:\/\/www.hediyepazar.com\/index.php?rest_route=%2Fwp%2Fv2%2Fcomments&post=128828"}],"wp:featuredmedia":[{"embeddable":true,"href":"https:\/\/www.hediyepazar.com\/index.php?rest_route=\/wp\/v2\/media\/128827"}],"wp:attachment":[{"href":"https:\/\/www.hediyepazar.com\/index.php?rest_route=%2Fwp%2Fv2%2Fmedia&parent=128828"}],"wp:term":[{"taxonomy":"product_brand","embeddable":true,"href":"https:\/\/www.hediyepazar.com\/index.php?rest_route=%2Fwp%2Fv2%2Fproduct_brand&post=128828"},{"taxonomy":"product_cat","embeddable":true,"href":"https:\/\/www.hediyepazar.com\/index.php?rest_route=%2Fwp%2Fv2%2Fproduct_cat&post=128828"},{"taxonomy":"product_tag","embeddable":true,"href":"https:\/\/www.hediyepazar.com\/index.php?rest_route=%2Fwp%2Fv2%2Fproduct_tag&post=128828"}],"curies":[{"name":"wp","href":"https:\/\/api.w.org\/{rel}","templated":true}]}}