{"id":128836,"date":"2026-05-07T02:52:15","date_gmt":"2026-05-07T05:52:15","guid":{"rendered":"https:\/\/www.hediyepazar.com\/?product=kompakt-ve-guclu-katlanir-el-testeresi"},"modified":"2026-05-07T02:52:15","modified_gmt":"2026-05-07T05:52:15","slug":"kompakt-ve-guclu-katlanir-el-testeresi","status":"publish","type":"product","link":"https:\/\/www.hediyepazar.com\/?product=kompakt-ve-guclu-katlanir-el-testeresi","title":{"rendered":"Kompakt ve G\u00fc\u00e7l\u00fc Katlan\u0131r El Testeresi"},"content":{"rendered":"<p>Katlanabilir budama testeresi, \u00e7ok y\u00f6nl\u00fc kullan\u0131m sunan pratik bir kesim arac\u0131d\u0131r. Ergonomik sap\u0131, ele rahat oturarak kullan\u0131m s\u0131ras\u0131nda kontrol\u00fc art\u0131r\u0131r. Kaymay\u0131 azaltan yap\u0131s\u0131 sayesinde g\u00fcvenli bir \u00e7al\u0131\u015fma ortam\u0131 sa\u011flar.Keskin b\u0131\u00e7ak yap\u0131s\u0131, dallar ve ah\u015fap materyaller \u00fczerinde etkili kesimler yap\u0131lmas\u0131na imkan tan\u0131r. Budama ve kesim i\u015flemlerini daha h\u0131zl\u0131 ve zahmetsiz hale getirir. Temiz kesimler yap\u0131lmas\u0131n\u0131 destekler.Katlanabilir tasar\u0131m\u0131, \u00fcr\u00fcn\u00fc ta\u015f\u0131ma ve saklama a\u00e7\u0131s\u0131ndan avantajl\u0131 hale getirir. Kullan\u0131m sonras\u0131nda b\u0131\u00e7ak kapat\u0131larak g\u00fcvenli \u015fekilde muhafaza edilebilir. Bu \u00f6zellik, \u00f6zellikle d\u0131\u015f mekan kullan\u0131m\u0131nda b\u00fcy\u00fck kolayl\u0131k sa\u011flar.Bah\u00e7e i\u015fleri, kamp ve g\u00fcnl\u00fck kesim ihtiya\u00e7lar\u0131 i\u00e7in ideal bir yard\u0131mc\u0131d\u0131r. Dayan\u0131kl\u0131 malzemesi sayesinde uzun s\u00fcreli kullan\u0131m sunar. Hem amat\u00f6r hem de profesyonel kullan\u0131c\u0131lar i\u00e7in uygundur.<\/p>\n","protected":false},"excerpt":{"rendered":"<p>Katlanabilir budama testeresi, \u00e7ok y\u00f6nl\u00fc kullan\u0131m sunan pratik bir kesim arac\u0131d\u0131r. Ergonomik sap\u0131, ele rahat oturarak kullan\u0131m s\u0131ras\u0131nda kontrol\u00fc art\u0131r\u0131r. Kaymay\u0131 azaltan yap\u0131s\u0131 sayesinde g\u00fcvenli bir \u00e7al\u0131\u015fma ortam\u0131 sa\u011flar.Keskin b\u0131\u00e7ak yap\u0131s\u0131, dallar ve ah\u015fap materyaller \u00fczerinde etkili kesimler yap\u0131lmas\u0131na imkan tan\u0131r. Budama ve kesim i\u015flemlerini daha h\u0131zl\u0131 ve zahmetsiz hale getirir. Temiz kesimler yap\u0131lmas\u0131n\u0131 destekler.Katlanabilir&#8230;<\/p>\n","protected":false},"featured_media":128835,"comment_status":"open","ping_status":"closed","template":"","meta":{"_kad_post_transparent":"","_kad_post_title":"","_kad_post_layout":"","_kad_post_sidebar_id":"","_kad_post_content_style":"","_kad_post_vertical_padding":"","_kad_post_feature":"","_kad_post_feature_position":"","_kad_post_header":false,"_kad_post_footer":false,"_kad_post_classname":""},"product_brand":[],"product_cat":[15274],"product_tag":[],"class_list":{"0":"post-128836","1":"product","2":"type-product","3":"status-publish","4":"has-post-thumbnail","6":"product_cat-kapi-hirdavati-hirdavat-banyo-yapi-hirdavat-kapi-hirdavati","8":"first","9":"instock","10":"purchasable","11":"product-type-simple","12":"entry","13":"content-bg","14":"loop-entry"},"_links":{"self":[{"href":"https:\/\/www.hediyepazar.com\/index.php?rest_route=\/wp\/v2\/product\/128836","targetHints":{"allow":["GET"]}}],"collection":[{"href":"https:\/\/www.hediyepazar.com\/index.php?rest_route=\/wp\/v2\/product"}],"about":[{"href":"https:\/\/www.hediyepazar.com\/index.php?rest_route=\/wp\/v2\/types\/product"}],"replies":[{"embeddable":true,"href":"https:\/\/www.hediyepazar.com\/index.php?rest_route=%2Fwp%2Fv2%2Fcomments&post=128836"}],"wp:featuredmedia":[{"embeddable":true,"href":"https:\/\/www.hediyepazar.com\/index.php?rest_route=\/wp\/v2\/media\/128835"}],"wp:attachment":[{"href":"https:\/\/www.hediyepazar.com\/index.php?rest_route=%2Fwp%2Fv2%2Fmedia&parent=128836"}],"wp:term":[{"taxonomy":"product_brand","embeddable":true,"href":"https:\/\/www.hediyepazar.com\/index.php?rest_route=%2Fwp%2Fv2%2Fproduct_brand&post=128836"},{"taxonomy":"product_cat","embeddable":true,"href":"https:\/\/www.hediyepazar.com\/index.php?rest_route=%2Fwp%2Fv2%2Fproduct_cat&post=128836"},{"taxonomy":"product_tag","embeddable":true,"href":"https:\/\/www.hediyepazar.com\/index.php?rest_route=%2Fwp%2Fv2%2Fproduct_tag&post=128836"}],"curies":[{"name":"wp","href":"https:\/\/api.w.org\/{rel}","templated":true}]}}