{"id":128838,"date":"2026-05-07T02:52:21","date_gmt":"2026-05-07T05:52:21","guid":{"rendered":"https:\/\/www.hediyepazar.com\/?product=bahce-isleri-icin-katlanabilir-kesim-testeresi"},"modified":"2026-05-07T02:52:21","modified_gmt":"2026-05-07T05:52:21","slug":"bahce-isleri-icin-katlanabilir-kesim-testeresi","status":"publish","type":"product","link":"https:\/\/www.hediyepazar.com\/?product=bahce-isleri-icin-katlanabilir-kesim-testeresi","title":{"rendered":"Bah\u00e7e \u0130\u015fleri \u0130\u00e7in Katlanabilir Kesim Testeresi"},"content":{"rendered":"<p>Bu katlanabilir el testeresi, kesim ve budama i\u015flemlerinde pratiklik arayan kullan\u0131c\u0131lar i\u00e7in tasarlanm\u0131\u015ft\u0131r. Ergonomik sap tasar\u0131m\u0131, ele uyum sa\u011flayarak kullan\u0131m s\u0131ras\u0131nda konfor sunar. Uzun s\u00fcreli \u00e7al\u0131\u015fmalarda bile rahat bir tutu\u015f sa\u011flar.Keskin ve sa\u011flam b\u0131\u00e7ak yap\u0131s\u0131, ah\u015fap ve dal kesimlerinde etkili performans sunar. Budama i\u015flemlerinde d\u00fczg\u00fcn ve temiz kesimler yap\u0131lmas\u0131na yard\u0131mc\u0131 olur. Bu sayede hem i\u015f s\u00fcresi k\u0131sal\u0131r hem de daha profesyonel sonu\u00e7lar elde edilir.Katlanabilir mekanizmas\u0131, g\u00fcvenli ta\u015f\u0131ma ve saklama imkan\u0131 sunar. Kullan\u0131m sonras\u0131nda kolayca kapat\u0131labilir ve \u00e7anta veya ara\u00e7 i\u00e7erisinde g\u00fcvenle ta\u015f\u0131nabilir. Kompakt yap\u0131s\u0131 sayesinde yer kaplamaz.Bah\u00e7e d\u00fczenlemeleri, kamp aktiviteleri ve ev \u00e7evresinde yap\u0131lan kesim i\u015fleri i\u00e7in ideal bir \u00e7\u00f6z\u00fcmd\u00fcr. Dayan\u0131kl\u0131 yap\u0131s\u0131 ve fonksiyonel tasar\u0131m\u0131 ile uzun s\u00fcreli kullan\u0131m i\u00e7in uygundur.<\/p>\n","protected":false},"excerpt":{"rendered":"<p>Bu katlanabilir el testeresi, kesim ve budama i\u015flemlerinde pratiklik arayan kullan\u0131c\u0131lar i\u00e7in tasarlanm\u0131\u015ft\u0131r. Ergonomik sap tasar\u0131m\u0131, ele uyum sa\u011flayarak kullan\u0131m s\u0131ras\u0131nda konfor sunar. Uzun s\u00fcreli \u00e7al\u0131\u015fmalarda bile rahat bir tutu\u015f sa\u011flar.Keskin ve sa\u011flam b\u0131\u00e7ak yap\u0131s\u0131, ah\u015fap ve dal kesimlerinde etkili performans sunar. Budama i\u015flemlerinde d\u00fczg\u00fcn ve temiz kesimler yap\u0131lmas\u0131na yard\u0131mc\u0131 olur. Bu sayede hem i\u015f&#8230;<\/p>\n","protected":false},"featured_media":128837,"comment_status":"open","ping_status":"closed","template":"","meta":{"_kad_post_transparent":"","_kad_post_title":"","_kad_post_layout":"","_kad_post_sidebar_id":"","_kad_post_content_style":"","_kad_post_vertical_padding":"","_kad_post_feature":"","_kad_post_feature_position":"","_kad_post_header":false,"_kad_post_footer":false,"_kad_post_classname":""},"product_brand":[],"product_cat":[15274],"product_tag":[],"class_list":{"0":"post-128838","1":"product","2":"type-product","3":"status-publish","4":"has-post-thumbnail","6":"product_cat-kapi-hirdavati-hirdavat-banyo-yapi-hirdavat-kapi-hirdavati","8":"first","9":"instock","10":"purchasable","11":"product-type-simple","12":"entry","13":"content-bg","14":"loop-entry"},"_links":{"self":[{"href":"https:\/\/www.hediyepazar.com\/index.php?rest_route=\/wp\/v2\/product\/128838","targetHints":{"allow":["GET"]}}],"collection":[{"href":"https:\/\/www.hediyepazar.com\/index.php?rest_route=\/wp\/v2\/product"}],"about":[{"href":"https:\/\/www.hediyepazar.com\/index.php?rest_route=\/wp\/v2\/types\/product"}],"replies":[{"embeddable":true,"href":"https:\/\/www.hediyepazar.com\/index.php?rest_route=%2Fwp%2Fv2%2Fcomments&post=128838"}],"wp:featuredmedia":[{"embeddable":true,"href":"https:\/\/www.hediyepazar.com\/index.php?rest_route=\/wp\/v2\/media\/128837"}],"wp:attachment":[{"href":"https:\/\/www.hediyepazar.com\/index.php?rest_route=%2Fwp%2Fv2%2Fmedia&parent=128838"}],"wp:term":[{"taxonomy":"product_brand","embeddable":true,"href":"https:\/\/www.hediyepazar.com\/index.php?rest_route=%2Fwp%2Fv2%2Fproduct_brand&post=128838"},{"taxonomy":"product_cat","embeddable":true,"href":"https:\/\/www.hediyepazar.com\/index.php?rest_route=%2Fwp%2Fv2%2Fproduct_cat&post=128838"},{"taxonomy":"product_tag","embeddable":true,"href":"https:\/\/www.hediyepazar.com\/index.php?rest_route=%2Fwp%2Fv2%2Fproduct_tag&post=128838"}],"curies":[{"name":"wp","href":"https:\/\/api.w.org\/{rel}","templated":true}]}}