{"id":128842,"date":"2026-05-07T02:53:10","date_gmt":"2026-05-07T05:53:10","guid":{"rendered":"https:\/\/www.hediyepazar.com\/?product=bahce-ve-odun-kesimi-icin-katlanir-el-testeresi"},"modified":"2026-05-07T02:53:10","modified_gmt":"2026-05-07T05:53:10","slug":"bahce-ve-odun-kesimi-icin-katlanir-el-testeresi","status":"publish","type":"product","link":"https:\/\/www.hediyepazar.com\/?product=bahce-ve-odun-kesimi-icin-katlanir-el-testeresi","title":{"rendered":"Bah\u00e7e ve Odun Kesimi \u0130\u00e7in Katlan\u0131r El Testeresi"},"content":{"rendered":"<p>Bu katlanabilir el testeresi, pratikli\u011fi ve ta\u015f\u0131nabilirli\u011fi bir arada sunan fonksiyonel bir kesim arac\u0131d\u0131r. Ergonomik sap\u0131, ele uyumlu formu sayesinde kullan\u0131m s\u0131ras\u0131nda kontrol\u00fc art\u0131r\u0131r. Uzun s\u00fcreli kesim i\u015flemlerinde bile el yorgunlu\u011funu azaltmaya yard\u0131mc\u0131 olur.Keskin b\u0131\u00e7ak yap\u0131s\u0131, dallar ve ah\u015fap y\u00fczeyler \u00fczerinde etkili performans g\u00f6sterir. Budama i\u015flemlerini daha h\u0131zl\u0131 ve zahmetsiz hale getirir. Temiz kesimler yap\u0131lmas\u0131n\u0131 sa\u011flayarak hem zamandan tasarruf sunar hem de daha d\u00fczenli sonu\u00e7lar elde edilmesine yard\u0131mc\u0131 olur.Katlanabilir mekanizmas\u0131 sayesinde g\u00fcvenli kullan\u0131m sunar. Kullan\u0131m sonras\u0131nda b\u0131\u00e7ak kapat\u0131larak g\u00fcvenli \u015fekilde ta\u015f\u0131nabilir. Bu \u00f6zellik, \u00f6zellikle kamp ve bah\u00e7e gibi d\u0131\u015f mekan aktivitelerinde b\u00fcy\u00fck avantaj sa\u011flar.Bah\u00e7e i\u015fleri, hobi \u00e7al\u0131\u015fmalar\u0131 ve ev \u00e7evresinde yap\u0131lan kesim i\u015flemleri i\u00e7in ideal bir \u00e7\u00f6z\u00fcmd\u00fcr. Kompakt yap\u0131s\u0131 sayesinde her ortamda kolayca ta\u015f\u0131nabilir. Dayan\u0131kl\u0131 malzeme yap\u0131s\u0131, uzun \u00f6m\u00fcrl\u00fc kullan\u0131m sunarak g\u00fcnl\u00fck ve yo\u011fun kullan\u0131mlar i\u00e7in uygun bir se\u00e7enek olu\u015fturur.<\/p>\n","protected":false},"excerpt":{"rendered":"<p>Bu katlanabilir el testeresi, pratikli\u011fi ve ta\u015f\u0131nabilirli\u011fi bir arada sunan fonksiyonel bir kesim arac\u0131d\u0131r. Ergonomik sap\u0131, ele uyumlu formu sayesinde kullan\u0131m s\u0131ras\u0131nda kontrol\u00fc art\u0131r\u0131r. Uzun s\u00fcreli kesim i\u015flemlerinde bile el yorgunlu\u011funu azaltmaya yard\u0131mc\u0131 olur.Keskin b\u0131\u00e7ak yap\u0131s\u0131, dallar ve ah\u015fap y\u00fczeyler \u00fczerinde etkili performans g\u00f6sterir. Budama i\u015flemlerini daha h\u0131zl\u0131 ve zahmetsiz hale getirir. Temiz kesimler yap\u0131lmas\u0131n\u0131&#8230;<\/p>\n","protected":false},"featured_media":128841,"comment_status":"open","ping_status":"closed","template":"","meta":{"_kad_post_transparent":"","_kad_post_title":"","_kad_post_layout":"","_kad_post_sidebar_id":"","_kad_post_content_style":"","_kad_post_vertical_padding":"","_kad_post_feature":"","_kad_post_feature_position":"","_kad_post_header":false,"_kad_post_footer":false,"_kad_post_classname":""},"product_brand":[],"product_cat":[15274],"product_tag":[],"class_list":{"0":"post-128842","1":"product","2":"type-product","3":"status-publish","4":"has-post-thumbnail","6":"product_cat-kapi-hirdavati-hirdavat-banyo-yapi-hirdavat-kapi-hirdavati","8":"first","9":"instock","10":"purchasable","11":"product-type-simple","12":"entry","13":"content-bg","14":"loop-entry"},"_links":{"self":[{"href":"https:\/\/www.hediyepazar.com\/index.php?rest_route=\/wp\/v2\/product\/128842","targetHints":{"allow":["GET"]}}],"collection":[{"href":"https:\/\/www.hediyepazar.com\/index.php?rest_route=\/wp\/v2\/product"}],"about":[{"href":"https:\/\/www.hediyepazar.com\/index.php?rest_route=\/wp\/v2\/types\/product"}],"replies":[{"embeddable":true,"href":"https:\/\/www.hediyepazar.com\/index.php?rest_route=%2Fwp%2Fv2%2Fcomments&post=128842"}],"wp:featuredmedia":[{"embeddable":true,"href":"https:\/\/www.hediyepazar.com\/index.php?rest_route=\/wp\/v2\/media\/128841"}],"wp:attachment":[{"href":"https:\/\/www.hediyepazar.com\/index.php?rest_route=%2Fwp%2Fv2%2Fmedia&parent=128842"}],"wp:term":[{"taxonomy":"product_brand","embeddable":true,"href":"https:\/\/www.hediyepazar.com\/index.php?rest_route=%2Fwp%2Fv2%2Fproduct_brand&post=128842"},{"taxonomy":"product_cat","embeddable":true,"href":"https:\/\/www.hediyepazar.com\/index.php?rest_route=%2Fwp%2Fv2%2Fproduct_cat&post=128842"},{"taxonomy":"product_tag","embeddable":true,"href":"https:\/\/www.hediyepazar.com\/index.php?rest_route=%2Fwp%2Fv2%2Fproduct_tag&post=128842"}],"curies":[{"name":"wp","href":"https:\/\/api.w.org\/{rel}","templated":true}]}}