{"id":128846,"date":"2026-05-07T02:53:22","date_gmt":"2026-05-07T05:53:22","guid":{"rendered":"https:\/\/www.hediyepazar.com\/?product=uzun-omurlu-kombine-anahtar-seti-8-parca"},"modified":"2026-05-07T02:53:22","modified_gmt":"2026-05-07T05:53:22","slug":"uzun-omurlu-kombine-anahtar-seti-8-parca","status":"publish","type":"product","link":"https:\/\/www.hediyepazar.com\/?product=uzun-omurlu-kombine-anahtar-seti-8-parca","title":{"rendered":"Uzun \u00d6m\u00fcrl\u00fc Kombine Anahtar Seti 8 Par\u00e7a"},"content":{"rendered":"<p>Kombine anahtar seti, farkl\u0131 kilitleme ve ba\u011flant\u0131 ihtiya\u00e7lar\u0131 i\u00e7in \u00e7ok y\u00f6nl\u00fc bir \u00e7\u00f6z\u00fcm sunar. A\u00e7\u0131k a\u011f\u0131z tasar\u0131m\u0131, anahtar\u0131n vida ve ba\u011flant\u0131 noktalar\u0131na kolayca yerle\u015fmesini sa\u011flar. Bu sayede i\u015flemler daha h\u0131zl\u0131 ve zahmetsiz \u015fekilde ger\u00e7ekle\u015ftirilir.8 farkl\u0131 \u00f6l\u00e7\u00fcden olu\u015fan set, farkl\u0131 boyutlardaki ba\u011flant\u0131lar i\u00e7in esnek kullan\u0131m imkan\u0131 sunar. Evde yap\u0131lan basit tamirlerden profesyonel uygulamalara kadar geni\u015f bir kullan\u0131m alan\u0131na sahiptir.Dayan\u0131kl\u0131 metal yap\u0131s\u0131, uzun s\u00fcreli kullan\u0131m i\u00e7in uygundur. Anahtarlar, s\u0131k kullan\u0131mda bile sa\u011flaml\u0131\u011f\u0131n\u0131 korur. Ergonomik tasar\u0131m\u0131, kullan\u0131m s\u0131ras\u0131nda el yorgunlu\u011funu azalt\u0131r ve daha kontroll\u00fc bir \u00e7al\u0131\u015fma sa\u011flar.D\u00fczenli ve kompakt yap\u0131s\u0131 sayesinde kolayca saklanabilir. Ev ve at\u00f6lye kullan\u0131m\u0131na uygun olan bu set, g\u00fcnl\u00fck tamir ve bak\u0131m i\u015fleri i\u00e7in g\u00fcvenilir bir yard\u0131mc\u0131d\u0131r.<\/p>\n","protected":false},"excerpt":{"rendered":"<p>Kombine anahtar seti, farkl\u0131 kilitleme ve ba\u011flant\u0131 ihtiya\u00e7lar\u0131 i\u00e7in \u00e7ok y\u00f6nl\u00fc bir \u00e7\u00f6z\u00fcm sunar. A\u00e7\u0131k a\u011f\u0131z tasar\u0131m\u0131, anahtar\u0131n vida ve ba\u011flant\u0131 noktalar\u0131na kolayca yerle\u015fmesini sa\u011flar. Bu sayede i\u015flemler daha h\u0131zl\u0131 ve zahmetsiz \u015fekilde ger\u00e7ekle\u015ftirilir.8 farkl\u0131 \u00f6l\u00e7\u00fcden olu\u015fan set, farkl\u0131 boyutlardaki ba\u011flant\u0131lar i\u00e7in esnek kullan\u0131m imkan\u0131 sunar. Evde yap\u0131lan basit tamirlerden profesyonel uygulamalara kadar geni\u015f bir&#8230;<\/p>\n","protected":false},"featured_media":128845,"comment_status":"open","ping_status":"closed","template":"","meta":{"_kad_post_transparent":"","_kad_post_title":"","_kad_post_layout":"","_kad_post_sidebar_id":"","_kad_post_content_style":"","_kad_post_vertical_padding":"","_kad_post_feature":"","_kad_post_feature_position":"","_kad_post_header":false,"_kad_post_footer":false,"_kad_post_classname":""},"product_brand":[],"product_cat":[15274],"product_tag":[],"class_list":{"0":"post-128846","1":"product","2":"type-product","3":"status-publish","4":"has-post-thumbnail","6":"product_cat-kapi-hirdavati-hirdavat-banyo-yapi-hirdavat-kapi-hirdavati","8":"first","9":"instock","10":"purchasable","11":"product-type-simple","12":"entry","13":"content-bg","14":"loop-entry"},"_links":{"self":[{"href":"https:\/\/www.hediyepazar.com\/index.php?rest_route=\/wp\/v2\/product\/128846","targetHints":{"allow":["GET"]}}],"collection":[{"href":"https:\/\/www.hediyepazar.com\/index.php?rest_route=\/wp\/v2\/product"}],"about":[{"href":"https:\/\/www.hediyepazar.com\/index.php?rest_route=\/wp\/v2\/types\/product"}],"replies":[{"embeddable":true,"href":"https:\/\/www.hediyepazar.com\/index.php?rest_route=%2Fwp%2Fv2%2Fcomments&post=128846"}],"wp:featuredmedia":[{"embeddable":true,"href":"https:\/\/www.hediyepazar.com\/index.php?rest_route=\/wp\/v2\/media\/128845"}],"wp:attachment":[{"href":"https:\/\/www.hediyepazar.com\/index.php?rest_route=%2Fwp%2Fv2%2Fmedia&parent=128846"}],"wp:term":[{"taxonomy":"product_brand","embeddable":true,"href":"https:\/\/www.hediyepazar.com\/index.php?rest_route=%2Fwp%2Fv2%2Fproduct_brand&post=128846"},{"taxonomy":"product_cat","embeddable":true,"href":"https:\/\/www.hediyepazar.com\/index.php?rest_route=%2Fwp%2Fv2%2Fproduct_cat&post=128846"},{"taxonomy":"product_tag","embeddable":true,"href":"https:\/\/www.hediyepazar.com\/index.php?rest_route=%2Fwp%2Fv2%2Fproduct_tag&post=128846"}],"curies":[{"name":"wp","href":"https:\/\/api.w.org\/{rel}","templated":true}]}}