{"id":128850,"date":"2026-05-07T02:54:09","date_gmt":"2026-05-07T05:54:09","guid":{"rendered":"https:\/\/www.hediyepazar.com\/?product=ev-ve-atolye-kullanimina-uygun-8li-kombine-anahtar-seti"},"modified":"2026-05-07T02:54:09","modified_gmt":"2026-05-07T05:54:09","slug":"ev-ve-atolye-kullanimina-uygun-8li-kombine-anahtar-seti","status":"publish","type":"product","link":"https:\/\/www.hediyepazar.com\/?product=ev-ve-atolye-kullanimina-uygun-8li-kombine-anahtar-seti","title":{"rendered":"Ev ve At\u00f6lye Kullan\u0131m\u0131na Uygun 8li Kombine Anahtar Seti"},"content":{"rendered":"<p>Kombine a\u00e7\u0131k a\u011f\u0131z anahtar seti, farkl\u0131 vidalama ve s\u0131kma i\u015flemleri i\u00e7in ideal bir yard\u0131mc\u0131d\u0131r. A\u00e7\u0131k a\u011f\u0131z tasar\u0131m\u0131 sayesinde anahtar, ba\u011flant\u0131 noktalar\u0131na kolayca yerle\u015ftirilir ve \u00e7\u0131kar\u0131l\u0131r. Bu \u00f6zellik, \u00f6zellikle dar ve ula\u015f\u0131lmas\u0131 zor alanlarda \u00e7al\u0131\u015f\u0131rken \u00f6nemli bir avantaj sunar.Set i\u00e7erisinde bulunan 8 farkl\u0131 \u00f6l\u00e7\u00fc, \u00e7e\u015fitli kilitleme ve ba\u011flant\u0131 ihtiya\u00e7lar\u0131n\u0131 kar\u015f\u0131lamak \u00fczere tasarlanm\u0131\u015ft\u0131r. Farkl\u0131 boyutlardaki anahtarlar, hem ince ayar gerektiren i\u015flerde hem de daha g\u00fc\u00e7l\u00fc s\u0131kma i\u015flemlerinde etkili performans sunar.Dayan\u0131kl\u0131 metal yap\u0131s\u0131, uzun s\u00fcreli ve yo\u011fun kullan\u0131ma uygun olacak \u015fekilde \u00fcretilmi\u015ftir. Anahtarlar, s\u0131k kullan\u0131mda bile formunu kaybetmeden g\u00fcvenilir bir kullan\u0131m sa\u011flar. Ergonomik yap\u0131s\u0131 sayesinde el yorgunlu\u011funu azaltmaya yard\u0131mc\u0131 olur.Evde basit tamir i\u015flerinden at\u00f6lyede yap\u0131lan karma\u015f\u0131k onar\u0131mlara kadar geni\u015f bir yelpazede kullan\u0131labilir. D\u00fczenli ve kompakt yap\u0131s\u0131 sayesinde saklamas\u0131 kolayd\u0131r. Pratikli\u011fi ve sa\u011flaml\u0131\u011f\u0131 bir arada sunan bu set, g\u00fcnl\u00fck ve profesyonel kullan\u0131m i\u00e7in ideal bir tercihtir.<\/p>\n","protected":false},"excerpt":{"rendered":"<p>Kombine a\u00e7\u0131k a\u011f\u0131z anahtar seti, farkl\u0131 vidalama ve s\u0131kma i\u015flemleri i\u00e7in ideal bir yard\u0131mc\u0131d\u0131r. A\u00e7\u0131k a\u011f\u0131z tasar\u0131m\u0131 sayesinde anahtar, ba\u011flant\u0131 noktalar\u0131na kolayca yerle\u015ftirilir ve \u00e7\u0131kar\u0131l\u0131r. Bu \u00f6zellik, \u00f6zellikle dar ve ula\u015f\u0131lmas\u0131 zor alanlarda \u00e7al\u0131\u015f\u0131rken \u00f6nemli bir avantaj sunar.Set i\u00e7erisinde bulunan 8 farkl\u0131 \u00f6l\u00e7\u00fc, \u00e7e\u015fitli kilitleme ve ba\u011flant\u0131 ihtiya\u00e7lar\u0131n\u0131 kar\u015f\u0131lamak \u00fczere tasarlanm\u0131\u015ft\u0131r. Farkl\u0131 boyutlardaki anahtarlar, hem&#8230;<\/p>\n","protected":false},"featured_media":128849,"comment_status":"open","ping_status":"closed","template":"","meta":{"_kad_post_transparent":"","_kad_post_title":"","_kad_post_layout":"","_kad_post_sidebar_id":"","_kad_post_content_style":"","_kad_post_vertical_padding":"","_kad_post_feature":"","_kad_post_feature_position":"","_kad_post_header":false,"_kad_post_footer":false,"_kad_post_classname":""},"product_brand":[],"product_cat":[15274],"product_tag":[],"class_list":{"0":"post-128850","1":"product","2":"type-product","3":"status-publish","4":"has-post-thumbnail","6":"product_cat-kapi-hirdavati-hirdavat-banyo-yapi-hirdavat-kapi-hirdavati","8":"first","9":"instock","10":"purchasable","11":"product-type-simple","12":"entry","13":"content-bg","14":"loop-entry"},"_links":{"self":[{"href":"https:\/\/www.hediyepazar.com\/index.php?rest_route=\/wp\/v2\/product\/128850","targetHints":{"allow":["GET"]}}],"collection":[{"href":"https:\/\/www.hediyepazar.com\/index.php?rest_route=\/wp\/v2\/product"}],"about":[{"href":"https:\/\/www.hediyepazar.com\/index.php?rest_route=\/wp\/v2\/types\/product"}],"replies":[{"embeddable":true,"href":"https:\/\/www.hediyepazar.com\/index.php?rest_route=%2Fwp%2Fv2%2Fcomments&post=128850"}],"wp:featuredmedia":[{"embeddable":true,"href":"https:\/\/www.hediyepazar.com\/index.php?rest_route=\/wp\/v2\/media\/128849"}],"wp:attachment":[{"href":"https:\/\/www.hediyepazar.com\/index.php?rest_route=%2Fwp%2Fv2%2Fmedia&parent=128850"}],"wp:term":[{"taxonomy":"product_brand","embeddable":true,"href":"https:\/\/www.hediyepazar.com\/index.php?rest_route=%2Fwp%2Fv2%2Fproduct_brand&post=128850"},{"taxonomy":"product_cat","embeddable":true,"href":"https:\/\/www.hediyepazar.com\/index.php?rest_route=%2Fwp%2Fv2%2Fproduct_cat&post=128850"},{"taxonomy":"product_tag","embeddable":true,"href":"https:\/\/www.hediyepazar.com\/index.php?rest_route=%2Fwp%2Fv2%2Fproduct_tag&post=128850"}],"curies":[{"name":"wp","href":"https:\/\/api.w.org\/{rel}","templated":true}]}}