{"id":128854,"date":"2026-05-07T02:54:23","date_gmt":"2026-05-07T05:54:23","guid":{"rendered":"https:\/\/www.hediyepazar.com\/?product=kombine-acik-agiz-anahtar-seti-8-parca-cok-amacli-kullanim"},"modified":"2026-05-07T02:54:23","modified_gmt":"2026-05-07T05:54:23","slug":"kombine-acik-agiz-anahtar-seti-8-parca-cok-amacli-kullanim","status":"publish","type":"product","link":"https:\/\/www.hediyepazar.com\/?product=kombine-acik-agiz-anahtar-seti-8-parca-cok-amacli-kullanim","title":{"rendered":"Kombine A\u00e7\u0131k A\u011f\u0131z Anahtar Seti 8 Par\u00e7a \u00c7ok Ama\u00e7l\u0131 Kullan\u0131m"},"content":{"rendered":"<p>Kombine anahtar seti, evde yap\u0131lan basit tamir i\u015flerinden at\u00f6lye ortam\u0131ndaki daha yo\u011fun kullan\u0131mlara kadar geni\u015f bir kullan\u0131m alan\u0131 sunmak \u00fczere tasarlanm\u0131\u015ft\u0131r. A\u00e7\u0131k a\u011f\u0131z anahtar tipi sayesinde, vida ve ba\u011flant\u0131 noktalar\u0131na h\u0131zl\u0131 ve pratik \u015fekilde eri\u015fim sa\u011flar. Anahtar\u0131n kilide kolayca tak\u0131l\u0131p \u00e7\u0131kar\u0131labilmesi, \u00f6zellikle dar alanlarda \u00e7al\u0131\u015f\u0131rken b\u00fcy\u00fck avantaj sunar.Set i\u00e7erisinde yer alan 8 farkl\u0131 \u00f6l\u00e7\u00fc, farkl\u0131 kap\u0131, kilit ve ba\u011flant\u0131 elemanlar\u0131yla uyumlu \u00e7al\u0131\u015facak \u015fekilde haz\u0131rlanm\u0131\u015ft\u0131r. Bu sayede tek bir set ile bir\u00e7ok farkl\u0131 ihtiyac\u0131 kar\u015f\u0131lamak m\u00fcmk\u00fcn olur. Farkl\u0131 boyutlardaki anahtarlar, hem hassas hem de daha g\u00fc\u00e7l\u00fc s\u0131kma i\u015flemlerinde esneklik sa\u011flar.Dayan\u0131kl\u0131 metal yap\u0131s\u0131 sayesinde uzun s\u00fcreli kullan\u0131m i\u00e7in uygundur. S\u0131k kullan\u0131mda bile formunu koruyan sa\u011flam g\u00f6vde yap\u0131s\u0131, anahtarlar\u0131n performans\u0131n\u0131 uzun s\u00fcre muhafaza etmesine yard\u0131mc\u0131 olur. Elinize rahat oturan tasar\u0131m\u0131, kullan\u0131m s\u0131ras\u0131nda kontroll\u00fc ve g\u00fcvenli bir \u00e7al\u0131\u015fma deneyimi sunar.Ev kullan\u0131c\u0131lar\u0131 i\u00e7in g\u00fcnl\u00fck tamir ve bak\u0131m i\u015flerinde pratik bir \u00e7\u00f6z\u00fcm sunarken, profesyonel kullan\u0131c\u0131lar i\u00e7in de g\u00fcvenilir bir yard\u0131mc\u0131d\u0131r. Kap\u0131 ayarlar\u0131, kilit montajlar\u0131, mobilya ba\u011flant\u0131lar\u0131 ve genel mekanik i\u015fler i\u00e7in ideal bir tercihtir. D\u00fczenli ve kompakt yap\u0131s\u0131 sayesinde kolayca saklanabilir ve ihtiya\u00e7 duyuldu\u011funda h\u0131zl\u0131ca eri\u015filebilir.<\/p>\n","protected":false},"excerpt":{"rendered":"<p>Kombine anahtar seti, evde yap\u0131lan basit tamir i\u015flerinden at\u00f6lye ortam\u0131ndaki daha yo\u011fun kullan\u0131mlara kadar geni\u015f bir kullan\u0131m alan\u0131 sunmak \u00fczere tasarlanm\u0131\u015ft\u0131r. A\u00e7\u0131k a\u011f\u0131z anahtar tipi sayesinde, vida ve ba\u011flant\u0131 noktalar\u0131na h\u0131zl\u0131 ve pratik \u015fekilde eri\u015fim sa\u011flar. Anahtar\u0131n kilide kolayca tak\u0131l\u0131p \u00e7\u0131kar\u0131labilmesi, \u00f6zellikle dar alanlarda \u00e7al\u0131\u015f\u0131rken b\u00fcy\u00fck avantaj sunar.Set i\u00e7erisinde yer alan 8 farkl\u0131 \u00f6l\u00e7\u00fc, farkl\u0131&#8230;<\/p>\n","protected":false},"featured_media":128853,"comment_status":"open","ping_status":"closed","template":"","meta":{"_kad_post_transparent":"","_kad_post_title":"","_kad_post_layout":"","_kad_post_sidebar_id":"","_kad_post_content_style":"","_kad_post_vertical_padding":"","_kad_post_feature":"","_kad_post_feature_position":"","_kad_post_header":false,"_kad_post_footer":false,"_kad_post_classname":""},"product_brand":[],"product_cat":[15274],"product_tag":[],"class_list":{"0":"post-128854","1":"product","2":"type-product","3":"status-publish","4":"has-post-thumbnail","6":"product_cat-kapi-hirdavati-hirdavat-banyo-yapi-hirdavat-kapi-hirdavati","8":"first","9":"instock","10":"purchasable","11":"product-type-simple","12":"entry","13":"content-bg","14":"loop-entry"},"_links":{"self":[{"href":"https:\/\/www.hediyepazar.com\/index.php?rest_route=\/wp\/v2\/product\/128854","targetHints":{"allow":["GET"]}}],"collection":[{"href":"https:\/\/www.hediyepazar.com\/index.php?rest_route=\/wp\/v2\/product"}],"about":[{"href":"https:\/\/www.hediyepazar.com\/index.php?rest_route=\/wp\/v2\/types\/product"}],"replies":[{"embeddable":true,"href":"https:\/\/www.hediyepazar.com\/index.php?rest_route=%2Fwp%2Fv2%2Fcomments&post=128854"}],"wp:featuredmedia":[{"embeddable":true,"href":"https:\/\/www.hediyepazar.com\/index.php?rest_route=\/wp\/v2\/media\/128853"}],"wp:attachment":[{"href":"https:\/\/www.hediyepazar.com\/index.php?rest_route=%2Fwp%2Fv2%2Fmedia&parent=128854"}],"wp:term":[{"taxonomy":"product_brand","embeddable":true,"href":"https:\/\/www.hediyepazar.com\/index.php?rest_route=%2Fwp%2Fv2%2Fproduct_brand&post=128854"},{"taxonomy":"product_cat","embeddable":true,"href":"https:\/\/www.hediyepazar.com\/index.php?rest_route=%2Fwp%2Fv2%2Fproduct_cat&post=128854"},{"taxonomy":"product_tag","embeddable":true,"href":"https:\/\/www.hediyepazar.com\/index.php?rest_route=%2Fwp%2Fv2%2Fproduct_tag&post=128854"}],"curies":[{"name":"wp","href":"https:\/\/api.w.org\/{rel}","templated":true}]}}