{"id":128858,"date":"2026-05-07T02:56:04","date_gmt":"2026-05-07T05:56:04","guid":{"rendered":"https:\/\/www.hediyepazar.com\/?product=elektronik-cihazlar-icin-akim-korumali-3-prizli-usbli-kup-priz"},"modified":"2026-05-07T02:56:04","modified_gmt":"2026-05-07T05:56:04","slug":"elektronik-cihazlar-icin-akim-korumali-3-prizli-usbli-kup-priz","status":"publish","type":"product","link":"https:\/\/www.hediyepazar.com\/?product=elektronik-cihazlar-icin-akim-korumali-3-prizli-usbli-kup-priz","title":{"rendered":"Elektronik Cihazlar \u0130\u00e7in Ak\u0131m Korumal\u0131 3 Prizli USB\u2019li K\u00fcp Priz"},"content":{"rendered":"<p>Bu \u00e7ok fonksiyonlu ak\u0131m korumal\u0131 priz, elektronik cihazlar\u0131n\u0131z\u0131 g\u00fcvenle kullanabilmeniz i\u00e7in tasarlanm\u0131\u015ft\u0131r. Y\u00fcksek kaliteli ABS malzeme kullan\u0131m\u0131, \u00fcr\u00fcne sa\u011flaml\u0131k ve uzun \u00f6m\u00fcr kazand\u0131r\u0131r. Is\u0131ya dayan\u0131kl\u0131 yap\u0131s\u0131 sayesinde g\u00fcvenli bir kullan\u0131m sunar.3 adet priz giri\u015fi ile ayn\u0131 anda bir\u00e7ok cihaz\u0131 \u00e7al\u0131\u015ft\u0131rabilir, 3 adet USB-A giri\u015fi sayesinde mobil cihazlar\u0131n\u0131z\u0131 adapt\u00f6re ihtiya\u00e7 duymadan \u015farj edebilirsiniz. Bu \u00f6zellik hem zamandan tasarruf sa\u011flar hem de ya\u015fam alanlar\u0131n\u0131zda kablo karma\u015fas\u0131n\u0131 azalt\u0131r.Ak\u0131m koruma sistemi, y\u00fcksek ak\u0131m, y\u00fcksek voltaj ve k\u0131sa devre gibi durumlara kar\u015f\u0131 elektronik cihazlar\u0131n\u0131z\u0131 korur. Bu sayede cihazlar\u0131n\u0131z\u0131n \u00f6mr\u00fc uzar ve g\u00fcvenli kullan\u0131m sa\u011flan\u0131r. Ev ve ofis ortamlar\u0131nda enerji y\u00f6netimini daha kontroll\u00fc hale getirir.K\u00fcp tasar\u0131m\u0131, hem estetik hem de fonksiyonel bir kullan\u0131m sunar. Duvara tak\u0131ld\u0131\u011f\u0131nda dengeli durur ve yer kaplamaz. Kolay kurulumu sayesinde teknik bilgi gerektirmez. Elektronik cihazlar\u0131n\u0131z\u0131 korumak ve \u015farj ihtiya\u00e7lar\u0131n\u0131z\u0131 tek noktadan kar\u015f\u0131lamak isteyenler i\u00e7in ideal bir \u00e7\u00f6z\u00fcmd\u00fcr.<\/p>\n","protected":false},"excerpt":{"rendered":"<p>Bu \u00e7ok fonksiyonlu ak\u0131m korumal\u0131 priz, elektronik cihazlar\u0131n\u0131z\u0131 g\u00fcvenle kullanabilmeniz i\u00e7in tasarlanm\u0131\u015ft\u0131r. Y\u00fcksek kaliteli ABS malzeme kullan\u0131m\u0131, \u00fcr\u00fcne sa\u011flaml\u0131k ve uzun \u00f6m\u00fcr kazand\u0131r\u0131r. Is\u0131ya dayan\u0131kl\u0131 yap\u0131s\u0131 sayesinde g\u00fcvenli bir kullan\u0131m sunar.3 adet priz giri\u015fi ile ayn\u0131 anda bir\u00e7ok cihaz\u0131 \u00e7al\u0131\u015ft\u0131rabilir, 3 adet USB-A giri\u015fi sayesinde mobil cihazlar\u0131n\u0131z\u0131 adapt\u00f6re ihtiya\u00e7 duymadan \u015farj edebilirsiniz. Bu \u00f6zellik hem&#8230;<\/p>\n","protected":false},"featured_media":128857,"comment_status":"open","ping_status":"closed","template":"","meta":{"_kad_post_transparent":"","_kad_post_title":"","_kad_post_layout":"","_kad_post_sidebar_id":"","_kad_post_content_style":"","_kad_post_vertical_padding":"","_kad_post_feature":"","_kad_post_feature_position":"","_kad_post_header":false,"_kad_post_footer":false,"_kad_post_classname":""},"product_brand":[],"product_cat":[15319],"product_tag":[],"class_list":{"0":"post-128858","1":"product","2":"type-product","3":"status-publish","4":"has-post-thumbnail","6":"product_cat-grup-priz-uzatma-kablosu-elektrik-tesisat-malzemesi-banyo-yapi-hirdavat-grup-priz-uzatma-kablosu","8":"first","9":"instock","10":"purchasable","11":"product-type-simple","12":"entry","13":"content-bg","14":"loop-entry"},"_links":{"self":[{"href":"https:\/\/www.hediyepazar.com\/index.php?rest_route=\/wp\/v2\/product\/128858","targetHints":{"allow":["GET"]}}],"collection":[{"href":"https:\/\/www.hediyepazar.com\/index.php?rest_route=\/wp\/v2\/product"}],"about":[{"href":"https:\/\/www.hediyepazar.com\/index.php?rest_route=\/wp\/v2\/types\/product"}],"replies":[{"embeddable":true,"href":"https:\/\/www.hediyepazar.com\/index.php?rest_route=%2Fwp%2Fv2%2Fcomments&post=128858"}],"wp:featuredmedia":[{"embeddable":true,"href":"https:\/\/www.hediyepazar.com\/index.php?rest_route=\/wp\/v2\/media\/128857"}],"wp:attachment":[{"href":"https:\/\/www.hediyepazar.com\/index.php?rest_route=%2Fwp%2Fv2%2Fmedia&parent=128858"}],"wp:term":[{"taxonomy":"product_brand","embeddable":true,"href":"https:\/\/www.hediyepazar.com\/index.php?rest_route=%2Fwp%2Fv2%2Fproduct_brand&post=128858"},{"taxonomy":"product_cat","embeddable":true,"href":"https:\/\/www.hediyepazar.com\/index.php?rest_route=%2Fwp%2Fv2%2Fproduct_cat&post=128858"},{"taxonomy":"product_tag","embeddable":true,"href":"https:\/\/www.hediyepazar.com\/index.php?rest_route=%2Fwp%2Fv2%2Fproduct_tag&post=128858"}],"curies":[{"name":"wp","href":"https:\/\/api.w.org\/{rel}","templated":true}]}}