{"id":128890,"date":"2026-05-07T03:00:20","date_gmt":"2026-05-07T06:00:20","guid":{"rendered":"https:\/\/www.hediyepazar.com\/?product=aletsiz-montaj-vakumlu-yapiskanli-aski-aparati"},"modified":"2026-05-07T03:00:20","modified_gmt":"2026-05-07T06:00:20","slug":"aletsiz-montaj-vakumlu-yapiskanli-aski-aparati","status":"publish","type":"product","link":"https:\/\/www.hediyepazar.com\/?product=aletsiz-montaj-vakumlu-yapiskanli-aski-aparati","title":{"rendered":"Aletsiz Montaj Vakumlu Yap\u0131\u015fkanl\u0131 Ask\u0131 Aparat\u0131"},"content":{"rendered":"<p>Vakumlu duvar ask\u0131l\u0131\u011f\u0131, mutfak ve banyolarda d\u00fczeni korumak i\u00e7in pratik ve estetik bir \u00e7\u00f6z\u00fcm sunar. Be\u015f b\u00f6lmeli ask\u0131 yap\u0131s\u0131 sayesinde birden fazla e\u015fyay\u0131 ayn\u0131 anda d\u00fczenli \u015fekilde asman\u0131za imk\u00e2n tan\u0131r. G\u00fcnl\u00fck kullan\u0131mda da\u011f\u0131n\u0131kl\u0131\u011f\u0131 azaltarak ya\u015fam alanlar\u0131n\u0131 daha kullan\u0131\u015fl\u0131 hale getirir.\u00c7evirerek vakumlama \u00f6zelli\u011fi, ask\u0131l\u0131\u011f\u0131n y\u00fczeye g\u00fc\u00e7l\u00fc \u015fekilde tutunmas\u0131n\u0131 sa\u011flar. Yap\u0131\u015fkanl\u0131 destek sistemi, ek sabitleme avantaj\u0131 sunarak kullan\u0131m s\u0131ras\u0131nda kayma riskini azalt\u0131r. Fayans, cam ve parlak y\u00fczeylerde g\u00fcvenle kullan\u0131labilir. Alet gerektirmeyen montaj sistemi sayesinde kurulum s\u00fcreci zahmetsizdir.\u015eeffaf orta tasar\u0131m, \u00fcr\u00fcn\u00fc g\u00f6rsel olarak hafif g\u00f6sterir ve alan\u0131n ferahl\u0131\u011f\u0131n\u0131 korur. Suya ve buhara dayan\u0131kl\u0131 yap\u0131s\u0131, \u00fcr\u00fcn\u00fc nemli ortamlarda kullan\u0131ma uygun hale getirir. Uzun s\u00fcreli kullan\u0131mda performans\u0131n\u0131 koruyarak dayan\u0131kl\u0131l\u0131k sa\u011flar.Mutfakta d\u00fczenleyici olarak kullan\u0131labildi\u011fi gibi banyoda da fonksiyonel bir ask\u0131l\u0131k g\u00f6revi g\u00f6r\u00fcr. E\u015fyalar\u0131n kolay eri\u015filebilir olmas\u0131na yard\u0131mc\u0131 olur. Vakumlu ve yap\u0131\u015fkanl\u0131 ask\u0131l\u0131k, sade tasar\u0131m\u0131 ve i\u015flevsel yap\u0131s\u0131yla ev d\u00fczenini destekleyen pratik bir \u00fcr\u00fcnd\u00fcr.<\/p>\n","protected":false},"excerpt":{"rendered":"<p>Vakumlu duvar ask\u0131l\u0131\u011f\u0131, mutfak ve banyolarda d\u00fczeni korumak i\u00e7in pratik ve estetik bir \u00e7\u00f6z\u00fcm sunar. Be\u015f b\u00f6lmeli ask\u0131 yap\u0131s\u0131 sayesinde birden fazla e\u015fyay\u0131 ayn\u0131 anda d\u00fczenli \u015fekilde asman\u0131za imk\u00e2n tan\u0131r. G\u00fcnl\u00fck kullan\u0131mda da\u011f\u0131n\u0131kl\u0131\u011f\u0131 azaltarak ya\u015fam alanlar\u0131n\u0131 daha kullan\u0131\u015fl\u0131 hale getirir.\u00c7evirerek vakumlama \u00f6zelli\u011fi, ask\u0131l\u0131\u011f\u0131n y\u00fczeye g\u00fc\u00e7l\u00fc \u015fekilde tutunmas\u0131n\u0131 sa\u011flar. Yap\u0131\u015fkanl\u0131 destek sistemi, ek sabitleme avantaj\u0131 sunarak&#8230;<\/p>\n","protected":false},"featured_media":128889,"comment_status":"open","ping_status":"closed","template":"","meta":{"_kad_post_transparent":"","_kad_post_title":"","_kad_post_layout":"","_kad_post_sidebar_id":"","_kad_post_content_style":"","_kad_post_vertical_padding":"","_kad_post_feature":"","_kad_post_feature_position":"","_kad_post_header":false,"_kad_post_footer":false,"_kad_post_classname":""},"product_brand":[],"product_cat":[15321],"product_tag":[],"class_list":{"0":"post-128890","1":"product","2":"type-product","3":"status-publish","4":"has-post-thumbnail","6":"product_cat-askilik-askilik","8":"first","9":"instock","10":"purchasable","11":"product-type-simple","12":"entry","13":"content-bg","14":"loop-entry"},"_links":{"self":[{"href":"https:\/\/www.hediyepazar.com\/index.php?rest_route=\/wp\/v2\/product\/128890","targetHints":{"allow":["GET"]}}],"collection":[{"href":"https:\/\/www.hediyepazar.com\/index.php?rest_route=\/wp\/v2\/product"}],"about":[{"href":"https:\/\/www.hediyepazar.com\/index.php?rest_route=\/wp\/v2\/types\/product"}],"replies":[{"embeddable":true,"href":"https:\/\/www.hediyepazar.com\/index.php?rest_route=%2Fwp%2Fv2%2Fcomments&post=128890"}],"wp:featuredmedia":[{"embeddable":true,"href":"https:\/\/www.hediyepazar.com\/index.php?rest_route=\/wp\/v2\/media\/128889"}],"wp:attachment":[{"href":"https:\/\/www.hediyepazar.com\/index.php?rest_route=%2Fwp%2Fv2%2Fmedia&parent=128890"}],"wp:term":[{"taxonomy":"product_brand","embeddable":true,"href":"https:\/\/www.hediyepazar.com\/index.php?rest_route=%2Fwp%2Fv2%2Fproduct_brand&post=128890"},{"taxonomy":"product_cat","embeddable":true,"href":"https:\/\/www.hediyepazar.com\/index.php?rest_route=%2Fwp%2Fv2%2Fproduct_cat&post=128890"},{"taxonomy":"product_tag","embeddable":true,"href":"https:\/\/www.hediyepazar.com\/index.php?rest_route=%2Fwp%2Fv2%2Fproduct_tag&post=128890"}],"curies":[{"name":"wp","href":"https:\/\/api.w.org\/{rel}","templated":true}]}}