{"id":128894,"date":"2026-05-07T03:01:10","date_gmt":"2026-05-07T06:01:10","guid":{"rendered":"https:\/\/www.hediyepazar.com\/?product=mutfak-ve-banyo-askiligi-vakumlu-yapiskanli-5-aski-bolmeli"},"modified":"2026-05-07T03:01:10","modified_gmt":"2026-05-07T06:01:10","slug":"mutfak-ve-banyo-askiligi-vakumlu-yapiskanli-5-aski-bolmeli","status":"publish","type":"product","link":"https:\/\/www.hediyepazar.com\/?product=mutfak-ve-banyo-askiligi-vakumlu-yapiskanli-5-aski-bolmeli","title":{"rendered":"Mutfak ve Banyo Ask\u0131l\u0131\u011f\u0131 Vakumlu Yap\u0131\u015fkanl\u0131 5 Ask\u0131 B\u00f6lmeli"},"content":{"rendered":"<p>Vakumlu ask\u0131l\u0131k, mutfak ve banyo alanlar\u0131nda d\u00fczen sa\u011flamak i\u00e7in tasarlanm\u0131\u015f pratik bir duvar aksesuar\u0131d\u0131r. Be\u015f ask\u0131 b\u00f6lmesi sayesinde farkl\u0131 e\u015fyalar\u0131 ayn\u0131 anda asman\u0131za olanak tan\u0131r. G\u00fcnl\u00fck kullan\u0131lan \u00fcr\u00fcnlerin el alt\u0131nda ve d\u00fczenli \u015fekilde saklanmas\u0131na yard\u0131mc\u0131 olur.Sa\u011f ve sol u\u00e7larda bulunan \u00e7evirerek vakumlama ve yap\u0131\u015fkanl\u0131 sabitleme sistemi, \u00fcr\u00fcn\u00fc farkl\u0131 y\u00fczeylere g\u00fcvenli \u015fekilde monte etmeyi m\u00fcmk\u00fcn k\u0131lar. Fayans, cam ve parlak y\u00fczeylerde g\u00fc\u00e7l\u00fc tutunma sa\u011flar. Alet gerektirmeyen montaj yap\u0131s\u0131, kurulum s\u00fcrecini son derece kolay hale getirir.\u015eeffaf orta b\u00f6l\u00fcm tasar\u0131m\u0131, modern ve sade bir g\u00f6r\u00fcn\u00fcm sunarak her dekorasyon stiline uyum sa\u011flar. Suya ve buhara dayan\u0131kl\u0131 yap\u0131s\u0131, \u00f6zellikle banyo ortamlar\u0131nda uzun s\u00fcreli kullan\u0131m avantaj\u0131 sunar.Mutfakta bez, s\u00fcnger ve k\u00fc\u00e7\u00fck mutfak gere\u00e7leri i\u00e7in; banyoda ise havlu, lif ve bak\u0131m aksesuarlar\u0131 i\u00e7in ideal bir \u00e7\u00f6z\u00fcmd\u00fcr. Alan\u0131 daha verimli kullanman\u0131za yard\u0131mc\u0131 olur.Vakumlu ve yap\u0131\u015fkanl\u0131 ask\u0131l\u0131k, pratik montaj\u0131, dayan\u0131kl\u0131 yap\u0131s\u0131 ve \u00e7ok y\u00f6nl\u00fc kullan\u0131m\u0131 ile ev d\u00fczenini destekleyen i\u015flevsel bir \u00fcr\u00fcnd\u00fcr.<\/p>\n","protected":false},"excerpt":{"rendered":"<p>Vakumlu ask\u0131l\u0131k, mutfak ve banyo alanlar\u0131nda d\u00fczen sa\u011flamak i\u00e7in tasarlanm\u0131\u015f pratik bir duvar aksesuar\u0131d\u0131r. Be\u015f ask\u0131 b\u00f6lmesi sayesinde farkl\u0131 e\u015fyalar\u0131 ayn\u0131 anda asman\u0131za olanak tan\u0131r. G\u00fcnl\u00fck kullan\u0131lan \u00fcr\u00fcnlerin el alt\u0131nda ve d\u00fczenli \u015fekilde saklanmas\u0131na yard\u0131mc\u0131 olur.Sa\u011f ve sol u\u00e7larda bulunan \u00e7evirerek vakumlama ve yap\u0131\u015fkanl\u0131 sabitleme sistemi, \u00fcr\u00fcn\u00fc farkl\u0131 y\u00fczeylere g\u00fcvenli \u015fekilde monte etmeyi m\u00fcmk\u00fcn k\u0131lar&#8230;.<\/p>\n","protected":false},"featured_media":128893,"comment_status":"open","ping_status":"closed","template":"","meta":{"_kad_post_transparent":"","_kad_post_title":"","_kad_post_layout":"","_kad_post_sidebar_id":"","_kad_post_content_style":"","_kad_post_vertical_padding":"","_kad_post_feature":"","_kad_post_feature_position":"","_kad_post_header":false,"_kad_post_footer":false,"_kad_post_classname":""},"product_brand":[],"product_cat":[15321],"product_tag":[],"class_list":{"0":"post-128894","1":"product","2":"type-product","3":"status-publish","4":"has-post-thumbnail","6":"product_cat-askilik-askilik","8":"first","9":"instock","10":"purchasable","11":"product-type-simple","12":"entry","13":"content-bg","14":"loop-entry"},"_links":{"self":[{"href":"https:\/\/www.hediyepazar.com\/index.php?rest_route=\/wp\/v2\/product\/128894","targetHints":{"allow":["GET"]}}],"collection":[{"href":"https:\/\/www.hediyepazar.com\/index.php?rest_route=\/wp\/v2\/product"}],"about":[{"href":"https:\/\/www.hediyepazar.com\/index.php?rest_route=\/wp\/v2\/types\/product"}],"replies":[{"embeddable":true,"href":"https:\/\/www.hediyepazar.com\/index.php?rest_route=%2Fwp%2Fv2%2Fcomments&post=128894"}],"wp:featuredmedia":[{"embeddable":true,"href":"https:\/\/www.hediyepazar.com\/index.php?rest_route=\/wp\/v2\/media\/128893"}],"wp:attachment":[{"href":"https:\/\/www.hediyepazar.com\/index.php?rest_route=%2Fwp%2Fv2%2Fmedia&parent=128894"}],"wp:term":[{"taxonomy":"product_brand","embeddable":true,"href":"https:\/\/www.hediyepazar.com\/index.php?rest_route=%2Fwp%2Fv2%2Fproduct_brand&post=128894"},{"taxonomy":"product_cat","embeddable":true,"href":"https:\/\/www.hediyepazar.com\/index.php?rest_route=%2Fwp%2Fv2%2Fproduct_cat&post=128894"},{"taxonomy":"product_tag","embeddable":true,"href":"https:\/\/www.hediyepazar.com\/index.php?rest_route=%2Fwp%2Fv2%2Fproduct_tag&post=128894"}],"curies":[{"name":"wp","href":"https:\/\/api.w.org\/{rel}","templated":true}]}}