{"id":128900,"date":"2026-05-07T03:02:01","date_gmt":"2026-05-07T06:02:01","guid":{"rendered":"https:\/\/www.hediyepazar.com\/?product=ev-ve-spor-ayakkabilari-icin-akilli-kurutucu"},"modified":"2026-05-07T03:02:01","modified_gmt":"2026-05-07T06:02:01","slug":"ev-ve-spor-ayakkabilari-icin-akilli-kurutucu","status":"publish","type":"product","link":"https:\/\/www.hediyepazar.com\/?product=ev-ve-spor-ayakkabilari-icin-akilli-kurutucu","title":{"rendered":"Ev ve Spor Ayakkab\u0131lar\u0131 \u0130\u00e7in Ak\u0131ll\u0131 Kurutucu"},"content":{"rendered":"<p>Ayakkab\u0131 kurutma cihaz\u0131, yo\u011fun kullan\u0131m sonras\u0131 ayakkab\u0131larda olu\u015fan nem problemlerine \u00e7\u00f6z\u00fcm sunar. Is\u0131 kontroll\u00fc yap\u0131s\u0131 sayesinde ayakkab\u0131 i\u00e7 y\u00fczeyini nazik\u00e7e kurutur. G\u00fcnl\u00fck ya\u015famda hijyenik ve konforlu bir kullan\u0131m sa\u011flar.48 dereceye kadar ayarlanm\u0131\u015f ideal s\u0131cakl\u0131k seviyesi, ayakkab\u0131lar\u0131n k\u0131sa s\u00fcrede kurumas\u0131na yard\u0131mc\u0131 olurken yap\u0131sal zarar riskini azalt\u0131r. Dengeli \u0131s\u0131 da\u011f\u0131l\u0131m\u0131, ayakkab\u0131n\u0131n her noktas\u0131na e\u015fit etki eder.Minimal ve modern tasar\u0131m\u0131, \u00fcr\u00fcn\u00fc kullan\u0131m a\u00e7\u0131s\u0131ndan pratik hale getirir. Evde veya farkl\u0131 mekanlarda rahatl\u0131kla tercih edilebilir. Spor ayakkab\u0131lar\u0131ndan g\u00fcnl\u00fck ayakkab\u0131lara kadar geni\u015f bir kullan\u0131m alan\u0131na sahiptir.Ayakkab\u0131 bak\u0131m\u0131na \u00f6nem verenler i\u00e7in ideal bir yard\u0131mc\u0131d\u0131r. D\u00fczenli kullan\u0131mda ayakkab\u0131lar\u0131n daha uzun s\u00fcre temiz ve kuru kalmas\u0131na katk\u0131da bulunur.<\/p>\n","protected":false},"excerpt":{"rendered":"<p>Ayakkab\u0131 kurutma cihaz\u0131, yo\u011fun kullan\u0131m sonras\u0131 ayakkab\u0131larda olu\u015fan nem problemlerine \u00e7\u00f6z\u00fcm sunar. Is\u0131 kontroll\u00fc yap\u0131s\u0131 sayesinde ayakkab\u0131 i\u00e7 y\u00fczeyini nazik\u00e7e kurutur. G\u00fcnl\u00fck ya\u015famda hijyenik ve konforlu bir kullan\u0131m sa\u011flar.48 dereceye kadar ayarlanm\u0131\u015f ideal s\u0131cakl\u0131k seviyesi, ayakkab\u0131lar\u0131n k\u0131sa s\u00fcrede kurumas\u0131na yard\u0131mc\u0131 olurken yap\u0131sal zarar riskini azalt\u0131r. Dengeli \u0131s\u0131 da\u011f\u0131l\u0131m\u0131, ayakkab\u0131n\u0131n her noktas\u0131na e\u015fit etki eder.Minimal ve&#8230;<\/p>\n","protected":false},"featured_media":128899,"comment_status":"open","ping_status":"closed","template":"","meta":{"_kad_post_transparent":"","_kad_post_title":"","_kad_post_layout":"","_kad_post_sidebar_id":"","_kad_post_content_style":"","_kad_post_vertical_padding":"","_kad_post_feature":"","_kad_post_feature_position":"","_kad_post_header":false,"_kad_post_footer":false,"_kad_post_classname":""},"product_brand":[],"product_cat":[15323],"product_tag":[],"class_list":{"0":"post-128900","1":"product","2":"type-product","3":"status-publish","4":"has-post-thumbnail","6":"product_cat-ayakkabi-kurutucu-ayakkabi-kurutucu","8":"first","9":"instock","10":"purchasable","11":"product-type-simple","12":"entry","13":"content-bg","14":"loop-entry"},"_links":{"self":[{"href":"https:\/\/www.hediyepazar.com\/index.php?rest_route=\/wp\/v2\/product\/128900","targetHints":{"allow":["GET"]}}],"collection":[{"href":"https:\/\/www.hediyepazar.com\/index.php?rest_route=\/wp\/v2\/product"}],"about":[{"href":"https:\/\/www.hediyepazar.com\/index.php?rest_route=\/wp\/v2\/types\/product"}],"replies":[{"embeddable":true,"href":"https:\/\/www.hediyepazar.com\/index.php?rest_route=%2Fwp%2Fv2%2Fcomments&post=128900"}],"wp:featuredmedia":[{"embeddable":true,"href":"https:\/\/www.hediyepazar.com\/index.php?rest_route=\/wp\/v2\/media\/128899"}],"wp:attachment":[{"href":"https:\/\/www.hediyepazar.com\/index.php?rest_route=%2Fwp%2Fv2%2Fmedia&parent=128900"}],"wp:term":[{"taxonomy":"product_brand","embeddable":true,"href":"https:\/\/www.hediyepazar.com\/index.php?rest_route=%2Fwp%2Fv2%2Fproduct_brand&post=128900"},{"taxonomy":"product_cat","embeddable":true,"href":"https:\/\/www.hediyepazar.com\/index.php?rest_route=%2Fwp%2Fv2%2Fproduct_cat&post=128900"},{"taxonomy":"product_tag","embeddable":true,"href":"https:\/\/www.hediyepazar.com\/index.php?rest_route=%2Fwp%2Fv2%2Fproduct_tag&post=128900"}],"curies":[{"name":"wp","href":"https:\/\/api.w.org\/{rel}","templated":true}]}}