{"id":128906,"date":"2026-05-07T03:02:17","date_gmt":"2026-05-07T06:02:17","guid":{"rendered":"https:\/\/www.hediyepazar.com\/?product=isi-ayarli-ayakkabi-kurutma-ve-havalandirma-cihazi"},"modified":"2026-05-07T03:02:17","modified_gmt":"2026-05-07T06:02:17","slug":"isi-ayarli-ayakkabi-kurutma-ve-havalandirma-cihazi","status":"publish","type":"product","link":"https:\/\/www.hediyepazar.com\/?product=isi-ayarli-ayakkabi-kurutma-ve-havalandirma-cihazi","title":{"rendered":"Is\u0131 Ayarl\u0131 Ayakkab\u0131 Kurutma ve Havaland\u0131rma Cihaz\u0131"},"content":{"rendered":"<p>Ak\u0131ll\u0131 ayakkab\u0131 kurutucu, ayakkab\u0131larda olu\u015fan nem ve k\u00f6t\u00fc koku problemlerine etkili bir \u00e7\u00f6z\u00fcm sunmak amac\u0131yla tasarlanm\u0131\u015ft\u0131r. Is\u0131 kontroll\u00fc \u00e7al\u0131\u015fma sistemi, ayakkab\u0131 i\u00e7 y\u00fczeyini nazik\u00e7e kurutarak deformasyon riskini azalt\u0131r. G\u00fcnl\u00fck kullan\u0131mda ayakkab\u0131lar\u0131n daha kuru ve ferah kalmas\u0131na yard\u0131mc\u0131 olur.48 dereceye kadar ula\u015fabilen dengeli \u0131s\u0131 seviyesi, h\u0131zl\u0131 ve g\u00fcvenli kurutma sa\u011flar. Ayakkab\u0131n\u0131n i\u00e7 k\u0131sm\u0131nda olu\u015fan nemi giderirken ayn\u0131 zamanda hava dola\u015f\u0131m\u0131n\u0131 destekler. Bu sayede ayakkab\u0131 i\u00e7inde olu\u015fabilecek istenmeyen kokular\u0131n \u00f6n\u00fcne ge\u00e7ilmesine katk\u0131da bulunur.Minimalist tasar\u0131m\u0131 sayesinde her ortamda rahatl\u0131kla kullan\u0131labilir. Evde, spor salonunda veya seyahatlerde pratik bir yard\u0131mc\u0131d\u0131r. Hafif yap\u0131s\u0131 ve kompakt boyutlar\u0131 ile ta\u015f\u0131mas\u0131 ve saklamas\u0131 son derece kolayd\u0131r.\u00c7ok ama\u00e7l\u0131 kullan\u0131m imkan\u0131 sunan bu kurutucu, spor ayakkab\u0131lar\u0131ndan g\u00fcnl\u00fck ayakkab\u0131lara kadar geni\u015f bir kullan\u0131m alan\u0131na sahiptir. Ayakkab\u0131 bak\u0131m\u0131n\u0131 zahmetsiz hale getirir ve g\u00fcnl\u00fck ya\u015famda konfor sa\u011flar. D\u00fczenli kullan\u0131mda ayakkab\u0131 hijyenine katk\u0131da bulunan fonksiyonel bir \u00fcr\u00fcnd\u00fcr.<\/p>\n","protected":false},"excerpt":{"rendered":"<p>Ak\u0131ll\u0131 ayakkab\u0131 kurutucu, ayakkab\u0131larda olu\u015fan nem ve k\u00f6t\u00fc koku problemlerine etkili bir \u00e7\u00f6z\u00fcm sunmak amac\u0131yla tasarlanm\u0131\u015ft\u0131r. Is\u0131 kontroll\u00fc \u00e7al\u0131\u015fma sistemi, ayakkab\u0131 i\u00e7 y\u00fczeyini nazik\u00e7e kurutarak deformasyon riskini azalt\u0131r. G\u00fcnl\u00fck kullan\u0131mda ayakkab\u0131lar\u0131n daha kuru ve ferah kalmas\u0131na yard\u0131mc\u0131 olur.48 dereceye kadar ula\u015fabilen dengeli \u0131s\u0131 seviyesi, h\u0131zl\u0131 ve g\u00fcvenli kurutma sa\u011flar. Ayakkab\u0131n\u0131n i\u00e7 k\u0131sm\u0131nda olu\u015fan nemi giderirken&#8230;<\/p>\n","protected":false},"featured_media":128905,"comment_status":"open","ping_status":"closed","template":"","meta":{"_kad_post_transparent":"","_kad_post_title":"","_kad_post_layout":"","_kad_post_sidebar_id":"","_kad_post_content_style":"","_kad_post_vertical_padding":"","_kad_post_feature":"","_kad_post_feature_position":"","_kad_post_header":false,"_kad_post_footer":false,"_kad_post_classname":""},"product_brand":[],"product_cat":[15323],"product_tag":[],"class_list":{"0":"post-128906","1":"product","2":"type-product","3":"status-publish","4":"has-post-thumbnail","6":"product_cat-ayakkabi-kurutucu-ayakkabi-kurutucu","8":"first","9":"instock","10":"purchasable","11":"product-type-simple","12":"entry","13":"content-bg","14":"loop-entry"},"_links":{"self":[{"href":"https:\/\/www.hediyepazar.com\/index.php?rest_route=\/wp\/v2\/product\/128906","targetHints":{"allow":["GET"]}}],"collection":[{"href":"https:\/\/www.hediyepazar.com\/index.php?rest_route=\/wp\/v2\/product"}],"about":[{"href":"https:\/\/www.hediyepazar.com\/index.php?rest_route=\/wp\/v2\/types\/product"}],"replies":[{"embeddable":true,"href":"https:\/\/www.hediyepazar.com\/index.php?rest_route=%2Fwp%2Fv2%2Fcomments&post=128906"}],"wp:featuredmedia":[{"embeddable":true,"href":"https:\/\/www.hediyepazar.com\/index.php?rest_route=\/wp\/v2\/media\/128905"}],"wp:attachment":[{"href":"https:\/\/www.hediyepazar.com\/index.php?rest_route=%2Fwp%2Fv2%2Fmedia&parent=128906"}],"wp:term":[{"taxonomy":"product_brand","embeddable":true,"href":"https:\/\/www.hediyepazar.com\/index.php?rest_route=%2Fwp%2Fv2%2Fproduct_brand&post=128906"},{"taxonomy":"product_cat","embeddable":true,"href":"https:\/\/www.hediyepazar.com\/index.php?rest_route=%2Fwp%2Fv2%2Fproduct_cat&post=128906"},{"taxonomy":"product_tag","embeddable":true,"href":"https:\/\/www.hediyepazar.com\/index.php?rest_route=%2Fwp%2Fv2%2Fproduct_tag&post=128906"}],"curies":[{"name":"wp","href":"https:\/\/api.w.org\/{rel}","templated":true}]}}