{"id":128908,"date":"2026-05-07T03:02:23","date_gmt":"2026-05-07T06:02:23","guid":{"rendered":"https:\/\/www.hediyepazar.com\/?product=akilli-ayakkabi-kurutucu-48-derece-isi-kontrollu"},"modified":"2026-05-07T03:02:23","modified_gmt":"2026-05-07T06:02:23","slug":"akilli-ayakkabi-kurutucu-48-derece-isi-kontrollu","status":"publish","type":"product","link":"https:\/\/www.hediyepazar.com\/?product=akilli-ayakkabi-kurutucu-48-derece-isi-kontrollu","title":{"rendered":"Ak\u0131ll\u0131 Ayakkab\u0131 Kurutucu 48 Derece Is\u0131 Kontroll\u00fc"},"content":{"rendered":"<p>Ayakkab\u0131 kurutma ve bak\u0131m ihtiyac\u0131n\u0131 pratik bir \u015fekilde kar\u015f\u0131lamak isteyenler i\u00e7in tasarlanan bu ak\u0131ll\u0131 ayakkab\u0131 kurutucu, g\u00fcnl\u00fck ya\u015famda b\u00fcy\u00fck kolayl\u0131k sa\u011flar. Is\u0131 kontroll\u00fc yap\u0131s\u0131 sayesinde ayakkab\u0131lar\u0131n i\u00e7 k\u0131sm\u0131nda biriken nemi dengeli \u015fekilde uzakla\u015ft\u0131rarak daha hijyenik bir kullan\u0131m sunar. \u00d6zellikle ya\u011f\u0131\u015fl\u0131 havalarda, spor sonras\u0131 veya yo\u011fun kullan\u0131mda ayakkab\u0131lar\u0131n k\u0131sa s\u00fcrede kurumas\u0131na yard\u0131mc\u0131 olur.Yakla\u015f\u0131k 48 dereceye kadar kontroll\u00fc \u0131s\u0131 sa\u011flayan sistem, ayakkab\u0131 formuna zarar vermeden etkili bir kurutma deneyimi sunar. Dengeli \u0131s\u0131 da\u011f\u0131l\u0131m\u0131 sayesinde ayakkab\u0131n\u0131n i\u00e7 y\u00fczeyine e\u015fit \u015fekilde etki eder ve nemin neden oldu\u011fu k\u00f6t\u00fc kokular\u0131n olu\u015fumunu azaltmaya yard\u0131mc\u0131 olur. Bu \u00f6zellik, ayakkab\u0131lar\u0131n daha uzun \u00f6m\u00fcrl\u00fc olmas\u0131na katk\u0131 sa\u011flar.Kompakt ve ergonomik tasar\u0131m\u0131 sayesinde evde, ofiste veya seyahatlerde rahatl\u0131kla kullan\u0131labilir. Hafif yap\u0131s\u0131, \u00fcr\u00fcn\u00fc ta\u015f\u0131nabilir hale getirirken yer kaplamadan saklama imkan\u0131 sunar. Kullan\u0131m\u0131 son derece basittir ve ekstra bir kurulum gerektirmez.Spor ayakkab\u0131lar\u0131, g\u00fcnl\u00fck ayakkab\u0131lar, botlar ve benzeri bir\u00e7ok ayakkab\u0131 t\u00fcr\u00fcyle uyumludur. D\u00fczenli kullan\u0131mda ayakkab\u0131 hijyenini destekler ve konforlu bir deneyim sunar. Pratik, fonksiyonel ve g\u00fcvenli bir \u00e7\u00f6z\u00fcm arayanlar i\u00e7in ideal bir ayakkab\u0131 bak\u0131m \u00fcr\u00fcn\u00fcd\u00fcr.<\/p>\n","protected":false},"excerpt":{"rendered":"<p>Ayakkab\u0131 kurutma ve bak\u0131m ihtiyac\u0131n\u0131 pratik bir \u015fekilde kar\u015f\u0131lamak isteyenler i\u00e7in tasarlanan bu ak\u0131ll\u0131 ayakkab\u0131 kurutucu, g\u00fcnl\u00fck ya\u015famda b\u00fcy\u00fck kolayl\u0131k sa\u011flar. Is\u0131 kontroll\u00fc yap\u0131s\u0131 sayesinde ayakkab\u0131lar\u0131n i\u00e7 k\u0131sm\u0131nda biriken nemi dengeli \u015fekilde uzakla\u015ft\u0131rarak daha hijyenik bir kullan\u0131m sunar. \u00d6zellikle ya\u011f\u0131\u015fl\u0131 havalarda, spor sonras\u0131 veya yo\u011fun kullan\u0131mda ayakkab\u0131lar\u0131n k\u0131sa s\u00fcrede kurumas\u0131na yard\u0131mc\u0131 olur.Yakla\u015f\u0131k 48 dereceye kadar&#8230;<\/p>\n","protected":false},"featured_media":128907,"comment_status":"open","ping_status":"closed","template":"","meta":{"_kad_post_transparent":"","_kad_post_title":"","_kad_post_layout":"","_kad_post_sidebar_id":"","_kad_post_content_style":"","_kad_post_vertical_padding":"","_kad_post_feature":"","_kad_post_feature_position":"","_kad_post_header":false,"_kad_post_footer":false,"_kad_post_classname":""},"product_brand":[],"product_cat":[15323],"product_tag":[],"class_list":{"0":"post-128908","1":"product","2":"type-product","3":"status-publish","4":"has-post-thumbnail","6":"product_cat-ayakkabi-kurutucu-ayakkabi-kurutucu","8":"first","9":"instock","10":"purchasable","11":"product-type-simple","12":"entry","13":"content-bg","14":"loop-entry"},"_links":{"self":[{"href":"https:\/\/www.hediyepazar.com\/index.php?rest_route=\/wp\/v2\/product\/128908","targetHints":{"allow":["GET"]}}],"collection":[{"href":"https:\/\/www.hediyepazar.com\/index.php?rest_route=\/wp\/v2\/product"}],"about":[{"href":"https:\/\/www.hediyepazar.com\/index.php?rest_route=\/wp\/v2\/types\/product"}],"replies":[{"embeddable":true,"href":"https:\/\/www.hediyepazar.com\/index.php?rest_route=%2Fwp%2Fv2%2Fcomments&post=128908"}],"wp:featuredmedia":[{"embeddable":true,"href":"https:\/\/www.hediyepazar.com\/index.php?rest_route=\/wp\/v2\/media\/128907"}],"wp:attachment":[{"href":"https:\/\/www.hediyepazar.com\/index.php?rest_route=%2Fwp%2Fv2%2Fmedia&parent=128908"}],"wp:term":[{"taxonomy":"product_brand","embeddable":true,"href":"https:\/\/www.hediyepazar.com\/index.php?rest_route=%2Fwp%2Fv2%2Fproduct_brand&post=128908"},{"taxonomy":"product_cat","embeddable":true,"href":"https:\/\/www.hediyepazar.com\/index.php?rest_route=%2Fwp%2Fv2%2Fproduct_cat&post=128908"},{"taxonomy":"product_tag","embeddable":true,"href":"https:\/\/www.hediyepazar.com\/index.php?rest_route=%2Fwp%2Fv2%2Fproduct_tag&post=128908"}],"curies":[{"name":"wp","href":"https:\/\/api.w.org\/{rel}","templated":true}]}}