{"id":128912,"date":"2026-05-07T03:04:10","date_gmt":"2026-05-07T06:04:10","guid":{"rendered":"https:\/\/www.hediyepazar.com\/?product=ev-ve-ofis-icin-akilli-coklu-priz-7-girisli"},"modified":"2026-05-07T03:04:10","modified_gmt":"2026-05-07T06:04:10","slug":"ev-ve-ofis-icin-akilli-coklu-priz-7-girisli","status":"publish","type":"product","link":"https:\/\/www.hediyepazar.com\/?product=ev-ve-ofis-icin-akilli-coklu-priz-7-girisli","title":{"rendered":"Ev ve Ofis \u0130\u00e7in Ak\u0131ll\u0131 \u00c7oklu Priz 7 Giri\u015fli"},"content":{"rendered":"<p>Bu ak\u0131ll\u0131 \u00e7oklu priz, fonksiyonel yap\u0131s\u0131 ile enerji y\u00f6netimini daha pratik hale getirir. 3 klasik priz ve 4 farkl\u0131 \u015farj portu ile ayn\u0131 anda bir\u00e7ok cihaz\u0131 g\u00fcvenle kullanabilirsiniz. Kablo karma\u015fas\u0131n\u0131 azaltarak daha d\u00fczenli bir alan olu\u015fturur.G\u00fc\u00e7l\u00fc ak\u0131m kontrol sistemi, cihazlar\u0131n zarar g\u00f6rmesini \u00f6nlerken stabil enerji ak\u0131\u015f\u0131 sa\u011flar. Termal koruma ve voltaj dengeleme \u00f6zellikleri, g\u00fcvenli\u011fi \u00fcst seviyeye ta\u015f\u0131r. Hassas elektronik \u00fcr\u00fcnler i\u00e7in ideal bir kullan\u0131m sunar.Anahtarl\u0131 tasar\u0131m\u0131 sayesinde tek dokunu\u015fla t\u00fcm prizleri kapatabilir veya a\u00e7abilirsiniz. Bu \u00f6zellik hem g\u00fcvenli hem de tasarruflu bir kullan\u0131m sa\u011flar. \u00d6zellikle yo\u011fun kullan\u0131m alanlar\u0131nda b\u00fcy\u00fck kolayl\u0131k sunar.Kompakt ve hafif yap\u0131s\u0131 sayesinde ta\u015f\u0131nabilirli\u011fi y\u00fcksektir. Evde, ofiste veya seyahatlerde rahatl\u0131kla kullan\u0131labilir. Modern ya\u015fam\u0131n ihtiya\u00e7lar\u0131na cevap veren pratik bir \u00fcr\u00fcnd\u00fcr.<\/p>\n","protected":false},"excerpt":{"rendered":"<p>Bu ak\u0131ll\u0131 \u00e7oklu priz, fonksiyonel yap\u0131s\u0131 ile enerji y\u00f6netimini daha pratik hale getirir. 3 klasik priz ve 4 farkl\u0131 \u015farj portu ile ayn\u0131 anda bir\u00e7ok cihaz\u0131 g\u00fcvenle kullanabilirsiniz. Kablo karma\u015fas\u0131n\u0131 azaltarak daha d\u00fczenli bir alan olu\u015fturur.G\u00fc\u00e7l\u00fc ak\u0131m kontrol sistemi, cihazlar\u0131n zarar g\u00f6rmesini \u00f6nlerken stabil enerji ak\u0131\u015f\u0131 sa\u011flar. Termal koruma ve voltaj dengeleme \u00f6zellikleri, g\u00fcvenli\u011fi \u00fcst&#8230;<\/p>\n","protected":false},"featured_media":128911,"comment_status":"open","ping_status":"closed","template":"","meta":{"_kad_post_transparent":"","_kad_post_title":"","_kad_post_layout":"","_kad_post_sidebar_id":"","_kad_post_content_style":"","_kad_post_vertical_padding":"","_kad_post_feature":"","_kad_post_feature_position":"","_kad_post_header":false,"_kad_post_footer":false,"_kad_post_classname":""},"product_brand":[],"product_cat":[15319],"product_tag":[],"class_list":{"0":"post-128912","1":"product","2":"type-product","3":"status-publish","4":"has-post-thumbnail","6":"product_cat-grup-priz-uzatma-kablosu-elektrik-tesisat-malzemesi-banyo-yapi-hirdavat-grup-priz-uzatma-kablosu","8":"first","9":"instock","10":"purchasable","11":"product-type-simple","12":"entry","13":"content-bg","14":"loop-entry"},"_links":{"self":[{"href":"https:\/\/www.hediyepazar.com\/index.php?rest_route=\/wp\/v2\/product\/128912","targetHints":{"allow":["GET"]}}],"collection":[{"href":"https:\/\/www.hediyepazar.com\/index.php?rest_route=\/wp\/v2\/product"}],"about":[{"href":"https:\/\/www.hediyepazar.com\/index.php?rest_route=\/wp\/v2\/types\/product"}],"replies":[{"embeddable":true,"href":"https:\/\/www.hediyepazar.com\/index.php?rest_route=%2Fwp%2Fv2%2Fcomments&post=128912"}],"wp:featuredmedia":[{"embeddable":true,"href":"https:\/\/www.hediyepazar.com\/index.php?rest_route=\/wp\/v2\/media\/128911"}],"wp:attachment":[{"href":"https:\/\/www.hediyepazar.com\/index.php?rest_route=%2Fwp%2Fv2%2Fmedia&parent=128912"}],"wp:term":[{"taxonomy":"product_brand","embeddable":true,"href":"https:\/\/www.hediyepazar.com\/index.php?rest_route=%2Fwp%2Fv2%2Fproduct_brand&post=128912"},{"taxonomy":"product_cat","embeddable":true,"href":"https:\/\/www.hediyepazar.com\/index.php?rest_route=%2Fwp%2Fv2%2Fproduct_cat&post=128912"},{"taxonomy":"product_tag","embeddable":true,"href":"https:\/\/www.hediyepazar.com\/index.php?rest_route=%2Fwp%2Fv2%2Fproduct_tag&post=128912"}],"curies":[{"name":"wp","href":"https:\/\/api.w.org\/{rel}","templated":true}]}}