{"id":128920,"date":"2026-05-07T03:05:14","date_gmt":"2026-05-07T06:05:14","guid":{"rendered":"https:\/\/www.hediyepazar.com\/?product=egitici-sifreli-cocuk-para-kasasi-dayanikli-metal"},"modified":"2026-05-07T03:05:14","modified_gmt":"2026-05-07T06:05:14","slug":"egitici-sifreli-cocuk-para-kasasi-dayanikli-metal","status":"publish","type":"product","link":"https:\/\/www.hediyepazar.com\/?product=egitici-sifreli-cocuk-para-kasasi-dayanikli-metal","title":{"rendered":"E\u011fitici \u015eifreli \u00c7ocuk Para Kasas\u0131 Dayan\u0131kl\u0131 Metal"},"content":{"rendered":"<p>Metal g\u00f6vdeli \u00e7ocuk para kasas\u0131, dayan\u0131kl\u0131l\u0131\u011f\u0131 ve g\u00fcvenli yap\u0131s\u0131yla uzun s\u00fcreli kullan\u0131m sunar. \u015eifreli kilit sistemi, \u00e7ocuklara \u00f6zel alan hissi kazand\u0131r\u0131rken anahtar kullan\u0131m\u0131na ihtiya\u00e7 duymaz.\u00c7ocuklar\u0131n para biriktirme s\u00fcrecini e\u011flenceli hale getirir ve tasarrufu al\u0131\u015fkanl\u0131\u011fa d\u00f6n\u00fc\u015ft\u00fcrmeye yard\u0131mc\u0131 olur. K\u00fc\u00e7\u00fck oyuncaklar, notlar ve \u00f6zel e\u015fyalar i\u00e7in de kullan\u0131labilir.\u015e\u0131k ve kompakt tasar\u0131m\u0131 sayesinde \u00e7ocuk odalar\u0131na uyum sa\u011flar. E\u011fitici ve anlaml\u0131 bir hediye alternatifi arayanlar i\u00e7in idealdir.<\/p>\n","protected":false},"excerpt":{"rendered":"<p>Metal g\u00f6vdeli \u00e7ocuk para kasas\u0131, dayan\u0131kl\u0131l\u0131\u011f\u0131 ve g\u00fcvenli yap\u0131s\u0131yla uzun s\u00fcreli kullan\u0131m sunar. \u015eifreli kilit sistemi, \u00e7ocuklara \u00f6zel alan hissi kazand\u0131r\u0131rken anahtar kullan\u0131m\u0131na ihtiya\u00e7 duymaz.\u00c7ocuklar\u0131n para biriktirme s\u00fcrecini e\u011flenceli hale getirir ve tasarrufu al\u0131\u015fkanl\u0131\u011fa d\u00f6n\u00fc\u015ft\u00fcrmeye yard\u0131mc\u0131 olur. K\u00fc\u00e7\u00fck oyuncaklar, notlar ve \u00f6zel e\u015fyalar i\u00e7in de kullan\u0131labilir.\u015e\u0131k ve kompakt tasar\u0131m\u0131 sayesinde \u00e7ocuk odalar\u0131na uyum sa\u011flar. E\u011fitici&#8230;<\/p>\n","protected":false},"featured_media":128919,"comment_status":"open","ping_status":"closed","template":"","meta":{"_kad_post_transparent":"","_kad_post_title":"","_kad_post_layout":"","_kad_post_sidebar_id":"","_kad_post_content_style":"","_kad_post_vertical_padding":"","_kad_post_feature":"","_kad_post_feature_position":"","_kad_post_header":false,"_kad_post_footer":false,"_kad_post_classname":""},"product_brand":[],"product_cat":[15329],"product_tag":[],"class_list":{"0":"post-128920","1":"product","2":"type-product","3":"status-publish","4":"has-post-thumbnail","6":"product_cat-kumbara-hediyelik-urunler-hobi-eglence-kumbara","8":"first","9":"instock","10":"purchasable","11":"product-type-simple","12":"entry","13":"content-bg","14":"loop-entry"},"_links":{"self":[{"href":"https:\/\/www.hediyepazar.com\/index.php?rest_route=\/wp\/v2\/product\/128920","targetHints":{"allow":["GET"]}}],"collection":[{"href":"https:\/\/www.hediyepazar.com\/index.php?rest_route=\/wp\/v2\/product"}],"about":[{"href":"https:\/\/www.hediyepazar.com\/index.php?rest_route=\/wp\/v2\/types\/product"}],"replies":[{"embeddable":true,"href":"https:\/\/www.hediyepazar.com\/index.php?rest_route=%2Fwp%2Fv2%2Fcomments&post=128920"}],"wp:featuredmedia":[{"embeddable":true,"href":"https:\/\/www.hediyepazar.com\/index.php?rest_route=\/wp\/v2\/media\/128919"}],"wp:attachment":[{"href":"https:\/\/www.hediyepazar.com\/index.php?rest_route=%2Fwp%2Fv2%2Fmedia&parent=128920"}],"wp:term":[{"taxonomy":"product_brand","embeddable":true,"href":"https:\/\/www.hediyepazar.com\/index.php?rest_route=%2Fwp%2Fv2%2Fproduct_brand&post=128920"},{"taxonomy":"product_cat","embeddable":true,"href":"https:\/\/www.hediyepazar.com\/index.php?rest_route=%2Fwp%2Fv2%2Fproduct_cat&post=128920"},{"taxonomy":"product_tag","embeddable":true,"href":"https:\/\/www.hediyepazar.com\/index.php?rest_route=%2Fwp%2Fv2%2Fproduct_tag&post=128920"}],"curies":[{"name":"wp","href":"https:\/\/api.w.org\/{rel}","templated":true}]}}