{"id":128922,"date":"2026-05-07T03:05:20","date_gmt":"2026-05-07T06:05:20","guid":{"rendered":"https:\/\/www.hediyepazar.com\/?product=sifreli-mini-cocuk-kasasi-metal-govde-guvenli-saklama"},"modified":"2026-05-07T03:05:20","modified_gmt":"2026-05-07T06:05:20","slug":"sifreli-mini-cocuk-kasasi-metal-govde-guvenli-saklama","status":"publish","type":"product","link":"https:\/\/www.hediyepazar.com\/?product=sifreli-mini-cocuk-kasasi-metal-govde-guvenli-saklama","title":{"rendered":"\u015eifreli Mini \u00c7ocuk Kasas\u0131 Metal G\u00f6vde G\u00fcvenli Saklama"},"content":{"rendered":"<p>Bu \u015fifreli mini \u00e7ocuk kasas\u0131, \u00e7ocuklar\u0131n kendi paralar\u0131n\u0131 ve \u00f6zel e\u015fyalar\u0131n\u0131 koruyabilmesi i\u00e7in tasarlanm\u0131\u015ft\u0131r. Sa\u011flam metal g\u00f6vdesi ile g\u00fcvenli saklama sunarken, hazine sand\u0131\u011f\u0131 hissiyle \u00e7ocuklar\u0131n ilgisini \u00e7eker.\u015eifreli kilidi kolayca ayarlanabilir ve \u00e7ocuklar\u0131n rahatl\u0131kla kullanabilece\u011fi yap\u0131dad\u0131r. Bu sayede \u00e7ocuklar sorumluluk almay\u0131 ve e\u015fyalar\u0131na sahip \u00e7\u0131kmay\u0131 \u00f6\u011frenir.Masa \u00fcst\u00fc, raf veya komodin \u00fczerinde kullan\u0131labilir. Hem e\u011fitici hem dekoratif olmas\u0131 sayesinde ebeveynlerin de tercih etti\u011fi bir \u00fcr\u00fcnd\u00fcr.<\/p>\n","protected":false},"excerpt":{"rendered":"<p>Bu \u015fifreli mini \u00e7ocuk kasas\u0131, \u00e7ocuklar\u0131n kendi paralar\u0131n\u0131 ve \u00f6zel e\u015fyalar\u0131n\u0131 koruyabilmesi i\u00e7in tasarlanm\u0131\u015ft\u0131r. Sa\u011flam metal g\u00f6vdesi ile g\u00fcvenli saklama sunarken, hazine sand\u0131\u011f\u0131 hissiyle \u00e7ocuklar\u0131n ilgisini \u00e7eker.\u015eifreli kilidi kolayca ayarlanabilir ve \u00e7ocuklar\u0131n rahatl\u0131kla kullanabilece\u011fi yap\u0131dad\u0131r. Bu sayede \u00e7ocuklar sorumluluk almay\u0131 ve e\u015fyalar\u0131na sahip \u00e7\u0131kmay\u0131 \u00f6\u011frenir.Masa \u00fcst\u00fc, raf veya komodin \u00fczerinde kullan\u0131labilir. Hem e\u011fitici hem dekoratif&#8230;<\/p>\n","protected":false},"featured_media":128921,"comment_status":"open","ping_status":"closed","template":"","meta":{"_kad_post_transparent":"","_kad_post_title":"","_kad_post_layout":"","_kad_post_sidebar_id":"","_kad_post_content_style":"","_kad_post_vertical_padding":"","_kad_post_feature":"","_kad_post_feature_position":"","_kad_post_header":false,"_kad_post_footer":false,"_kad_post_classname":""},"product_brand":[],"product_cat":[15329],"product_tag":[],"class_list":{"0":"post-128922","1":"product","2":"type-product","3":"status-publish","4":"has-post-thumbnail","6":"product_cat-kumbara-hediyelik-urunler-hobi-eglence-kumbara","8":"first","9":"instock","10":"purchasable","11":"product-type-simple","12":"entry","13":"content-bg","14":"loop-entry"},"_links":{"self":[{"href":"https:\/\/www.hediyepazar.com\/index.php?rest_route=\/wp\/v2\/product\/128922","targetHints":{"allow":["GET"]}}],"collection":[{"href":"https:\/\/www.hediyepazar.com\/index.php?rest_route=\/wp\/v2\/product"}],"about":[{"href":"https:\/\/www.hediyepazar.com\/index.php?rest_route=\/wp\/v2\/types\/product"}],"replies":[{"embeddable":true,"href":"https:\/\/www.hediyepazar.com\/index.php?rest_route=%2Fwp%2Fv2%2Fcomments&post=128922"}],"wp:featuredmedia":[{"embeddable":true,"href":"https:\/\/www.hediyepazar.com\/index.php?rest_route=\/wp\/v2\/media\/128921"}],"wp:attachment":[{"href":"https:\/\/www.hediyepazar.com\/index.php?rest_route=%2Fwp%2Fv2%2Fmedia&parent=128922"}],"wp:term":[{"taxonomy":"product_brand","embeddable":true,"href":"https:\/\/www.hediyepazar.com\/index.php?rest_route=%2Fwp%2Fv2%2Fproduct_brand&post=128922"},{"taxonomy":"product_cat","embeddable":true,"href":"https:\/\/www.hediyepazar.com\/index.php?rest_route=%2Fwp%2Fv2%2Fproduct_cat&post=128922"},{"taxonomy":"product_tag","embeddable":true,"href":"https:\/\/www.hediyepazar.com\/index.php?rest_route=%2Fwp%2Fv2%2Fproduct_tag&post=128922"}],"curies":[{"name":"wp","href":"https:\/\/api.w.org\/{rel}","templated":true}]}}