{"id":128926,"date":"2026-05-07T03:06:08","date_gmt":"2026-05-07T06:06:08","guid":{"rendered":"https:\/\/www.hediyepazar.com\/?product=metal-cocuk-para-kasasi-ayarlanabilir-sifreli-kilitli"},"modified":"2026-05-07T03:06:08","modified_gmt":"2026-05-07T06:06:08","slug":"metal-cocuk-para-kasasi-ayarlanabilir-sifreli-kilitli","status":"publish","type":"product","link":"https:\/\/www.hediyepazar.com\/?product=metal-cocuk-para-kasasi-ayarlanabilir-sifreli-kilitli","title":{"rendered":"Metal \u00c7ocuk Para Kasas\u0131 Ayarlanabilir \u015eifreli Kilitli"},"content":{"rendered":"<p>Bu \u015fifreli \u00e7ocuk para kasas\u0131, \u00e7ocuklar\u0131n para biriktirme al\u0131\u015fkanl\u0131\u011f\u0131 edinmesini destekleyen g\u00fcvenli ve e\u011fitici bir \u00fcr\u00fcnd\u00fcr. Metal g\u00f6vdesi sayesinde darbelere kar\u015f\u0131 dayan\u0131kl\u0131d\u0131r ve uzun s\u00fcreli kullan\u0131m sunar.Kolay ayarlanabilen \u015fifreli kilit mekanizmas\u0131, \u00e7ocuklar\u0131n kasay\u0131 rahat\u00e7a a\u00e7\u0131p kapatmas\u0131n\u0131 sa\u011flar. Bu \u00f6zellik, \u00e7ocuklar\u0131n \u00f6zg\u00fcvenini art\u0131r\u0131rken kendilerine ait bir alan hissi kazand\u0131r\u0131r.Hem saklama kutusu hem dekoratif bir obje olarak kullan\u0131labilir. Do\u011fum g\u00fcn\u00fc, \u00c7ocuk Bayram\u0131 ve y\u0131lba\u015f\u0131 gibi \u00f6zel g\u00fcnlerde anlaml\u0131 bir hediye se\u00e7ene\u011fidir.<\/p>\n","protected":false},"excerpt":{"rendered":"<p>Bu \u015fifreli \u00e7ocuk para kasas\u0131, \u00e7ocuklar\u0131n para biriktirme al\u0131\u015fkanl\u0131\u011f\u0131 edinmesini destekleyen g\u00fcvenli ve e\u011fitici bir \u00fcr\u00fcnd\u00fcr. Metal g\u00f6vdesi sayesinde darbelere kar\u015f\u0131 dayan\u0131kl\u0131d\u0131r ve uzun s\u00fcreli kullan\u0131m sunar.Kolay ayarlanabilen \u015fifreli kilit mekanizmas\u0131, \u00e7ocuklar\u0131n kasay\u0131 rahat\u00e7a a\u00e7\u0131p kapatmas\u0131n\u0131 sa\u011flar. Bu \u00f6zellik, \u00e7ocuklar\u0131n \u00f6zg\u00fcvenini art\u0131r\u0131rken kendilerine ait bir alan hissi kazand\u0131r\u0131r.Hem saklama kutusu hem dekoratif bir obje olarak&#8230;<\/p>\n","protected":false},"featured_media":128925,"comment_status":"open","ping_status":"closed","template":"","meta":{"_kad_post_transparent":"","_kad_post_title":"","_kad_post_layout":"","_kad_post_sidebar_id":"","_kad_post_content_style":"","_kad_post_vertical_padding":"","_kad_post_feature":"","_kad_post_feature_position":"","_kad_post_header":false,"_kad_post_footer":false,"_kad_post_classname":""},"product_brand":[],"product_cat":[15329],"product_tag":[],"class_list":{"0":"post-128926","1":"product","2":"type-product","3":"status-publish","4":"has-post-thumbnail","6":"product_cat-kumbara-hediyelik-urunler-hobi-eglence-kumbara","8":"first","9":"instock","10":"purchasable","11":"product-type-simple","12":"entry","13":"content-bg","14":"loop-entry"},"_links":{"self":[{"href":"https:\/\/www.hediyepazar.com\/index.php?rest_route=\/wp\/v2\/product\/128926","targetHints":{"allow":["GET"]}}],"collection":[{"href":"https:\/\/www.hediyepazar.com\/index.php?rest_route=\/wp\/v2\/product"}],"about":[{"href":"https:\/\/www.hediyepazar.com\/index.php?rest_route=\/wp\/v2\/types\/product"}],"replies":[{"embeddable":true,"href":"https:\/\/www.hediyepazar.com\/index.php?rest_route=%2Fwp%2Fv2%2Fcomments&post=128926"}],"wp:featuredmedia":[{"embeddable":true,"href":"https:\/\/www.hediyepazar.com\/index.php?rest_route=\/wp\/v2\/media\/128925"}],"wp:attachment":[{"href":"https:\/\/www.hediyepazar.com\/index.php?rest_route=%2Fwp%2Fv2%2Fmedia&parent=128926"}],"wp:term":[{"taxonomy":"product_brand","embeddable":true,"href":"https:\/\/www.hediyepazar.com\/index.php?rest_route=%2Fwp%2Fv2%2Fproduct_brand&post=128926"},{"taxonomy":"product_cat","embeddable":true,"href":"https:\/\/www.hediyepazar.com\/index.php?rest_route=%2Fwp%2Fv2%2Fproduct_cat&post=128926"},{"taxonomy":"product_tag","embeddable":true,"href":"https:\/\/www.hediyepazar.com\/index.php?rest_route=%2Fwp%2Fv2%2Fproduct_tag&post=128926"}],"curies":[{"name":"wp","href":"https:\/\/api.w.org\/{rel}","templated":true}]}}