{"id":128928,"date":"2026-05-07T03:06:14","date_gmt":"2026-05-07T06:06:14","guid":{"rendered":"https:\/\/www.hediyepazar.com\/?product=sifreli-cocuk-para-kasasi-metal-govdeli-guvenli-kutu"},"modified":"2026-05-07T03:06:14","modified_gmt":"2026-05-07T06:06:14","slug":"sifreli-cocuk-para-kasasi-metal-govdeli-guvenli-kutu","status":"publish","type":"product","link":"https:\/\/www.hediyepazar.com\/?product=sifreli-cocuk-para-kasasi-metal-govdeli-guvenli-kutu","title":{"rendered":"\u015eifreli \u00c7ocuk Para Kasas\u0131 Metal G\u00f6vdeli G\u00fcvenli Kutu"},"content":{"rendered":"<p>Dayan\u0131kl\u0131 metal g\u00f6vdesi ve kolayca ayarlanabilen \u015fifreli kilit sistemi sayesinde bu \u00e7ocuk para kasas\u0131, \u00e7ocuklar\u0131n kendilerini \u00f6zel bir hazine sand\u0131\u011f\u0131na sahipmi\u015f gibi hissetmesini sa\u011flar. Para, notlar ve k\u00fc\u00e7\u00fck ki\u015fisel e\u015fyalar i\u00e7in g\u00fcvenli bir saklama alan\u0131 sunar.\u015eifreli yap\u0131s\u0131 sayesinde anahtar kaybetme riski olmadan kullan\u0131labilir. \u00c7ocuklar\u0131n kendi \u015fifrelerini belirlemesi, sorumluluk ve gizlilik bilinci kazanmalar\u0131na yard\u0131mc\u0131 olur. Sa\u011flam metal yap\u0131s\u0131 uzun \u00f6m\u00fcrl\u00fc kullan\u0131m sunar.\u00c7ocuk odas\u0131nda masa, kitapl\u0131k veya komodin \u00fczerinde dekoratif olarak kullan\u0131labilir. E\u011fitici yap\u0131s\u0131yla tasarrufu e\u011flenceli hale getirir ve \u00f6zel g\u00fcnler i\u00e7in ideal bir hediyedir.<\/p>\n","protected":false},"excerpt":{"rendered":"<p>Dayan\u0131kl\u0131 metal g\u00f6vdesi ve kolayca ayarlanabilen \u015fifreli kilit sistemi sayesinde bu \u00e7ocuk para kasas\u0131, \u00e7ocuklar\u0131n kendilerini \u00f6zel bir hazine sand\u0131\u011f\u0131na sahipmi\u015f gibi hissetmesini sa\u011flar. Para, notlar ve k\u00fc\u00e7\u00fck ki\u015fisel e\u015fyalar i\u00e7in g\u00fcvenli bir saklama alan\u0131 sunar.\u015eifreli yap\u0131s\u0131 sayesinde anahtar kaybetme riski olmadan kullan\u0131labilir. \u00c7ocuklar\u0131n kendi \u015fifrelerini belirlemesi, sorumluluk ve gizlilik bilinci kazanmalar\u0131na yard\u0131mc\u0131 olur. Sa\u011flam&#8230;<\/p>\n","protected":false},"featured_media":128927,"comment_status":"open","ping_status":"closed","template":"","meta":{"_kad_post_transparent":"","_kad_post_title":"","_kad_post_layout":"","_kad_post_sidebar_id":"","_kad_post_content_style":"","_kad_post_vertical_padding":"","_kad_post_feature":"","_kad_post_feature_position":"","_kad_post_header":false,"_kad_post_footer":false,"_kad_post_classname":""},"product_brand":[],"product_cat":[15329],"product_tag":[],"class_list":{"0":"post-128928","1":"product","2":"type-product","3":"status-publish","4":"has-post-thumbnail","6":"product_cat-kumbara-hediyelik-urunler-hobi-eglence-kumbara","8":"first","9":"instock","10":"purchasable","11":"product-type-simple","12":"entry","13":"content-bg","14":"loop-entry"},"_links":{"self":[{"href":"https:\/\/www.hediyepazar.com\/index.php?rest_route=\/wp\/v2\/product\/128928","targetHints":{"allow":["GET"]}}],"collection":[{"href":"https:\/\/www.hediyepazar.com\/index.php?rest_route=\/wp\/v2\/product"}],"about":[{"href":"https:\/\/www.hediyepazar.com\/index.php?rest_route=\/wp\/v2\/types\/product"}],"replies":[{"embeddable":true,"href":"https:\/\/www.hediyepazar.com\/index.php?rest_route=%2Fwp%2Fv2%2Fcomments&post=128928"}],"wp:featuredmedia":[{"embeddable":true,"href":"https:\/\/www.hediyepazar.com\/index.php?rest_route=\/wp\/v2\/media\/128927"}],"wp:attachment":[{"href":"https:\/\/www.hediyepazar.com\/index.php?rest_route=%2Fwp%2Fv2%2Fmedia&parent=128928"}],"wp:term":[{"taxonomy":"product_brand","embeddable":true,"href":"https:\/\/www.hediyepazar.com\/index.php?rest_route=%2Fwp%2Fv2%2Fproduct_brand&post=128928"},{"taxonomy":"product_cat","embeddable":true,"href":"https:\/\/www.hediyepazar.com\/index.php?rest_route=%2Fwp%2Fv2%2Fproduct_cat&post=128928"},{"taxonomy":"product_tag","embeddable":true,"href":"https:\/\/www.hediyepazar.com\/index.php?rest_route=%2Fwp%2Fv2%2Fproduct_tag&post=128928"}],"curies":[{"name":"wp","href":"https:\/\/api.w.org\/{rel}","templated":true}]}}