{"id":128930,"date":"2026-05-07T03:06:19","date_gmt":"2026-05-07T06:06:19","guid":{"rendered":"https:\/\/www.hediyepazar.com\/?product=egitici-cocuk-para-kasasi-kisisel-esya-ve-para-saklama"},"modified":"2026-05-07T03:06:19","modified_gmt":"2026-05-07T06:06:19","slug":"egitici-cocuk-para-kasasi-kisisel-esya-ve-para-saklama","status":"publish","type":"product","link":"https:\/\/www.hediyepazar.com\/?product=egitici-cocuk-para-kasasi-kisisel-esya-ve-para-saklama","title":{"rendered":"E\u011fitici \u00c7ocuk Para Kasas\u0131 Ki\u015fisel E\u015fya ve Para Saklama"},"content":{"rendered":"<p>\u00c7ocuklar\u0131n kendi paralar\u0131n\u0131 ve \u00f6zel e\u015fyalar\u0131n\u0131 saklayabilmesi i\u00e7in tasarlanan bu mini para kasas\u0131, hem g\u00fcvenli hem de e\u011fitici bir \u00fcr\u00fcnd\u00fcr. Gizlilik ve bireysellik duygusunu destekleyerek \u00e7ocuklar\u0131n kendine olan g\u00fcvenini art\u0131r\u0131r.Y\u00fcksek kaliteli ABS malzemesi sayesinde uzun s\u00fcreli kullan\u0131m sunar. Hafif yap\u0131s\u0131 \u00e7ocuklar i\u00e7in idealdir. Anahtarl\u0131 kilit mekanizmas\u0131, basit kullan\u0131m\u0131yla \u00e7ocuklara sorumluluk bilinci kazand\u0131r\u0131r.Kitapl\u0131k, masa veya komodin \u00fczerinde rahatl\u0131kla kullan\u0131labilir. Tasarruf al\u0131\u015fkanl\u0131\u011f\u0131 kazand\u0131ran bu \u00fcr\u00fcn, \u00e7ocuklar\u0131n parayla sa\u011fl\u0131kl\u0131 bir ili\u015fki kurmas\u0131na yard\u0131mc\u0131 olur. \u00d6zel g\u00fcnler i\u00e7in hem anlaml\u0131 hem de e\u011flenceli bir hediye se\u00e7ene\u011fidir.<\/p>\n","protected":false},"excerpt":{"rendered":"<p>\u00c7ocuklar\u0131n kendi paralar\u0131n\u0131 ve \u00f6zel e\u015fyalar\u0131n\u0131 saklayabilmesi i\u00e7in tasarlanan bu mini para kasas\u0131, hem g\u00fcvenli hem de e\u011fitici bir \u00fcr\u00fcnd\u00fcr. Gizlilik ve bireysellik duygusunu destekleyerek \u00e7ocuklar\u0131n kendine olan g\u00fcvenini art\u0131r\u0131r.Y\u00fcksek kaliteli ABS malzemesi sayesinde uzun s\u00fcreli kullan\u0131m sunar. Hafif yap\u0131s\u0131 \u00e7ocuklar i\u00e7in idealdir. Anahtarl\u0131 kilit mekanizmas\u0131, basit kullan\u0131m\u0131yla \u00e7ocuklara sorumluluk bilinci kazand\u0131r\u0131r.Kitapl\u0131k, masa veya komodin&#8230;<\/p>\n","protected":false},"featured_media":128929,"comment_status":"open","ping_status":"closed","template":"","meta":{"_kad_post_transparent":"","_kad_post_title":"","_kad_post_layout":"","_kad_post_sidebar_id":"","_kad_post_content_style":"","_kad_post_vertical_padding":"","_kad_post_feature":"","_kad_post_feature_position":"","_kad_post_header":false,"_kad_post_footer":false,"_kad_post_classname":""},"product_brand":[],"product_cat":[15329],"product_tag":[],"class_list":{"0":"post-128930","1":"product","2":"type-product","3":"status-publish","4":"has-post-thumbnail","6":"product_cat-kumbara-hediyelik-urunler-hobi-eglence-kumbara","8":"first","9":"instock","10":"purchasable","11":"product-type-simple","12":"entry","13":"content-bg","14":"loop-entry"},"_links":{"self":[{"href":"https:\/\/www.hediyepazar.com\/index.php?rest_route=\/wp\/v2\/product\/128930","targetHints":{"allow":["GET"]}}],"collection":[{"href":"https:\/\/www.hediyepazar.com\/index.php?rest_route=\/wp\/v2\/product"}],"about":[{"href":"https:\/\/www.hediyepazar.com\/index.php?rest_route=\/wp\/v2\/types\/product"}],"replies":[{"embeddable":true,"href":"https:\/\/www.hediyepazar.com\/index.php?rest_route=%2Fwp%2Fv2%2Fcomments&post=128930"}],"wp:featuredmedia":[{"embeddable":true,"href":"https:\/\/www.hediyepazar.com\/index.php?rest_route=\/wp\/v2\/media\/128929"}],"wp:attachment":[{"href":"https:\/\/www.hediyepazar.com\/index.php?rest_route=%2Fwp%2Fv2%2Fmedia&parent=128930"}],"wp:term":[{"taxonomy":"product_brand","embeddable":true,"href":"https:\/\/www.hediyepazar.com\/index.php?rest_route=%2Fwp%2Fv2%2Fproduct_brand&post=128930"},{"taxonomy":"product_cat","embeddable":true,"href":"https:\/\/www.hediyepazar.com\/index.php?rest_route=%2Fwp%2Fv2%2Fproduct_cat&post=128930"},{"taxonomy":"product_tag","embeddable":true,"href":"https:\/\/www.hediyepazar.com\/index.php?rest_route=%2Fwp%2Fv2%2Fproduct_tag&post=128930"}],"curies":[{"name":"wp","href":"https:\/\/api.w.org\/{rel}","templated":true}]}}