{"id":128934,"date":"2026-05-07T03:07:08","date_gmt":"2026-05-07T06:07:08","guid":{"rendered":"https:\/\/www.hediyepazar.com\/?product=anahtarli-cocuk-para-kasasi-egitici-ve-dekoratif-tasarim"},"modified":"2026-05-07T03:07:08","modified_gmt":"2026-05-07T06:07:08","slug":"anahtarli-cocuk-para-kasasi-egitici-ve-dekoratif-tasarim","status":"publish","type":"product","link":"https:\/\/www.hediyepazar.com\/?product=anahtarli-cocuk-para-kasasi-egitici-ve-dekoratif-tasarim","title":{"rendered":"Anahtarl\u0131 \u00c7ocuk Para Kasas\u0131 E\u011fitici ve Dekoratif Tasar\u0131m"},"content":{"rendered":"<p>\u00c7ocuklara \u00f6zel olarak geli\u015ftirilen bu anahtarl\u0131 para kasas\u0131, g\u00fcvenli saklama ve e\u011fitici kullan\u0131m \u00f6zelliklerini bir arada sunar. \u00c7ocuklar\u0131n paralar\u0131n\u0131 korumal\u0131 \u015fekilde saklamas\u0131na yard\u0131mc\u0131 olurken, ki\u015fisel alan bilinci kazanmalar\u0131n\u0131 destekler.Kaliteli ABS malzemeden \u00fcretilmi\u015f olan \u00fcr\u00fcn, darbelere kar\u015f\u0131 dayan\u0131kl\u0131d\u0131r ve uzun \u00f6m\u00fcrl\u00fc kullan\u0131m sunar. Hafif yap\u0131s\u0131 sayesinde \u00e7ocuklar taraf\u0131ndan rahat\u00e7a ta\u015f\u0131nabilir. Anahtarl\u0131 sistemi basit ve g\u00fcvenlidir.Kitapl\u0131k, \u00e7al\u0131\u015fma masas\u0131 veya komodin \u00fczerinde dekoratif olarak kullan\u0131labilir. \u00c7ocuklara para biriktirme al\u0131\u015fkanl\u0131\u011f\u0131 kazand\u0131rmak isteyen aileler i\u00e7in ideal bir \u00fcr\u00fcnd\u00fcr. E\u011flenceli tasar\u0131m\u0131 sayesinde \u00e7ocuklar\u0131n ilgisini \u00e7eker ve tasarrufu keyifli hale getirir.<\/p>\n","protected":false},"excerpt":{"rendered":"<p>\u00c7ocuklara \u00f6zel olarak geli\u015ftirilen bu anahtarl\u0131 para kasas\u0131, g\u00fcvenli saklama ve e\u011fitici kullan\u0131m \u00f6zelliklerini bir arada sunar. \u00c7ocuklar\u0131n paralar\u0131n\u0131 korumal\u0131 \u015fekilde saklamas\u0131na yard\u0131mc\u0131 olurken, ki\u015fisel alan bilinci kazanmalar\u0131n\u0131 destekler.Kaliteli ABS malzemeden \u00fcretilmi\u015f olan \u00fcr\u00fcn, darbelere kar\u015f\u0131 dayan\u0131kl\u0131d\u0131r ve uzun \u00f6m\u00fcrl\u00fc kullan\u0131m sunar. Hafif yap\u0131s\u0131 sayesinde \u00e7ocuklar taraf\u0131ndan rahat\u00e7a ta\u015f\u0131nabilir. Anahtarl\u0131 sistemi basit ve g\u00fcvenlidir.Kitapl\u0131k, \u00e7al\u0131\u015fma&#8230;<\/p>\n","protected":false},"featured_media":128933,"comment_status":"open","ping_status":"closed","template":"","meta":{"_kad_post_transparent":"","_kad_post_title":"","_kad_post_layout":"","_kad_post_sidebar_id":"","_kad_post_content_style":"","_kad_post_vertical_padding":"","_kad_post_feature":"","_kad_post_feature_position":"","_kad_post_header":false,"_kad_post_footer":false,"_kad_post_classname":""},"product_brand":[],"product_cat":[15329],"product_tag":[],"class_list":{"0":"post-128934","1":"product","2":"type-product","3":"status-publish","4":"has-post-thumbnail","6":"product_cat-kumbara-hediyelik-urunler-hobi-eglence-kumbara","8":"first","9":"instock","10":"purchasable","11":"product-type-simple","12":"entry","13":"content-bg","14":"loop-entry"},"_links":{"self":[{"href":"https:\/\/www.hediyepazar.com\/index.php?rest_route=\/wp\/v2\/product\/128934","targetHints":{"allow":["GET"]}}],"collection":[{"href":"https:\/\/www.hediyepazar.com\/index.php?rest_route=\/wp\/v2\/product"}],"about":[{"href":"https:\/\/www.hediyepazar.com\/index.php?rest_route=\/wp\/v2\/types\/product"}],"replies":[{"embeddable":true,"href":"https:\/\/www.hediyepazar.com\/index.php?rest_route=%2Fwp%2Fv2%2Fcomments&post=128934"}],"wp:featuredmedia":[{"embeddable":true,"href":"https:\/\/www.hediyepazar.com\/index.php?rest_route=\/wp\/v2\/media\/128933"}],"wp:attachment":[{"href":"https:\/\/www.hediyepazar.com\/index.php?rest_route=%2Fwp%2Fv2%2Fmedia&parent=128934"}],"wp:term":[{"taxonomy":"product_brand","embeddable":true,"href":"https:\/\/www.hediyepazar.com\/index.php?rest_route=%2Fwp%2Fv2%2Fproduct_brand&post=128934"},{"taxonomy":"product_cat","embeddable":true,"href":"https:\/\/www.hediyepazar.com\/index.php?rest_route=%2Fwp%2Fv2%2Fproduct_cat&post=128934"},{"taxonomy":"product_tag","embeddable":true,"href":"https:\/\/www.hediyepazar.com\/index.php?rest_route=%2Fwp%2Fv2%2Fproduct_tag&post=128934"}],"curies":[{"name":"wp","href":"https:\/\/api.w.org\/{rel}","templated":true}]}}