{"id":128940,"date":"2026-05-07T03:08:01","date_gmt":"2026-05-07T06:08:01","guid":{"rendered":"https:\/\/www.hediyepazar.com\/?product=aluminyum-govdeli-manyetik-arac-ici-telefon-tutucu"},"modified":"2026-05-07T03:08:01","modified_gmt":"2026-05-07T06:08:01","slug":"aluminyum-govdeli-manyetik-arac-ici-telefon-tutucu","status":"publish","type":"product","link":"https:\/\/www.hediyepazar.com\/?product=aluminyum-govdeli-manyetik-arac-ici-telefon-tutucu","title":{"rendered":"Al\u00fcminyum G\u00f6vdeli Manyetik Ara\u00e7 \u0130\u00e7i Telefon Tutucu"},"content":{"rendered":"<p>Bu ara\u00e7 telefon tutucu, g\u00fc\u00e7l\u00fc manyetik yap\u0131s\u0131 sayesinde telefonunuzu sabit tutarak s\u00fcr\u00fc\u015f s\u0131ras\u0131nda g\u00fcvenli kullan\u0131m sunar. 16 m\u0131knat\u0131s\u0131n sa\u011flad\u0131\u011f\u0131 dengeli tutu\u015f, cihaz\u0131n d\u00fc\u015fmesini engeller. Vakumlu montaj sistemi, h\u0131zl\u0131 ve pratik kurulum sa\u011flar.360 derece ayarlanabilir mekanizma, farkl\u0131 kullan\u0131m senaryolar\u0131na uyum sa\u011flar. Telefonunuzu diledi\u011finiz a\u00e7\u0131ya g\u00f6re ayarlayabilir, s\u00fcr\u00fc\u015f s\u0131ras\u0131nda konforu art\u0131rabilirsiniz.Dayan\u0131kl\u0131 al\u00fcminyum g\u00f6vde, uzun \u00f6m\u00fcrl\u00fc kullan\u0131m sunar. Silikon destekler, telefon y\u00fczeyini korur ve kaymay\u0131 \u00f6nler. Evrensel uyumlulu\u011fu sayesinde 4.7 in\u00e7 ve \u00fczeri telefonlarla kullan\u0131labilir.<\/p>\n","protected":false},"excerpt":{"rendered":"<p>Bu ara\u00e7 telefon tutucu, g\u00fc\u00e7l\u00fc manyetik yap\u0131s\u0131 sayesinde telefonunuzu sabit tutarak s\u00fcr\u00fc\u015f s\u0131ras\u0131nda g\u00fcvenli kullan\u0131m sunar. 16 m\u0131knat\u0131s\u0131n sa\u011flad\u0131\u011f\u0131 dengeli tutu\u015f, cihaz\u0131n d\u00fc\u015fmesini engeller. Vakumlu montaj sistemi, h\u0131zl\u0131 ve pratik kurulum sa\u011flar.360 derece ayarlanabilir mekanizma, farkl\u0131 kullan\u0131m senaryolar\u0131na uyum sa\u011flar. Telefonunuzu diledi\u011finiz a\u00e7\u0131ya g\u00f6re ayarlayabilir, s\u00fcr\u00fc\u015f s\u0131ras\u0131nda konforu art\u0131rabilirsiniz.Dayan\u0131kl\u0131 al\u00fcminyum g\u00f6vde, uzun \u00f6m\u00fcrl\u00fc kullan\u0131m sunar&#8230;.<\/p>\n","protected":false},"featured_media":128939,"comment_status":"open","ping_status":"closed","template":"","meta":{"_kad_post_transparent":"","_kad_post_title":"","_kad_post_layout":"","_kad_post_sidebar_id":"","_kad_post_content_style":"","_kad_post_vertical_padding":"","_kad_post_feature":"","_kad_post_feature_position":"","_kad_post_header":false,"_kad_post_footer":false,"_kad_post_classname":""},"product_brand":[],"product_cat":[14983],"product_tag":[],"class_list":{"0":"post-128940","1":"product","2":"type-product","3":"status-publish","4":"has-post-thumbnail","6":"product_cat-telefon-tutucu-telefon-tutucu","8":"first","9":"instock","10":"purchasable","11":"product-type-simple","12":"entry","13":"content-bg","14":"loop-entry"},"_links":{"self":[{"href":"https:\/\/www.hediyepazar.com\/index.php?rest_route=\/wp\/v2\/product\/128940","targetHints":{"allow":["GET"]}}],"collection":[{"href":"https:\/\/www.hediyepazar.com\/index.php?rest_route=\/wp\/v2\/product"}],"about":[{"href":"https:\/\/www.hediyepazar.com\/index.php?rest_route=\/wp\/v2\/types\/product"}],"replies":[{"embeddable":true,"href":"https:\/\/www.hediyepazar.com\/index.php?rest_route=%2Fwp%2Fv2%2Fcomments&post=128940"}],"wp:featuredmedia":[{"embeddable":true,"href":"https:\/\/www.hediyepazar.com\/index.php?rest_route=\/wp\/v2\/media\/128939"}],"wp:attachment":[{"href":"https:\/\/www.hediyepazar.com\/index.php?rest_route=%2Fwp%2Fv2%2Fmedia&parent=128940"}],"wp:term":[{"taxonomy":"product_brand","embeddable":true,"href":"https:\/\/www.hediyepazar.com\/index.php?rest_route=%2Fwp%2Fv2%2Fproduct_brand&post=128940"},{"taxonomy":"product_cat","embeddable":true,"href":"https:\/\/www.hediyepazar.com\/index.php?rest_route=%2Fwp%2Fv2%2Fproduct_cat&post=128940"},{"taxonomy":"product_tag","embeddable":true,"href":"https:\/\/www.hediyepazar.com\/index.php?rest_route=%2Fwp%2Fv2%2Fproduct_tag&post=128940"}],"curies":[{"name":"wp","href":"https:\/\/api.w.org\/{rel}","templated":true}]}}