{"id":128952,"date":"2026-05-07T03:09:13","date_gmt":"2026-05-07T06:09:13","guid":{"rendered":"https:\/\/www.hediyepazar.com\/?product=insaat-ve-ev-kullanimi-icin-600-mm-su-terazisi"},"modified":"2026-05-07T03:09:13","modified_gmt":"2026-05-07T06:09:13","slug":"insaat-ve-ev-kullanimi-icin-600-mm-su-terazisi","status":"publish","type":"product","link":"https:\/\/www.hediyepazar.com\/?product=insaat-ve-ev-kullanimi-icin-600-mm-su-terazisi","title":{"rendered":"\u0130n\u015faat ve Ev Kullan\u0131m\u0131 \u0130\u00e7in 600 mm Su Terazisi"},"content":{"rendered":"<p>Bu 600 mm su terazisi, d\u00fczg\u00fcn ve hassas \u00f6l\u00e7\u00fcm gerektiren t\u00fcm i\u015fler i\u00e7in ideal bir \u00e7\u00f6z\u00fcmd\u00fcr. Sar\u0131 g\u00f6vde rengi sayesinde \u00e7al\u0131\u015fma alan\u0131nda kolay fark edilir ve pratik kullan\u0131m sunar. Net okunan libella g\u00f6stergeleri, hizalama i\u015flemlerini zahmetsiz hale getirir.Evde yap\u0131lan tadilat ve montaj i\u015flerinde, duvar raf\u0131 ve dolap kurulumlar\u0131nda g\u00fcvenilir sonu\u00e7lar verir. Ayn\u0131 zamanda profesyonel in\u015faat ve dekorasyon \u00e7al\u0131\u015fmalar\u0131nda da rahatl\u0131kla kullan\u0131labilir. 600 mm uzunlu\u011fu, geni\u015f y\u00fczeylerde stabil \u00f6l\u00e7\u00fcm sa\u011flar.Dayan\u0131kl\u0131 plastik yap\u0131s\u0131, uzun s\u00fcreli kullan\u0131ma uygundur. Hafif olmas\u0131 sayesinde ta\u015f\u0131mas\u0131 kolayd\u0131r ve farkl\u0131 alanlarda rahatl\u0131kla kullan\u0131labilir. Bak\u0131m gerektirmeyen yap\u0131s\u0131, kullan\u0131m konforunu art\u0131r\u0131r.<\/p>\n","protected":false},"excerpt":{"rendered":"<p>Bu 600 mm su terazisi, d\u00fczg\u00fcn ve hassas \u00f6l\u00e7\u00fcm gerektiren t\u00fcm i\u015fler i\u00e7in ideal bir \u00e7\u00f6z\u00fcmd\u00fcr. Sar\u0131 g\u00f6vde rengi sayesinde \u00e7al\u0131\u015fma alan\u0131nda kolay fark edilir ve pratik kullan\u0131m sunar. Net okunan libella g\u00f6stergeleri, hizalama i\u015flemlerini zahmetsiz hale getirir.Evde yap\u0131lan tadilat ve montaj i\u015flerinde, duvar raf\u0131 ve dolap kurulumlar\u0131nda g\u00fcvenilir sonu\u00e7lar verir. Ayn\u0131 zamanda profesyonel in\u015faat&#8230;<\/p>\n","protected":false},"featured_media":128951,"comment_status":"open","ping_status":"closed","template":"","meta":{"_kad_post_transparent":"","_kad_post_title":"","_kad_post_layout":"","_kad_post_sidebar_id":"","_kad_post_content_style":"","_kad_post_vertical_padding":"","_kad_post_feature":"","_kad_post_feature_position":"","_kad_post_header":false,"_kad_post_footer":false,"_kad_post_classname":""},"product_brand":[],"product_cat":[15274],"product_tag":[],"class_list":{"0":"post-128952","1":"product","2":"type-product","3":"status-publish","4":"has-post-thumbnail","6":"product_cat-kapi-hirdavati-hirdavat-banyo-yapi-hirdavat-kapi-hirdavati","8":"first","9":"instock","10":"purchasable","11":"product-type-simple","12":"entry","13":"content-bg","14":"loop-entry"},"_links":{"self":[{"href":"https:\/\/www.hediyepazar.com\/index.php?rest_route=\/wp\/v2\/product\/128952","targetHints":{"allow":["GET"]}}],"collection":[{"href":"https:\/\/www.hediyepazar.com\/index.php?rest_route=\/wp\/v2\/product"}],"about":[{"href":"https:\/\/www.hediyepazar.com\/index.php?rest_route=\/wp\/v2\/types\/product"}],"replies":[{"embeddable":true,"href":"https:\/\/www.hediyepazar.com\/index.php?rest_route=%2Fwp%2Fv2%2Fcomments&post=128952"}],"wp:featuredmedia":[{"embeddable":true,"href":"https:\/\/www.hediyepazar.com\/index.php?rest_route=\/wp\/v2\/media\/128951"}],"wp:attachment":[{"href":"https:\/\/www.hediyepazar.com\/index.php?rest_route=%2Fwp%2Fv2%2Fmedia&parent=128952"}],"wp:term":[{"taxonomy":"product_brand","embeddable":true,"href":"https:\/\/www.hediyepazar.com\/index.php?rest_route=%2Fwp%2Fv2%2Fproduct_brand&post=128952"},{"taxonomy":"product_cat","embeddable":true,"href":"https:\/\/www.hediyepazar.com\/index.php?rest_route=%2Fwp%2Fv2%2Fproduct_cat&post=128952"},{"taxonomy":"product_tag","embeddable":true,"href":"https:\/\/www.hediyepazar.com\/index.php?rest_route=%2Fwp%2Fv2%2Fproduct_tag&post=128952"}],"curies":[{"name":"wp","href":"https:\/\/api.w.org\/{rel}","templated":true}]}}