{"id":128970,"date":"2026-05-07T03:14:23","date_gmt":"2026-05-07T06:14:23","guid":{"rendered":"https:\/\/www.hediyepazar.com\/?product=bahce-isleri-icin-kilifli-budama-testere-bicki"},"modified":"2026-05-07T03:14:23","modified_gmt":"2026-05-07T06:14:23","slug":"bahce-isleri-icin-kilifli-budama-testere-bicki","status":"publish","type":"product","link":"https:\/\/www.hediyepazar.com\/?product=bahce-isleri-icin-kilifli-budama-testere-bicki","title":{"rendered":"Bah\u00e7e \u0130\u015fleri \u0130\u00e7in K\u0131l\u0131fl\u0131 Budama Testere B\u0131\u00e7k\u0131"},"content":{"rendered":"<p>K\u0131l\u0131fl\u0131 budama bah\u00e7e testeresi, dayan\u0131kl\u0131 b\u0131\u00e7ak yap\u0131s\u0131 ile budama i\u015flerini kolayla\u015ft\u0131r\u0131r. 270 mm uzunlu\u011fundaki d\u00fcz b\u0131\u00e7ak, dallar\u0131 h\u0131zl\u0131 ve d\u00fczg\u00fcn \u015fekilde kesmenize yard\u0131mc\u0131 olur.Sap tasar\u0131m\u0131, el yorgunlu\u011funu azaltacak \u015fekilde ergonomik olarak geli\u015ftirilmi\u015ftir. K\u0131l\u0131f\u0131 sayesinde kullan\u0131lmad\u0131\u011f\u0131 zamanlarda g\u00fcvenle saklanabilir ve ta\u015f\u0131nabilir.<\/p>\n","protected":false},"excerpt":{"rendered":"<p>K\u0131l\u0131fl\u0131 budama bah\u00e7e testeresi, dayan\u0131kl\u0131 b\u0131\u00e7ak yap\u0131s\u0131 ile budama i\u015flerini kolayla\u015ft\u0131r\u0131r. 270 mm uzunlu\u011fundaki d\u00fcz b\u0131\u00e7ak, dallar\u0131 h\u0131zl\u0131 ve d\u00fczg\u00fcn \u015fekilde kesmenize yard\u0131mc\u0131 olur.Sap tasar\u0131m\u0131, el yorgunlu\u011funu azaltacak \u015fekilde ergonomik olarak geli\u015ftirilmi\u015ftir. K\u0131l\u0131f\u0131 sayesinde kullan\u0131lmad\u0131\u011f\u0131 zamanlarda g\u00fcvenle saklanabilir ve ta\u015f\u0131nabilir.<\/p>\n","protected":false},"featured_media":128969,"comment_status":"open","ping_status":"closed","template":"","meta":{"_kad_post_transparent":"","_kad_post_title":"","_kad_post_layout":"","_kad_post_sidebar_id":"","_kad_post_content_style":"","_kad_post_vertical_padding":"","_kad_post_feature":"","_kad_post_feature_position":"","_kad_post_header":false,"_kad_post_footer":false,"_kad_post_classname":""},"product_brand":[],"product_cat":[15274],"product_tag":[],"class_list":{"0":"post-128970","1":"product","2":"type-product","3":"status-publish","4":"has-post-thumbnail","6":"product_cat-kapi-hirdavati-hirdavat-banyo-yapi-hirdavat-kapi-hirdavati","8":"first","9":"instock","10":"purchasable","11":"product-type-simple","12":"entry","13":"content-bg","14":"loop-entry"},"_links":{"self":[{"href":"https:\/\/www.hediyepazar.com\/index.php?rest_route=\/wp\/v2\/product\/128970","targetHints":{"allow":["GET"]}}],"collection":[{"href":"https:\/\/www.hediyepazar.com\/index.php?rest_route=\/wp\/v2\/product"}],"about":[{"href":"https:\/\/www.hediyepazar.com\/index.php?rest_route=\/wp\/v2\/types\/product"}],"replies":[{"embeddable":true,"href":"https:\/\/www.hediyepazar.com\/index.php?rest_route=%2Fwp%2Fv2%2Fcomments&post=128970"}],"wp:featuredmedia":[{"embeddable":true,"href":"https:\/\/www.hediyepazar.com\/index.php?rest_route=\/wp\/v2\/media\/128969"}],"wp:attachment":[{"href":"https:\/\/www.hediyepazar.com\/index.php?rest_route=%2Fwp%2Fv2%2Fmedia&parent=128970"}],"wp:term":[{"taxonomy":"product_brand","embeddable":true,"href":"https:\/\/www.hediyepazar.com\/index.php?rest_route=%2Fwp%2Fv2%2Fproduct_brand&post=128970"},{"taxonomy":"product_cat","embeddable":true,"href":"https:\/\/www.hediyepazar.com\/index.php?rest_route=%2Fwp%2Fv2%2Fproduct_cat&post=128970"},{"taxonomy":"product_tag","embeddable":true,"href":"https:\/\/www.hediyepazar.com\/index.php?rest_route=%2Fwp%2Fv2%2Fproduct_tag&post=128970"}],"curies":[{"name":"wp","href":"https:\/\/api.w.org\/{rel}","templated":true}]}}