{"id":128972,"date":"2026-05-07T03:16:04","date_gmt":"2026-05-07T06:16:04","guid":{"rendered":"https:\/\/www.hediyepazar.com\/?product=duz-bicakli-budama-testeresi-kilifli-guvenli-tasarim"},"modified":"2026-05-07T03:16:04","modified_gmt":"2026-05-07T06:16:04","slug":"duz-bicakli-budama-testeresi-kilifli-guvenli-tasarim","status":"publish","type":"product","link":"https:\/\/www.hediyepazar.com\/?product=duz-bicakli-budama-testeresi-kilifli-guvenli-tasarim","title":{"rendered":"D\u00fcz B\u0131\u00e7akl\u0131 Budama Testeresi K\u0131l\u0131fl\u0131 G\u00fcvenli Tasar\u0131m"},"content":{"rendered":"<p>Bah\u00e7e budama testeresi, k\u0131l\u0131fl\u0131 yap\u0131s\u0131 ve keskin b\u0131\u00e7ak tasar\u0131m\u0131 ile g\u00fcvenli ve etkili bir kullan\u0131m sa\u011flar. D\u00fcz b\u0131\u00e7ak formu sayesinde kontroll\u00fc kesimler yapman\u0131za olanak tan\u0131r.Lazer bilenmi\u015f b\u0131\u00e7aklar uzun s\u00fcre keskinli\u011fini korur. Ergonomik sap yap\u0131s\u0131, bah\u00e7e i\u015flerinde konforlu bir deneyim sunar. Ev bah\u00e7eleri, ba\u011f ve hobi alanlar\u0131 i\u00e7in uygundur.<\/p>\n","protected":false},"excerpt":{"rendered":"<p>Bah\u00e7e budama testeresi, k\u0131l\u0131fl\u0131 yap\u0131s\u0131 ve keskin b\u0131\u00e7ak tasar\u0131m\u0131 ile g\u00fcvenli ve etkili bir kullan\u0131m sa\u011flar. D\u00fcz b\u0131\u00e7ak formu sayesinde kontroll\u00fc kesimler yapman\u0131za olanak tan\u0131r.Lazer bilenmi\u015f b\u0131\u00e7aklar uzun s\u00fcre keskinli\u011fini korur. Ergonomik sap yap\u0131s\u0131, bah\u00e7e i\u015flerinde konforlu bir deneyim sunar. Ev bah\u00e7eleri, ba\u011f ve hobi alanlar\u0131 i\u00e7in uygundur.<\/p>\n","protected":false},"featured_media":128971,"comment_status":"open","ping_status":"closed","template":"","meta":{"_kad_post_transparent":"","_kad_post_title":"","_kad_post_layout":"","_kad_post_sidebar_id":"","_kad_post_content_style":"","_kad_post_vertical_padding":"","_kad_post_feature":"","_kad_post_feature_position":"","_kad_post_header":false,"_kad_post_footer":false,"_kad_post_classname":""},"product_brand":[],"product_cat":[15274],"product_tag":[],"class_list":{"0":"post-128972","1":"product","2":"type-product","3":"status-publish","4":"has-post-thumbnail","6":"product_cat-kapi-hirdavati-hirdavat-banyo-yapi-hirdavat-kapi-hirdavati","8":"first","9":"instock","10":"purchasable","11":"product-type-simple","12":"entry","13":"content-bg","14":"loop-entry"},"_links":{"self":[{"href":"https:\/\/www.hediyepazar.com\/index.php?rest_route=\/wp\/v2\/product\/128972","targetHints":{"allow":["GET"]}}],"collection":[{"href":"https:\/\/www.hediyepazar.com\/index.php?rest_route=\/wp\/v2\/product"}],"about":[{"href":"https:\/\/www.hediyepazar.com\/index.php?rest_route=\/wp\/v2\/types\/product"}],"replies":[{"embeddable":true,"href":"https:\/\/www.hediyepazar.com\/index.php?rest_route=%2Fwp%2Fv2%2Fcomments&post=128972"}],"wp:featuredmedia":[{"embeddable":true,"href":"https:\/\/www.hediyepazar.com\/index.php?rest_route=\/wp\/v2\/media\/128971"}],"wp:attachment":[{"href":"https:\/\/www.hediyepazar.com\/index.php?rest_route=%2Fwp%2Fv2%2Fmedia&parent=128972"}],"wp:term":[{"taxonomy":"product_brand","embeddable":true,"href":"https:\/\/www.hediyepazar.com\/index.php?rest_route=%2Fwp%2Fv2%2Fproduct_brand&post=128972"},{"taxonomy":"product_cat","embeddable":true,"href":"https:\/\/www.hediyepazar.com\/index.php?rest_route=%2Fwp%2Fv2%2Fproduct_cat&post=128972"},{"taxonomy":"product_tag","embeddable":true,"href":"https:\/\/www.hediyepazar.com\/index.php?rest_route=%2Fwp%2Fv2%2Fproduct_tag&post=128972"}],"curies":[{"name":"wp","href":"https:\/\/api.w.org\/{rel}","templated":true}]}}