{"id":128974,"date":"2026-05-07T03:16:11","date_gmt":"2026-05-07T06:16:11","guid":{"rendered":"https:\/\/www.hediyepazar.com\/?product=bahce-ve-agac-budama-testeresi-ergonomik-sapli"},"modified":"2026-05-07T03:16:11","modified_gmt":"2026-05-07T06:16:11","slug":"bahce-ve-agac-budama-testeresi-ergonomik-sapli","status":"publish","type":"product","link":"https:\/\/www.hediyepazar.com\/?product=bahce-ve-agac-budama-testeresi-ergonomik-sapli","title":{"rendered":"Bah\u00e7e ve A\u011fa\u00e7 Budama Testeresi Ergonomik Sapl\u0131"},"content":{"rendered":"<p>Budama ve bah\u00e7e bak\u0131m i\u015flemlerinde g\u00fcvenilir bir kesim performans\u0131 sunan bu bah\u00e7e testeresi, lazer bilenmi\u015f d\u00fcz b\u0131\u00e7ak yap\u0131s\u0131yla \u00f6ne \u00e7\u0131kar. 270 mm b\u0131\u00e7ak uzunlu\u011fu, ince ve orta kal\u0131nl\u0131ktaki dallar i\u00e7in uygundur.Kullan\u0131c\u0131 ergonomisi d\u00fc\u015f\u00fcn\u00fclerek tasarlanm\u0131\u015f sap yap\u0131s\u0131, kaymadan rahat bir tutu\u015f sa\u011flar. K\u0131l\u0131fl\u0131 tasar\u0131m\u0131 sayesinde hem g\u00fcvenli hem de pratik bir kullan\u0131m sunar.<\/p>\n","protected":false},"excerpt":{"rendered":"<p>Budama ve bah\u00e7e bak\u0131m i\u015flemlerinde g\u00fcvenilir bir kesim performans\u0131 sunan bu bah\u00e7e testeresi, lazer bilenmi\u015f d\u00fcz b\u0131\u00e7ak yap\u0131s\u0131yla \u00f6ne \u00e7\u0131kar. 270 mm b\u0131\u00e7ak uzunlu\u011fu, ince ve orta kal\u0131nl\u0131ktaki dallar i\u00e7in uygundur.Kullan\u0131c\u0131 ergonomisi d\u00fc\u015f\u00fcn\u00fclerek tasarlanm\u0131\u015f sap yap\u0131s\u0131, kaymadan rahat bir tutu\u015f sa\u011flar. K\u0131l\u0131fl\u0131 tasar\u0131m\u0131 sayesinde hem g\u00fcvenli hem de pratik bir kullan\u0131m sunar.<\/p>\n","protected":false},"featured_media":128973,"comment_status":"open","ping_status":"closed","template":"","meta":{"_kad_post_transparent":"","_kad_post_title":"","_kad_post_layout":"","_kad_post_sidebar_id":"","_kad_post_content_style":"","_kad_post_vertical_padding":"","_kad_post_feature":"","_kad_post_feature_position":"","_kad_post_header":false,"_kad_post_footer":false,"_kad_post_classname":""},"product_brand":[],"product_cat":[15274],"product_tag":[],"class_list":{"0":"post-128974","1":"product","2":"type-product","3":"status-publish","4":"has-post-thumbnail","6":"product_cat-kapi-hirdavati-hirdavat-banyo-yapi-hirdavat-kapi-hirdavati","8":"first","9":"instock","10":"purchasable","11":"product-type-simple","12":"entry","13":"content-bg","14":"loop-entry"},"_links":{"self":[{"href":"https:\/\/www.hediyepazar.com\/index.php?rest_route=\/wp\/v2\/product\/128974","targetHints":{"allow":["GET"]}}],"collection":[{"href":"https:\/\/www.hediyepazar.com\/index.php?rest_route=\/wp\/v2\/product"}],"about":[{"href":"https:\/\/www.hediyepazar.com\/index.php?rest_route=\/wp\/v2\/types\/product"}],"replies":[{"embeddable":true,"href":"https:\/\/www.hediyepazar.com\/index.php?rest_route=%2Fwp%2Fv2%2Fcomments&post=128974"}],"wp:featuredmedia":[{"embeddable":true,"href":"https:\/\/www.hediyepazar.com\/index.php?rest_route=\/wp\/v2\/media\/128973"}],"wp:attachment":[{"href":"https:\/\/www.hediyepazar.com\/index.php?rest_route=%2Fwp%2Fv2%2Fmedia&parent=128974"}],"wp:term":[{"taxonomy":"product_brand","embeddable":true,"href":"https:\/\/www.hediyepazar.com\/index.php?rest_route=%2Fwp%2Fv2%2Fproduct_brand&post=128974"},{"taxonomy":"product_cat","embeddable":true,"href":"https:\/\/www.hediyepazar.com\/index.php?rest_route=%2Fwp%2Fv2%2Fproduct_cat&post=128974"},{"taxonomy":"product_tag","embeddable":true,"href":"https:\/\/www.hediyepazar.com\/index.php?rest_route=%2Fwp%2Fv2%2Fproduct_tag&post=128974"}],"curies":[{"name":"wp","href":"https:\/\/api.w.org\/{rel}","templated":true}]}}