{"id":128978,"date":"2026-05-07T03:18:05","date_gmt":"2026-05-07T06:18:05","guid":{"rendered":"https:\/\/www.hediyepazar.com\/?product=kilifli-budama-bahce-testeresi-270-mm-duz-bicakli"},"modified":"2026-05-07T03:18:05","modified_gmt":"2026-05-07T06:18:05","slug":"kilifli-budama-bahce-testeresi-270-mm-duz-bicakli","status":"publish","type":"product","link":"https:\/\/www.hediyepazar.com\/?product=kilifli-budama-bahce-testeresi-270-mm-duz-bicakli","title":{"rendered":"K\u0131l\u0131fl\u0131 Budama Bah\u00e7e Testeresi 270 mm D\u00fcz B\u0131\u00e7akl\u0131"},"content":{"rendered":"<p>Bah\u00e7e budama i\u015flerini zahmetsiz hale getiren bu d\u00fcz b\u0131\u00e7akl\u0131 budama testeresi, 270 mm uzunlu\u011fundaki b\u0131\u00e7a\u011f\u0131 sayesinde dallar\u0131 ve budama gerektiren odunsu yap\u0131lar\u0131 kolayca kesmenize yard\u0131mc\u0131 olur. Bah\u00e7e, ba\u011f ve hobi ama\u00e7l\u0131 kullan\u0131mlar i\u00e7in ideal bir \u00fcr\u00fcnd\u00fcr.Lazer ile bilenmi\u015f y\u00fcksek kaliteli b\u0131\u00e7ak yap\u0131s\u0131, kesim s\u0131ras\u0131nda daha az g\u00fc\u00e7 harcaman\u0131z\u0131 sa\u011flar. Ergonomik sap tasar\u0131m\u0131, el yormadan g\u00fcvenli kullan\u0131m sunar. K\u0131l\u0131fl\u0131 yap\u0131s\u0131 sayesinde g\u00fcvenle saklanabilir ve ta\u015f\u0131nabilir.<\/p>\n","protected":false},"excerpt":{"rendered":"<p>Bah\u00e7e budama i\u015flerini zahmetsiz hale getiren bu d\u00fcz b\u0131\u00e7akl\u0131 budama testeresi, 270 mm uzunlu\u011fundaki b\u0131\u00e7a\u011f\u0131 sayesinde dallar\u0131 ve budama gerektiren odunsu yap\u0131lar\u0131 kolayca kesmenize yard\u0131mc\u0131 olur. Bah\u00e7e, ba\u011f ve hobi ama\u00e7l\u0131 kullan\u0131mlar i\u00e7in ideal bir \u00fcr\u00fcnd\u00fcr.Lazer ile bilenmi\u015f y\u00fcksek kaliteli b\u0131\u00e7ak yap\u0131s\u0131, kesim s\u0131ras\u0131nda daha az g\u00fc\u00e7 harcaman\u0131z\u0131 sa\u011flar. Ergonomik sap tasar\u0131m\u0131, el yormadan g\u00fcvenli&#8230;<\/p>\n","protected":false},"featured_media":128977,"comment_status":"open","ping_status":"closed","template":"","meta":{"_kad_post_transparent":"","_kad_post_title":"","_kad_post_layout":"","_kad_post_sidebar_id":"","_kad_post_content_style":"","_kad_post_vertical_padding":"","_kad_post_feature":"","_kad_post_feature_position":"","_kad_post_header":false,"_kad_post_footer":false,"_kad_post_classname":""},"product_brand":[],"product_cat":[15274],"product_tag":[],"class_list":{"0":"post-128978","1":"product","2":"type-product","3":"status-publish","4":"has-post-thumbnail","6":"product_cat-kapi-hirdavati-hirdavat-banyo-yapi-hirdavat-kapi-hirdavati","8":"first","9":"instock","10":"purchasable","11":"product-type-simple","12":"entry","13":"content-bg","14":"loop-entry"},"_links":{"self":[{"href":"https:\/\/www.hediyepazar.com\/index.php?rest_route=\/wp\/v2\/product\/128978","targetHints":{"allow":["GET"]}}],"collection":[{"href":"https:\/\/www.hediyepazar.com\/index.php?rest_route=\/wp\/v2\/product"}],"about":[{"href":"https:\/\/www.hediyepazar.com\/index.php?rest_route=\/wp\/v2\/types\/product"}],"replies":[{"embeddable":true,"href":"https:\/\/www.hediyepazar.com\/index.php?rest_route=%2Fwp%2Fv2%2Fcomments&post=128978"}],"wp:featuredmedia":[{"embeddable":true,"href":"https:\/\/www.hediyepazar.com\/index.php?rest_route=\/wp\/v2\/media\/128977"}],"wp:attachment":[{"href":"https:\/\/www.hediyepazar.com\/index.php?rest_route=%2Fwp%2Fv2%2Fmedia&parent=128978"}],"wp:term":[{"taxonomy":"product_brand","embeddable":true,"href":"https:\/\/www.hediyepazar.com\/index.php?rest_route=%2Fwp%2Fv2%2Fproduct_brand&post=128978"},{"taxonomy":"product_cat","embeddable":true,"href":"https:\/\/www.hediyepazar.com\/index.php?rest_route=%2Fwp%2Fv2%2Fproduct_cat&post=128978"},{"taxonomy":"product_tag","embeddable":true,"href":"https:\/\/www.hediyepazar.com\/index.php?rest_route=%2Fwp%2Fv2%2Fproduct_tag&post=128978"}],"curies":[{"name":"wp","href":"https:\/\/api.w.org\/{rel}","templated":true}]}}