{"id":128986,"date":"2026-05-07T03:20:11","date_gmt":"2026-05-07T06:20:11","guid":{"rendered":"https:\/\/www.hediyepazar.com\/?product=ice-acilan-camlar-icin-emniyet-kilidi-seti-3lu"},"modified":"2026-05-07T03:20:11","modified_gmt":"2026-05-07T06:20:11","slug":"ice-acilan-camlar-icin-emniyet-kilidi-seti-3lu","status":"publish","type":"product","link":"https:\/\/www.hediyepazar.com\/?product=ice-acilan-camlar-icin-emniyet-kilidi-seti-3lu","title":{"rendered":"\u0130\u00e7e A\u00e7\u0131lan Camlar \u0130\u00e7in Emniyet Kilidi Seti 3\u2019l\u00fc"},"content":{"rendered":"<p>\u0130\u00e7e a\u00e7\u0131lan cam pencereler i\u00e7in tasarlanan bu emniyet kilidi, pencere a\u00e7\u0131lma mesafesini s\u0131n\u0131rland\u0131rarak g\u00fcvenli bir ya\u015fam alan\u0131 olu\u015fturur. Y\u00fcksek katl\u0131 evlerde ve \u00e7ocuk odalar\u0131nda kullan\u0131ma uygundur.Pratik montaj \u00f6zelli\u011fi sayesinde pencere yap\u0131s\u0131na zarar vermeden uygulanabilir. Dayan\u0131kl\u0131 yap\u0131s\u0131 uzun s\u00fcreli kullan\u0131m sunar. \u00dcr\u00fcn 3\u2019l\u00fc set olarak g\u00f6nderilir.<\/p>\n","protected":false},"excerpt":{"rendered":"<p>\u0130\u00e7e a\u00e7\u0131lan cam pencereler i\u00e7in tasarlanan bu emniyet kilidi, pencere a\u00e7\u0131lma mesafesini s\u0131n\u0131rland\u0131rarak g\u00fcvenli bir ya\u015fam alan\u0131 olu\u015fturur. Y\u00fcksek katl\u0131 evlerde ve \u00e7ocuk odalar\u0131nda kullan\u0131ma uygundur.Pratik montaj \u00f6zelli\u011fi sayesinde pencere yap\u0131s\u0131na zarar vermeden uygulanabilir. Dayan\u0131kl\u0131 yap\u0131s\u0131 uzun s\u00fcreli kullan\u0131m sunar. \u00dcr\u00fcn 3\u2019l\u00fc set olarak g\u00f6nderilir.<\/p>\n","protected":false},"featured_media":128985,"comment_status":"open","ping_status":"closed","template":"","meta":{"_kad_post_transparent":"","_kad_post_title":"","_kad_post_layout":"","_kad_post_sidebar_id":"","_kad_post_content_style":"","_kad_post_vertical_padding":"","_kad_post_feature":"","_kad_post_feature_position":"","_kad_post_header":false,"_kad_post_footer":false,"_kad_post_classname":""},"product_brand":[],"product_cat":[15294],"product_tag":[],"class_list":{"0":"post-128986","1":"product","2":"type-product","3":"status-publish","4":"has-post-thumbnail","6":"product_cat-cam-emniyet-kilidi-cam-emniyet-kilidi","8":"first","9":"instock","10":"purchasable","11":"product-type-simple","12":"entry","13":"content-bg","14":"loop-entry"},"_links":{"self":[{"href":"https:\/\/www.hediyepazar.com\/index.php?rest_route=\/wp\/v2\/product\/128986","targetHints":{"allow":["GET"]}}],"collection":[{"href":"https:\/\/www.hediyepazar.com\/index.php?rest_route=\/wp\/v2\/product"}],"about":[{"href":"https:\/\/www.hediyepazar.com\/index.php?rest_route=\/wp\/v2\/types\/product"}],"replies":[{"embeddable":true,"href":"https:\/\/www.hediyepazar.com\/index.php?rest_route=%2Fwp%2Fv2%2Fcomments&post=128986"}],"wp:featuredmedia":[{"embeddable":true,"href":"https:\/\/www.hediyepazar.com\/index.php?rest_route=\/wp\/v2\/media\/128985"}],"wp:attachment":[{"href":"https:\/\/www.hediyepazar.com\/index.php?rest_route=%2Fwp%2Fv2%2Fmedia&parent=128986"}],"wp:term":[{"taxonomy":"product_brand","embeddable":true,"href":"https:\/\/www.hediyepazar.com\/index.php?rest_route=%2Fwp%2Fv2%2Fproduct_brand&post=128986"},{"taxonomy":"product_cat","embeddable":true,"href":"https:\/\/www.hediyepazar.com\/index.php?rest_route=%2Fwp%2Fv2%2Fproduct_cat&post=128986"},{"taxonomy":"product_tag","embeddable":true,"href":"https:\/\/www.hediyepazar.com\/index.php?rest_route=%2Fwp%2Fv2%2Fproduct_tag&post=128986"}],"curies":[{"name":"wp","href":"https:\/\/api.w.org\/{rel}","templated":true}]}}