{"id":128991,"date":"2026-05-07T03:22:03","date_gmt":"2026-05-07T06:22:03","guid":{"rendered":"https:\/\/www.hediyepazar.com\/?product=emniyet-amacli-pencere-acilma-sinirlayici-aparat-2-adet"},"modified":"2026-05-07T03:22:03","modified_gmt":"2026-05-07T06:22:03","slug":"emniyet-amacli-pencere-acilma-sinirlayici-aparat-2-adet","status":"publish","type":"product","link":"https:\/\/www.hediyepazar.com\/?product=emniyet-amacli-pencere-acilma-sinirlayici-aparat-2-adet","title":{"rendered":"Emniyet Ama\u00e7l\u0131 Pencere A\u00e7\u0131lma S\u0131n\u0131rlay\u0131c\u0131 Aparat 2 Adet"},"content":{"rendered":"<p>Pencere a\u00e7\u0131kl\u0131klar\u0131n\u0131 s\u0131n\u0131rland\u0131rmaya yard\u0131mc\u0131 olan bu g\u00fcvenlik aparat\u0131, pencere kullan\u0131m\u0131n\u0131 daha g\u00fcvenli hale getirir. \u00d6zellikle y\u00fcksek katlarda ya\u015fayanlar i\u00e7in ek bir emniyet \u00f6nlemi sunar.\u00c7o\u011fu i\u00e7e a\u00e7\u0131lan pencere tipi ile uyumludur. Montaj\u0131 pratiktir ve pencere yap\u0131s\u0131na zarar vermeden uygulanabilir. 2 adet olarak g\u00f6nderilmektedir.<\/p>\n","protected":false},"excerpt":{"rendered":"<p>Pencere a\u00e7\u0131kl\u0131klar\u0131n\u0131 s\u0131n\u0131rland\u0131rmaya yard\u0131mc\u0131 olan bu g\u00fcvenlik aparat\u0131, pencere kullan\u0131m\u0131n\u0131 daha g\u00fcvenli hale getirir. \u00d6zellikle y\u00fcksek katlarda ya\u015fayanlar i\u00e7in ek bir emniyet \u00f6nlemi sunar.\u00c7o\u011fu i\u00e7e a\u00e7\u0131lan pencere tipi ile uyumludur. Montaj\u0131 pratiktir ve pencere yap\u0131s\u0131na zarar vermeden uygulanabilir. 2 adet olarak g\u00f6nderilmektedir.<\/p>\n","protected":false},"featured_media":128989,"comment_status":"open","ping_status":"closed","template":"","meta":{"_kad_post_transparent":"","_kad_post_title":"","_kad_post_layout":"","_kad_post_sidebar_id":"","_kad_post_content_style":"","_kad_post_vertical_padding":"","_kad_post_feature":"","_kad_post_feature_position":"","_kad_post_header":false,"_kad_post_footer":false,"_kad_post_classname":""},"product_brand":[],"product_cat":[15294],"product_tag":[],"class_list":{"0":"post-128991","1":"product","2":"type-product","3":"status-publish","4":"has-post-thumbnail","6":"product_cat-cam-emniyet-kilidi-cam-emniyet-kilidi","8":"first","9":"instock","10":"purchasable","11":"product-type-simple","12":"entry","13":"content-bg","14":"loop-entry"},"_links":{"self":[{"href":"https:\/\/www.hediyepazar.com\/index.php?rest_route=\/wp\/v2\/product\/128991","targetHints":{"allow":["GET"]}}],"collection":[{"href":"https:\/\/www.hediyepazar.com\/index.php?rest_route=\/wp\/v2\/product"}],"about":[{"href":"https:\/\/www.hediyepazar.com\/index.php?rest_route=\/wp\/v2\/types\/product"}],"replies":[{"embeddable":true,"href":"https:\/\/www.hediyepazar.com\/index.php?rest_route=%2Fwp%2Fv2%2Fcomments&post=128991"}],"wp:featuredmedia":[{"embeddable":true,"href":"https:\/\/www.hediyepazar.com\/index.php?rest_route=\/wp\/v2\/media\/128989"}],"wp:attachment":[{"href":"https:\/\/www.hediyepazar.com\/index.php?rest_route=%2Fwp%2Fv2%2Fmedia&parent=128991"}],"wp:term":[{"taxonomy":"product_brand","embeddable":true,"href":"https:\/\/www.hediyepazar.com\/index.php?rest_route=%2Fwp%2Fv2%2Fproduct_brand&post=128991"},{"taxonomy":"product_cat","embeddable":true,"href":"https:\/\/www.hediyepazar.com\/index.php?rest_route=%2Fwp%2Fv2%2Fproduct_cat&post=128991"},{"taxonomy":"product_tag","embeddable":true,"href":"https:\/\/www.hediyepazar.com\/index.php?rest_route=%2Fwp%2Fv2%2Fproduct_tag&post=128991"}],"curies":[{"name":"wp","href":"https:\/\/api.w.org\/{rel}","templated":true}]}}