{"id":129002,"date":"2026-05-07T03:25:07","date_gmt":"2026-05-07T06:25:07","guid":{"rendered":"https:\/\/www.hediyepazar.com\/?product=guclu-mandalli-akrobat-telefon-tutucu-masa-arac-uyumlu"},"modified":"2026-05-07T03:25:07","modified_gmt":"2026-05-07T06:25:07","slug":"guclu-mandalli-akrobat-telefon-tutucu-masa-arac-uyumlu","status":"publish","type":"product","link":"https:\/\/www.hediyepazar.com\/?product=guclu-mandalli-akrobat-telefon-tutucu-masa-arac-uyumlu","title":{"rendered":"G\u00fc\u00e7l\u00fc Mandall\u0131 Akrobat Telefon Tutucu Masa Ara\u00e7 Uyumlu"},"content":{"rendered":"<p>Maksimum ta\u015f\u0131ma kapasitesi: 500 gramAk\u0131ll\u0131 telefonlar ile uyumludurDayan\u0131kl\u0131 ve kaliteli malzemeden \u00fcretilmi\u015ftirUzun \u00f6m\u00fcrl\u00fc kullan\u0131m sunarEv, ofis ve ara\u00e7 kullan\u0131m\u0131 i\u00e7in ideal telefon tutucu \u00e7\u00f6z\u00fcm\u00fcd\u00fcr<\/p>\n","protected":false},"excerpt":{"rendered":"<p>Maksimum ta\u015f\u0131ma kapasitesi: 500 gramAk\u0131ll\u0131 telefonlar ile uyumludurDayan\u0131kl\u0131 ve kaliteli malzemeden \u00fcretilmi\u015ftirUzun \u00f6m\u00fcrl\u00fc kullan\u0131m sunarEv, ofis ve ara\u00e7 kullan\u0131m\u0131 i\u00e7in ideal telefon tutucu \u00e7\u00f6z\u00fcm\u00fcd\u00fcr<\/p>\n","protected":false},"featured_media":129001,"comment_status":"open","ping_status":"closed","template":"","meta":{"_kad_post_transparent":"","_kad_post_title":"","_kad_post_layout":"","_kad_post_sidebar_id":"","_kad_post_content_style":"","_kad_post_vertical_padding":"","_kad_post_feature":"","_kad_post_feature_position":"","_kad_post_header":false,"_kad_post_footer":false,"_kad_post_classname":""},"product_brand":[],"product_cat":[14983],"product_tag":[],"class_list":{"0":"post-129002","1":"product","2":"type-product","3":"status-publish","4":"has-post-thumbnail","6":"product_cat-telefon-tutucu-telefon-tutucu","8":"first","9":"instock","10":"purchasable","11":"product-type-simple","12":"entry","13":"content-bg","14":"loop-entry"},"_links":{"self":[{"href":"https:\/\/www.hediyepazar.com\/index.php?rest_route=\/wp\/v2\/product\/129002","targetHints":{"allow":["GET"]}}],"collection":[{"href":"https:\/\/www.hediyepazar.com\/index.php?rest_route=\/wp\/v2\/product"}],"about":[{"href":"https:\/\/www.hediyepazar.com\/index.php?rest_route=\/wp\/v2\/types\/product"}],"replies":[{"embeddable":true,"href":"https:\/\/www.hediyepazar.com\/index.php?rest_route=%2Fwp%2Fv2%2Fcomments&post=129002"}],"wp:featuredmedia":[{"embeddable":true,"href":"https:\/\/www.hediyepazar.com\/index.php?rest_route=\/wp\/v2\/media\/129001"}],"wp:attachment":[{"href":"https:\/\/www.hediyepazar.com\/index.php?rest_route=%2Fwp%2Fv2%2Fmedia&parent=129002"}],"wp:term":[{"taxonomy":"product_brand","embeddable":true,"href":"https:\/\/www.hediyepazar.com\/index.php?rest_route=%2Fwp%2Fv2%2Fproduct_brand&post=129002"},{"taxonomy":"product_cat","embeddable":true,"href":"https:\/\/www.hediyepazar.com\/index.php?rest_route=%2Fwp%2Fv2%2Fproduct_cat&post=129002"},{"taxonomy":"product_tag","embeddable":true,"href":"https:\/\/www.hediyepazar.com\/index.php?rest_route=%2Fwp%2Fv2%2Fproduct_tag&post=129002"}],"curies":[{"name":"wp","href":"https:\/\/api.w.org\/{rel}","templated":true}]}}