{"id":129004,"date":"2026-05-07T03:25:14","date_gmt":"2026-05-07T06:25:14","guid":{"rendered":"https:\/\/www.hediyepazar.com\/?product=eller-serbest-kullanim-saglayan-masaustu-telefon-tutucu"},"modified":"2026-05-07T03:25:14","modified_gmt":"2026-05-07T06:25:14","slug":"eller-serbest-kullanim-saglayan-masaustu-telefon-tutucu","status":"publish","type":"product","link":"https:\/\/www.hediyepazar.com\/?product=eller-serbest-kullanim-saglayan-masaustu-telefon-tutucu","title":{"rendered":"Eller Serbest Kullan\u0131m Sa\u011flayan Masa\u00fcst\u00fc Telefon Tutucu"},"content":{"rendered":"<p>Yeni nesil g\u00fc\u00e7l\u00fc mandall\u0131 tasar\u0131m\u0131 ile sa\u011flam tutu\u015f sa\u011flarPoli\u00fcretan kapl\u0131 tutu\u015f aparat\u0131 sayesinde kaymay\u0131 \u00f6nlerTelefonunuzu \u00e7izmeden g\u00fcvenle kavrarSabit duru\u015fu sayesinde titre\u015fim ve d\u00fc\u015fme riskini azalt\u0131rPop\u00fcler ve kullan\u0131\u015fl\u0131 tasar\u0131m\u0131 ile \u00f6ne \u00e7\u0131kar<\/p>\n","protected":false},"excerpt":{"rendered":"<p>Yeni nesil g\u00fc\u00e7l\u00fc mandall\u0131 tasar\u0131m\u0131 ile sa\u011flam tutu\u015f sa\u011flarPoli\u00fcretan kapl\u0131 tutu\u015f aparat\u0131 sayesinde kaymay\u0131 \u00f6nlerTelefonunuzu \u00e7izmeden g\u00fcvenle kavrarSabit duru\u015fu sayesinde titre\u015fim ve d\u00fc\u015fme riskini azalt\u0131rPop\u00fcler ve kullan\u0131\u015fl\u0131 tasar\u0131m\u0131 ile \u00f6ne \u00e7\u0131kar<\/p>\n","protected":false},"featured_media":129003,"comment_status":"open","ping_status":"closed","template":"","meta":{"_kad_post_transparent":"","_kad_post_title":"","_kad_post_layout":"","_kad_post_sidebar_id":"","_kad_post_content_style":"","_kad_post_vertical_padding":"","_kad_post_feature":"","_kad_post_feature_position":"","_kad_post_header":false,"_kad_post_footer":false,"_kad_post_classname":""},"product_brand":[],"product_cat":[14983],"product_tag":[],"class_list":{"0":"post-129004","1":"product","2":"type-product","3":"status-publish","4":"has-post-thumbnail","6":"product_cat-telefon-tutucu-telefon-tutucu","8":"first","9":"instock","10":"purchasable","11":"product-type-simple","12":"entry","13":"content-bg","14":"loop-entry"},"_links":{"self":[{"href":"https:\/\/www.hediyepazar.com\/index.php?rest_route=\/wp\/v2\/product\/129004","targetHints":{"allow":["GET"]}}],"collection":[{"href":"https:\/\/www.hediyepazar.com\/index.php?rest_route=\/wp\/v2\/product"}],"about":[{"href":"https:\/\/www.hediyepazar.com\/index.php?rest_route=\/wp\/v2\/types\/product"}],"replies":[{"embeddable":true,"href":"https:\/\/www.hediyepazar.com\/index.php?rest_route=%2Fwp%2Fv2%2Fcomments&post=129004"}],"wp:featuredmedia":[{"embeddable":true,"href":"https:\/\/www.hediyepazar.com\/index.php?rest_route=\/wp\/v2\/media\/129003"}],"wp:attachment":[{"href":"https:\/\/www.hediyepazar.com\/index.php?rest_route=%2Fwp%2Fv2%2Fmedia&parent=129004"}],"wp:term":[{"taxonomy":"product_brand","embeddable":true,"href":"https:\/\/www.hediyepazar.com\/index.php?rest_route=%2Fwp%2Fv2%2Fproduct_brand&post=129004"},{"taxonomy":"product_cat","embeddable":true,"href":"https:\/\/www.hediyepazar.com\/index.php?rest_route=%2Fwp%2Fv2%2Fproduct_cat&post=129004"},{"taxonomy":"product_tag","embeddable":true,"href":"https:\/\/www.hediyepazar.com\/index.php?rest_route=%2Fwp%2Fv2%2Fproduct_tag&post=129004"}],"curies":[{"name":"wp","href":"https:\/\/api.w.org\/{rel}","templated":true}]}}