{"id":129012,"date":"2026-05-07T03:26:15","date_gmt":"2026-05-07T06:26:15","guid":{"rendered":"https:\/\/www.hediyepazar.com\/?product=modern-tasarim-hareketli-tv-duvar-aski-aparati"},"modified":"2026-05-07T03:26:15","modified_gmt":"2026-05-07T06:26:15","slug":"modern-tasarim-hareketli-tv-duvar-aski-aparati","status":"publish","type":"product","link":"https:\/\/www.hediyepazar.com\/?product=modern-tasarim-hareketli-tv-duvar-aski-aparati","title":{"rendered":"Modern Tasar\u0131m Hareketli TV Duvar Ask\u0131 Aparat\u0131"},"content":{"rendered":"<p>LED ve LCD televizyonlar i\u00e7in uyumlu olan bu duvar ask\u0131 aparat\u0131, modern dizayn\u0131 ile ya\u015fam alanlar\u0131n\u0131za \u015f\u0131kl\u0131k katar. Hareketli mekanizmas\u0131 sayesinde televizyonunuzu farkl\u0131 a\u00e7\u0131lardan rahat\u00e7a izleyebilirsiniz. \u00d6zellikle dar alanlarda kullan\u0131m i\u00e7in avantaj sa\u011flar.Dayan\u0131kl\u0131 malzemeden \u00fcretilmi\u015f olup uzun s\u00fcreli kullan\u0131m sunar. Montaj aparatlar\u0131 ile birlikte g\u00f6nderilir ve kullan\u0131c\u0131ya kolay kurulum imk\u00e2n\u0131 tan\u0131r.<\/p>\n","protected":false},"excerpt":{"rendered":"<p>LED ve LCD televizyonlar i\u00e7in uyumlu olan bu duvar ask\u0131 aparat\u0131, modern dizayn\u0131 ile ya\u015fam alanlar\u0131n\u0131za \u015f\u0131kl\u0131k katar. Hareketli mekanizmas\u0131 sayesinde televizyonunuzu farkl\u0131 a\u00e7\u0131lardan rahat\u00e7a izleyebilirsiniz. \u00d6zellikle dar alanlarda kullan\u0131m i\u00e7in avantaj sa\u011flar.Dayan\u0131kl\u0131 malzemeden \u00fcretilmi\u015f olup uzun s\u00fcreli kullan\u0131m sunar. Montaj aparatlar\u0131 ile birlikte g\u00f6nderilir ve kullan\u0131c\u0131ya kolay kurulum imk\u00e2n\u0131 tan\u0131r.<\/p>\n","protected":false},"featured_media":129011,"comment_status":"open","ping_status":"closed","template":"","meta":{"_kad_post_transparent":"","_kad_post_title":"","_kad_post_layout":"","_kad_post_sidebar_id":"","_kad_post_content_style":"","_kad_post_vertical_padding":"","_kad_post_feature":"","_kad_post_feature_position":"","_kad_post_header":false,"_kad_post_footer":false,"_kad_post_classname":""},"product_brand":[],"product_cat":[15331],"product_tag":[],"class_list":{"0":"post-129012","1":"product","2":"type-product","3":"status-publish","4":"has-post-thumbnail","6":"product_cat-tv-tutucu-tv-tutucu","8":"first","9":"instock","10":"purchasable","11":"product-type-simple","12":"entry","13":"content-bg","14":"loop-entry"},"_links":{"self":[{"href":"https:\/\/www.hediyepazar.com\/index.php?rest_route=\/wp\/v2\/product\/129012","targetHints":{"allow":["GET"]}}],"collection":[{"href":"https:\/\/www.hediyepazar.com\/index.php?rest_route=\/wp\/v2\/product"}],"about":[{"href":"https:\/\/www.hediyepazar.com\/index.php?rest_route=\/wp\/v2\/types\/product"}],"replies":[{"embeddable":true,"href":"https:\/\/www.hediyepazar.com\/index.php?rest_route=%2Fwp%2Fv2%2Fcomments&post=129012"}],"wp:featuredmedia":[{"embeddable":true,"href":"https:\/\/www.hediyepazar.com\/index.php?rest_route=\/wp\/v2\/media\/129011"}],"wp:attachment":[{"href":"https:\/\/www.hediyepazar.com\/index.php?rest_route=%2Fwp%2Fv2%2Fmedia&parent=129012"}],"wp:term":[{"taxonomy":"product_brand","embeddable":true,"href":"https:\/\/www.hediyepazar.com\/index.php?rest_route=%2Fwp%2Fv2%2Fproduct_brand&post=129012"},{"taxonomy":"product_cat","embeddable":true,"href":"https:\/\/www.hediyepazar.com\/index.php?rest_route=%2Fwp%2Fv2%2Fproduct_cat&post=129012"},{"taxonomy":"product_tag","embeddable":true,"href":"https:\/\/www.hediyepazar.com\/index.php?rest_route=%2Fwp%2Fv2%2Fproduct_tag&post=129012"}],"curies":[{"name":"wp","href":"https:\/\/api.w.org\/{rel}","templated":true}]}}