{"id":129016,"date":"2026-05-07T03:28:05","date_gmt":"2026-05-07T06:28:05","guid":{"rendered":"https:\/\/www.hediyepazar.com\/?product=22-49-inc-tv-uyumlu-hareketli-duvar-aski-aparati"},"modified":"2026-05-07T03:28:05","modified_gmt":"2026-05-07T06:28:05","slug":"22-49-inc-tv-uyumlu-hareketli-duvar-aski-aparati","status":"publish","type":"product","link":"https:\/\/www.hediyepazar.com\/?product=22-49-inc-tv-uyumlu-hareketli-duvar-aski-aparati","title":{"rendered":"22\u201349 \u0130n\u00e7 TV Uyumlu Hareketli Duvar Ask\u0131 Aparat\u0131"},"content":{"rendered":"<p>22\u201349 in\u00e7 televizyonlar i\u00e7in \u00f6zel olarak \u00fcretilen bu hareketli TV ask\u0131 aparat\u0131, ergonomik izleme a\u00e7\u0131s\u0131 sunar. Televizyonu duvara yak\u0131n ya da ileri do\u011fru \u00e7ekerek kullan\u0131m imk\u00e2n\u0131 sa\u011flar. G\u00fcnl\u00fck kullan\u0131mda konfor ve pratiklik kazand\u0131r\u0131r.Ekonomik yap\u0131s\u0131na ra\u011fmen y\u00fcksek ta\u015f\u0131ma kapasitesine sahiptir. Ev tipi kullan\u0131m i\u00e7in idealdir ve kolay montaj \u00f6zelli\u011fi sayesinde k\u0131sa s\u00fcrede kurulabilir.<\/p>\n","protected":false},"excerpt":{"rendered":"<p>22\u201349 in\u00e7 televizyonlar i\u00e7in \u00f6zel olarak \u00fcretilen bu hareketli TV ask\u0131 aparat\u0131, ergonomik izleme a\u00e7\u0131s\u0131 sunar. Televizyonu duvara yak\u0131n ya da ileri do\u011fru \u00e7ekerek kullan\u0131m imk\u00e2n\u0131 sa\u011flar. G\u00fcnl\u00fck kullan\u0131mda konfor ve pratiklik kazand\u0131r\u0131r.Ekonomik yap\u0131s\u0131na ra\u011fmen y\u00fcksek ta\u015f\u0131ma kapasitesine sahiptir. Ev tipi kullan\u0131m i\u00e7in idealdir ve kolay montaj \u00f6zelli\u011fi sayesinde k\u0131sa s\u00fcrede kurulabilir.<\/p>\n","protected":false},"featured_media":129015,"comment_status":"open","ping_status":"closed","template":"","meta":{"_kad_post_transparent":"","_kad_post_title":"","_kad_post_layout":"","_kad_post_sidebar_id":"","_kad_post_content_style":"","_kad_post_vertical_padding":"","_kad_post_feature":"","_kad_post_feature_position":"","_kad_post_header":false,"_kad_post_footer":false,"_kad_post_classname":""},"product_brand":[],"product_cat":[15331],"product_tag":[],"class_list":{"0":"post-129016","1":"product","2":"type-product","3":"status-publish","4":"has-post-thumbnail","6":"product_cat-tv-tutucu-tv-tutucu","8":"first","9":"instock","10":"purchasable","11":"product-type-simple","12":"entry","13":"content-bg","14":"loop-entry"},"_links":{"self":[{"href":"https:\/\/www.hediyepazar.com\/index.php?rest_route=\/wp\/v2\/product\/129016","targetHints":{"allow":["GET"]}}],"collection":[{"href":"https:\/\/www.hediyepazar.com\/index.php?rest_route=\/wp\/v2\/product"}],"about":[{"href":"https:\/\/www.hediyepazar.com\/index.php?rest_route=\/wp\/v2\/types\/product"}],"replies":[{"embeddable":true,"href":"https:\/\/www.hediyepazar.com\/index.php?rest_route=%2Fwp%2Fv2%2Fcomments&post=129016"}],"wp:featuredmedia":[{"embeddable":true,"href":"https:\/\/www.hediyepazar.com\/index.php?rest_route=\/wp\/v2\/media\/129015"}],"wp:attachment":[{"href":"https:\/\/www.hediyepazar.com\/index.php?rest_route=%2Fwp%2Fv2%2Fmedia&parent=129016"}],"wp:term":[{"taxonomy":"product_brand","embeddable":true,"href":"https:\/\/www.hediyepazar.com\/index.php?rest_route=%2Fwp%2Fv2%2Fproduct_brand&post=129016"},{"taxonomy":"product_cat","embeddable":true,"href":"https:\/\/www.hediyepazar.com\/index.php?rest_route=%2Fwp%2Fv2%2Fproduct_cat&post=129016"},{"taxonomy":"product_tag","embeddable":true,"href":"https:\/\/www.hediyepazar.com\/index.php?rest_route=%2Fwp%2Fv2%2Fproduct_tag&post=129016"}],"curies":[{"name":"wp","href":"https:\/\/api.w.org\/{rel}","templated":true}]}}