{"id":129018,"date":"2026-05-07T03:28:12","date_gmt":"2026-05-07T06:28:12","guid":{"rendered":"https:\/\/www.hediyepazar.com\/?product=led-lcd-tv-duvar-aski-aparati-hareketli-ve-doner"},"modified":"2026-05-07T03:28:12","modified_gmt":"2026-05-07T06:28:12","slug":"led-lcd-tv-duvar-aski-aparati-hareketli-ve-doner","status":"publish","type":"product","link":"https:\/\/www.hediyepazar.com\/?product=led-lcd-tv-duvar-aski-aparati-hareketli-ve-doner","title":{"rendered":"LED LCD TV Duvar Ask\u0131 Aparat\u0131 Hareketli ve D\u00f6ner"},"content":{"rendered":"<p>Bu hareketli TV duvar ask\u0131 aparat\u0131, televizyonunuzu duvara sabitleyerek alan tasarrufu sa\u011flar. 3 hareketli yap\u0131s\u0131 sayesinde televizyonu sa\u011fa-sola \u00e7evirebilir, yukar\u0131-a\u015fa\u011f\u0131 a\u00e7\u0131 ayar\u0131 yapabilirsiniz. \u00d6zellikle salon, oturma odas\u0131 ve ofis kullan\u0131m\u0131 i\u00e7in idealdir.VESA uyumlu yap\u0131s\u0131 sayesinde farkl\u0131 montaj delik \u00f6l\u00e7\u00fclerine sahip televizyonlarla rahatl\u0131kla kullan\u0131labilir. Sa\u011flam ve uzun \u00f6m\u00fcrl\u00fc yap\u0131s\u0131 ile g\u00fcvenli kullan\u0131m sunar.<\/p>\n","protected":false},"excerpt":{"rendered":"<p>Bu hareketli TV duvar ask\u0131 aparat\u0131, televizyonunuzu duvara sabitleyerek alan tasarrufu sa\u011flar. 3 hareketli yap\u0131s\u0131 sayesinde televizyonu sa\u011fa-sola \u00e7evirebilir, yukar\u0131-a\u015fa\u011f\u0131 a\u00e7\u0131 ayar\u0131 yapabilirsiniz. \u00d6zellikle salon, oturma odas\u0131 ve ofis kullan\u0131m\u0131 i\u00e7in idealdir.VESA uyumlu yap\u0131s\u0131 sayesinde farkl\u0131 montaj delik \u00f6l\u00e7\u00fclerine sahip televizyonlarla rahatl\u0131kla kullan\u0131labilir. Sa\u011flam ve uzun \u00f6m\u00fcrl\u00fc yap\u0131s\u0131 ile g\u00fcvenli kullan\u0131m sunar.<\/p>\n","protected":false},"featured_media":129017,"comment_status":"open","ping_status":"closed","template":"","meta":{"_kad_post_transparent":"","_kad_post_title":"","_kad_post_layout":"","_kad_post_sidebar_id":"","_kad_post_content_style":"","_kad_post_vertical_padding":"","_kad_post_feature":"","_kad_post_feature_position":"","_kad_post_header":false,"_kad_post_footer":false,"_kad_post_classname":""},"product_brand":[],"product_cat":[15331],"product_tag":[],"class_list":{"0":"post-129018","1":"product","2":"type-product","3":"status-publish","4":"has-post-thumbnail","6":"product_cat-tv-tutucu-tv-tutucu","8":"first","9":"instock","10":"purchasable","11":"product-type-simple","12":"entry","13":"content-bg","14":"loop-entry"},"_links":{"self":[{"href":"https:\/\/www.hediyepazar.com\/index.php?rest_route=\/wp\/v2\/product\/129018","targetHints":{"allow":["GET"]}}],"collection":[{"href":"https:\/\/www.hediyepazar.com\/index.php?rest_route=\/wp\/v2\/product"}],"about":[{"href":"https:\/\/www.hediyepazar.com\/index.php?rest_route=\/wp\/v2\/types\/product"}],"replies":[{"embeddable":true,"href":"https:\/\/www.hediyepazar.com\/index.php?rest_route=%2Fwp%2Fv2%2Fcomments&post=129018"}],"wp:featuredmedia":[{"embeddable":true,"href":"https:\/\/www.hediyepazar.com\/index.php?rest_route=\/wp\/v2\/media\/129017"}],"wp:attachment":[{"href":"https:\/\/www.hediyepazar.com\/index.php?rest_route=%2Fwp%2Fv2%2Fmedia&parent=129018"}],"wp:term":[{"taxonomy":"product_brand","embeddable":true,"href":"https:\/\/www.hediyepazar.com\/index.php?rest_route=%2Fwp%2Fv2%2Fproduct_brand&post=129018"},{"taxonomy":"product_cat","embeddable":true,"href":"https:\/\/www.hediyepazar.com\/index.php?rest_route=%2Fwp%2Fv2%2Fproduct_cat&post=129018"},{"taxonomy":"product_tag","embeddable":true,"href":"https:\/\/www.hediyepazar.com\/index.php?rest_route=%2Fwp%2Fv2%2Fproduct_tag&post=129018"}],"curies":[{"name":"wp","href":"https:\/\/api.w.org\/{rel}","templated":true}]}}