{"id":129020,"date":"2026-05-07T03:28:19","date_gmt":"2026-05-07T06:28:19","guid":{"rendered":"https:\/\/www.hediyepazar.com\/?product=hareketli-tv-duvar-aski-aparati-22-49-inc-uyumlu"},"modified":"2026-05-07T03:28:19","modified_gmt":"2026-05-07T06:28:19","slug":"hareketli-tv-duvar-aski-aparati-22-49-inc-uyumlu","status":"publish","type":"product","link":"https:\/\/www.hediyepazar.com\/?product=hareketli-tv-duvar-aski-aparati-22-49-inc-uyumlu","title":{"rendered":"Hareketli TV Duvar Ask\u0131 Aparat\u0131 22\u201349 \u0130n\u00e7 Uyumlu"},"content":{"rendered":"<p>Hareketli TV duvar ask\u0131 aparat\u0131, 22\u201349 in\u00e7 (56\u2013124 cm) aras\u0131 LED ve LCD televizyonlar ile tam uyumlu olacak \u015fekilde tasarlanm\u0131\u015ft\u0131r. Dikey ve yatay hareket kabiliyeti sayesinde izleme a\u00e7\u0131n\u0131z\u0131 kolayca ayarlayabilir, daha konforlu bir seyir deneyimi elde edebilirsiniz. Modern ve sade tasar\u0131m\u0131, ev ve ofis ortamlar\u0131nda estetik bir g\u00f6r\u00fcn\u00fcm sunar.Dayan\u0131kl\u0131 metal g\u00f6vdesi sayesinde televizyonunuzu g\u00fcvenle ta\u015f\u0131r. Kolay montaj \u00f6zelli\u011fi ile kullan\u0131c\u0131 dostudur. Her marka LED ve LCD TV ile uyumludur.<\/p>\n","protected":false},"excerpt":{"rendered":"<p>Hareketli TV duvar ask\u0131 aparat\u0131, 22\u201349 in\u00e7 (56\u2013124 cm) aras\u0131 LED ve LCD televizyonlar ile tam uyumlu olacak \u015fekilde tasarlanm\u0131\u015ft\u0131r. Dikey ve yatay hareket kabiliyeti sayesinde izleme a\u00e7\u0131n\u0131z\u0131 kolayca ayarlayabilir, daha konforlu bir seyir deneyimi elde edebilirsiniz. Modern ve sade tasar\u0131m\u0131, ev ve ofis ortamlar\u0131nda estetik bir g\u00f6r\u00fcn\u00fcm sunar.Dayan\u0131kl\u0131 metal g\u00f6vdesi sayesinde televizyonunuzu g\u00fcvenle ta\u015f\u0131r&#8230;.<\/p>\n","protected":false},"featured_media":129019,"comment_status":"open","ping_status":"closed","template":"","meta":{"_kad_post_transparent":"","_kad_post_title":"","_kad_post_layout":"","_kad_post_sidebar_id":"","_kad_post_content_style":"","_kad_post_vertical_padding":"","_kad_post_feature":"","_kad_post_feature_position":"","_kad_post_header":false,"_kad_post_footer":false,"_kad_post_classname":""},"product_brand":[],"product_cat":[15331],"product_tag":[],"class_list":{"0":"post-129020","1":"product","2":"type-product","3":"status-publish","4":"has-post-thumbnail","6":"product_cat-tv-tutucu-tv-tutucu","8":"first","9":"instock","10":"purchasable","11":"product-type-simple","12":"entry","13":"content-bg","14":"loop-entry"},"_links":{"self":[{"href":"https:\/\/www.hediyepazar.com\/index.php?rest_route=\/wp\/v2\/product\/129020","targetHints":{"allow":["GET"]}}],"collection":[{"href":"https:\/\/www.hediyepazar.com\/index.php?rest_route=\/wp\/v2\/product"}],"about":[{"href":"https:\/\/www.hediyepazar.com\/index.php?rest_route=\/wp\/v2\/types\/product"}],"replies":[{"embeddable":true,"href":"https:\/\/www.hediyepazar.com\/index.php?rest_route=%2Fwp%2Fv2%2Fcomments&post=129020"}],"wp:featuredmedia":[{"embeddable":true,"href":"https:\/\/www.hediyepazar.com\/index.php?rest_route=\/wp\/v2\/media\/129019"}],"wp:attachment":[{"href":"https:\/\/www.hediyepazar.com\/index.php?rest_route=%2Fwp%2Fv2%2Fmedia&parent=129020"}],"wp:term":[{"taxonomy":"product_brand","embeddable":true,"href":"https:\/\/www.hediyepazar.com\/index.php?rest_route=%2Fwp%2Fv2%2Fproduct_brand&post=129020"},{"taxonomy":"product_cat","embeddable":true,"href":"https:\/\/www.hediyepazar.com\/index.php?rest_route=%2Fwp%2Fv2%2Fproduct_cat&post=129020"},{"taxonomy":"product_tag","embeddable":true,"href":"https:\/\/www.hediyepazar.com\/index.php?rest_route=%2Fwp%2Fv2%2Fproduct_tag&post=129020"}],"curies":[{"name":"wp","href":"https:\/\/api.w.org\/{rel}","templated":true}]}}