{"id":129024,"date":"2026-05-07T03:29:41","date_gmt":"2026-05-07T06:29:41","guid":{"rendered":"https:\/\/www.hediyepazar.com\/?product=esnek-bel-sargisi-puruzsuzlestirici-rahat-kullanim"},"modified":"2026-05-07T03:29:41","modified_gmt":"2026-05-07T06:29:41","slug":"esnek-bel-sargisi-puruzsuzlestirici-rahat-kullanim","status":"publish","type":"product","link":"https:\/\/www.hediyepazar.com\/?product=esnek-bel-sargisi-puruzsuzlestirici-rahat-kullanim","title":{"rendered":"Esnek Bel Sarg\u0131s\u0131 P\u00fcr\u00fczs\u00fczle\u015ftirici Rahat Kullan\u0131m"},"content":{"rendered":"<p>Esnek bel sarg\u0131s\u0131, p\u00fcr\u00fczs\u00fczle\u015ftirici yap\u0131s\u0131 ile bel \u00e7evresinde daha d\u00fczenli bir g\u00f6r\u00fcn\u00fcm elde edilmesine yard\u0131mc\u0131 olur. Kaymaz tasar\u0131m\u0131 sayesinde kullan\u0131m s\u0131ras\u0131nda sabit kal\u0131r. Yumu\u015fak ve nefes alabilen kuma\u015f\u0131 cilt dostudur.Y\u00fckseltilmi\u015f tasar\u0131m\u0131, bel b\u00f6lgesini dengeli \u015fekilde sarar. Farkl\u0131 v\u00fccut tiplerine uyum sa\u011flayan yap\u0131s\u0131 ile rahat bir kullan\u0131m sunar. Ayarlanabilir \u00f6zelli\u011fi sayesinde g\u00fcn boyu konfor sa\u011flar.G\u00fcnl\u00fck kullan\u0131m, spor aktiviteleri veya elbise alt\u0131 kullan\u0131m i\u00e7in uygundur. \u0130nce yap\u0131s\u0131 d\u0131\u015far\u0131dan belli olmaz.Dayan\u0131kl\u0131 ve esnek yap\u0131s\u0131 sayesinde uzun s\u00fcreli kullan\u0131m sunar. Pratik ve rahat bir bel \u015fekillendirici \u00e7\u00f6z\u00fcm arayanlar i\u00e7in idealdir.<\/p>\n","protected":false},"excerpt":{"rendered":"<p>Esnek bel sarg\u0131s\u0131, p\u00fcr\u00fczs\u00fczle\u015ftirici yap\u0131s\u0131 ile bel \u00e7evresinde daha d\u00fczenli bir g\u00f6r\u00fcn\u00fcm elde edilmesine yard\u0131mc\u0131 olur. Kaymaz tasar\u0131m\u0131 sayesinde kullan\u0131m s\u0131ras\u0131nda sabit kal\u0131r. Yumu\u015fak ve nefes alabilen kuma\u015f\u0131 cilt dostudur.Y\u00fckseltilmi\u015f tasar\u0131m\u0131, bel b\u00f6lgesini dengeli \u015fekilde sarar. Farkl\u0131 v\u00fccut tiplerine uyum sa\u011flayan yap\u0131s\u0131 ile rahat bir kullan\u0131m sunar. Ayarlanabilir \u00f6zelli\u011fi sayesinde g\u00fcn boyu konfor sa\u011flar.G\u00fcnl\u00fck kullan\u0131m,&#8230;<\/p>\n","protected":false},"featured_media":129023,"comment_status":"open","ping_status":"closed","template":"","meta":{"_kad_post_transparent":"","_kad_post_title":"","_kad_post_layout":"","_kad_post_sidebar_id":"","_kad_post_content_style":"","_kad_post_vertical_padding":"","_kad_post_feature":"","_kad_post_feature_position":"","_kad_post_header":false,"_kad_post_footer":false,"_kad_post_classname":""},"product_brand":[],"product_cat":[15338],"product_tag":[],"class_list":{"0":"post-129024","1":"product","2":"type-product","3":"status-publish","4":"has-post-thumbnail","6":"product_cat-ortopedi-urunleri-medikal-ekipman-saglik-supermarket-medikal-korse","8":"first","9":"instock","10":"purchasable","11":"product-type-simple","12":"entry","13":"content-bg","14":"loop-entry"},"_links":{"self":[{"href":"https:\/\/www.hediyepazar.com\/index.php?rest_route=\/wp\/v2\/product\/129024","targetHints":{"allow":["GET"]}}],"collection":[{"href":"https:\/\/www.hediyepazar.com\/index.php?rest_route=\/wp\/v2\/product"}],"about":[{"href":"https:\/\/www.hediyepazar.com\/index.php?rest_route=\/wp\/v2\/types\/product"}],"replies":[{"embeddable":true,"href":"https:\/\/www.hediyepazar.com\/index.php?rest_route=%2Fwp%2Fv2%2Fcomments&post=129024"}],"wp:featuredmedia":[{"embeddable":true,"href":"https:\/\/www.hediyepazar.com\/index.php?rest_route=\/wp\/v2\/media\/129023"}],"wp:attachment":[{"href":"https:\/\/www.hediyepazar.com\/index.php?rest_route=%2Fwp%2Fv2%2Fmedia&parent=129024"}],"wp:term":[{"taxonomy":"product_brand","embeddable":true,"href":"https:\/\/www.hediyepazar.com\/index.php?rest_route=%2Fwp%2Fv2%2Fproduct_brand&post=129024"},{"taxonomy":"product_cat","embeddable":true,"href":"https:\/\/www.hediyepazar.com\/index.php?rest_route=%2Fwp%2Fv2%2Fproduct_cat&post=129024"},{"taxonomy":"product_tag","embeddable":true,"href":"https:\/\/www.hediyepazar.com\/index.php?rest_route=%2Fwp%2Fv2%2Fproduct_tag&post=129024"}],"curies":[{"name":"wp","href":"https:\/\/api.w.org\/{rel}","templated":true}]}}