{"id":129028,"date":"2026-05-07T03:31:02","date_gmt":"2026-05-07T06:31:02","guid":{"rendered":"https:\/\/www.hediyepazar.com\/?product=toparlayici-bel-korsesi-nefes-alabilen-elastik"},"modified":"2026-05-07T03:31:02","modified_gmt":"2026-05-07T06:31:02","slug":"toparlayici-bel-korsesi-nefes-alabilen-elastik","status":"publish","type":"product","link":"https:\/\/www.hediyepazar.com\/?product=toparlayici-bel-korsesi-nefes-alabilen-elastik","title":{"rendered":"Toparlay\u0131c\u0131 Bel Korsesi Nefes Alabilen Elastik"},"content":{"rendered":"<p>Toparlay\u0131c\u0131 bel korsesi, bel ve kar\u0131n b\u00f6lgesinde daha d\u00fczenli bir g\u00f6r\u00fcn\u00fcm olu\u015fturmay\u0131 destekleyen esnek bir tasar\u0131ma sahiptir. Kaymaz y\u00fczeyi sayesinde g\u00fcn boyu sabit kal\u0131r ve kullan\u0131m s\u0131ras\u0131nda rahats\u0131zl\u0131k vermez. Nefes alabilen kuma\u015f\u0131, ciltle uyumlu bir deneyim sunar.Elastik sarma yap\u0131s\u0131, bel \u00e7evresini nazik\u00e7e kavrayarak p\u00fcr\u00fczs\u00fcz bir g\u00f6r\u00fcn\u00fcm elde edilmesine yard\u0131mc\u0131 olur. Ayarlanabilir yap\u0131s\u0131 sayesinde farkl\u0131 beden \u00f6l\u00e7\u00fclerine kolayca uyum sa\u011flar. G\u00fcnl\u00fck kullan\u0131m i\u00e7in hafif ve pratiktir.Spor salonunda, y\u00fcr\u00fcy\u00fc\u015fte, ko\u015fu s\u0131ras\u0131nda veya g\u00fcnl\u00fck aktivitelerde rahatl\u0131kla kullan\u0131labilir. \u0130nce yap\u0131s\u0131 sayesinde k\u0131yafetlerin alt\u0131nda fark edilmez ve g\u00fcn boyu konfor sa\u011flar.Dayan\u0131kl\u0131 malzemesi ile uzun s\u00fcreli kullan\u0131m sunar. G\u00fcnl\u00fck ya\u015famda daha d\u00fczenli ve toparlanm\u0131\u015f bir bel g\u00f6r\u00fcn\u00fcm\u00fc isteyenler i\u00e7in ideal bir tercihtir.<\/p>\n","protected":false},"excerpt":{"rendered":"<p>Toparlay\u0131c\u0131 bel korsesi, bel ve kar\u0131n b\u00f6lgesinde daha d\u00fczenli bir g\u00f6r\u00fcn\u00fcm olu\u015fturmay\u0131 destekleyen esnek bir tasar\u0131ma sahiptir. Kaymaz y\u00fczeyi sayesinde g\u00fcn boyu sabit kal\u0131r ve kullan\u0131m s\u0131ras\u0131nda rahats\u0131zl\u0131k vermez. Nefes alabilen kuma\u015f\u0131, ciltle uyumlu bir deneyim sunar.Elastik sarma yap\u0131s\u0131, bel \u00e7evresini nazik\u00e7e kavrayarak p\u00fcr\u00fczs\u00fcz bir g\u00f6r\u00fcn\u00fcm elde edilmesine yard\u0131mc\u0131 olur. Ayarlanabilir yap\u0131s\u0131 sayesinde farkl\u0131 beden&#8230;<\/p>\n","protected":false},"featured_media":129027,"comment_status":"open","ping_status":"closed","template":"","meta":{"_kad_post_transparent":"","_kad_post_title":"","_kad_post_layout":"","_kad_post_sidebar_id":"","_kad_post_content_style":"","_kad_post_vertical_padding":"","_kad_post_feature":"","_kad_post_feature_position":"","_kad_post_header":false,"_kad_post_footer":false,"_kad_post_classname":""},"product_brand":[],"product_cat":[15338],"product_tag":[],"class_list":{"0":"post-129028","1":"product","2":"type-product","3":"status-publish","4":"has-post-thumbnail","6":"product_cat-ortopedi-urunleri-medikal-ekipman-saglik-supermarket-medikal-korse","8":"first","9":"instock","10":"purchasable","11":"product-type-simple","12":"entry","13":"content-bg","14":"loop-entry"},"_links":{"self":[{"href":"https:\/\/www.hediyepazar.com\/index.php?rest_route=\/wp\/v2\/product\/129028","targetHints":{"allow":["GET"]}}],"collection":[{"href":"https:\/\/www.hediyepazar.com\/index.php?rest_route=\/wp\/v2\/product"}],"about":[{"href":"https:\/\/www.hediyepazar.com\/index.php?rest_route=\/wp\/v2\/types\/product"}],"replies":[{"embeddable":true,"href":"https:\/\/www.hediyepazar.com\/index.php?rest_route=%2Fwp%2Fv2%2Fcomments&post=129028"}],"wp:featuredmedia":[{"embeddable":true,"href":"https:\/\/www.hediyepazar.com\/index.php?rest_route=\/wp\/v2\/media\/129027"}],"wp:attachment":[{"href":"https:\/\/www.hediyepazar.com\/index.php?rest_route=%2Fwp%2Fv2%2Fmedia&parent=129028"}],"wp:term":[{"taxonomy":"product_brand","embeddable":true,"href":"https:\/\/www.hediyepazar.com\/index.php?rest_route=%2Fwp%2Fv2%2Fproduct_brand&post=129028"},{"taxonomy":"product_cat","embeddable":true,"href":"https:\/\/www.hediyepazar.com\/index.php?rest_route=%2Fwp%2Fv2%2Fproduct_cat&post=129028"},{"taxonomy":"product_tag","embeddable":true,"href":"https:\/\/www.hediyepazar.com\/index.php?rest_route=%2Fwp%2Fv2%2Fproduct_tag&post=129028"}],"curies":[{"name":"wp","href":"https:\/\/api.w.org\/{rel}","templated":true}]}}