{"id":129030,"date":"2026-05-07T03:31:10","date_gmt":"2026-05-07T06:31:10","guid":{"rendered":"https:\/\/www.hediyepazar.com\/?product=vucut-sekillendirici-bel-sargisi-kaymaz-esnek-tasarim"},"modified":"2026-05-07T03:31:10","modified_gmt":"2026-05-07T06:31:10","slug":"vucut-sekillendirici-bel-sargisi-kaymaz-esnek-tasarim","status":"publish","type":"product","link":"https:\/\/www.hediyepazar.com\/?product=vucut-sekillendirici-bel-sargisi-kaymaz-esnek-tasarim","title":{"rendered":"V\u00fccut \u015eekillendirici Bel Sarg\u0131s\u0131 Kaymaz Esnek Tasar\u0131m"},"content":{"rendered":"<p>V\u00fccut \u015fekillendirici bel sarg\u0131s\u0131, bel b\u00f6lgesini nazik\u00e7e sararak daha toparlanm\u0131\u015f ve p\u00fcr\u00fczs\u00fcz bir g\u00f6r\u00fcn\u00fcm elde edilmesine yard\u0131mc\u0131 olmak i\u00e7in tasarlanm\u0131\u015ft\u0131r. Kaymaz yap\u0131s\u0131 sayesinde g\u00fcn boyunca sabit durur ve kullan\u0131m s\u0131ras\u0131nda kayma yapmaz. Esnek ve nefes alabilen kuma\u015f\u0131, uzun s\u00fcreli kullan\u0131mlarda konfor sunar.Y\u00fckseltilmi\u015f ergonomik tasar\u0131m\u0131, bel b\u00f6lgesini dengeli \u015fekilde kavrayarak v\u00fccuda uyum sa\u011flar. Farkl\u0131 v\u00fccut tiplerine uygun yap\u0131s\u0131 sayesinde uzun veya k\u0131sa g\u00f6vdeli kullan\u0131c\u0131lar i\u00e7in rahat bir kullan\u0131m imk\u00e2n\u0131 sunar. Ayarlanabilir sarma \u00f6zelli\u011fi ile ki\u015fisel konfor seviyesine g\u00f6re kullan\u0131labilir.Elbise alt\u0131na giyilebilen ince tasar\u0131m\u0131 sayesinde d\u0131\u015far\u0131dan belli olmaz. G\u00fcnl\u00fck kombinlerle uyumludur ve hareket \u00f6zg\u00fcrl\u00fc\u011f\u00fcn\u00fc k\u0131s\u0131tlamaz. Spor yaparken, y\u00fcr\u00fcy\u00fc\u015fte veya g\u00fcnl\u00fck aktiviteler s\u0131ras\u0131nda rahatl\u0131kla tercih edilebilir.Dayan\u0131kl\u0131 elastik yap\u0131s\u0131, d\u00fczenli kullan\u0131mda formunu korur. G\u00fcnl\u00fck hayatta daha d\u00fczg\u00fcn ve dengeli bir siluet g\u00f6r\u00fcn\u00fcm\u00fc arayan kullan\u0131c\u0131lar i\u00e7in pratik bir v\u00fccut \u015fekillendirici \u00e7\u00f6z\u00fcmd\u00fcr.<\/p>\n","protected":false},"excerpt":{"rendered":"<p>V\u00fccut \u015fekillendirici bel sarg\u0131s\u0131, bel b\u00f6lgesini nazik\u00e7e sararak daha toparlanm\u0131\u015f ve p\u00fcr\u00fczs\u00fcz bir g\u00f6r\u00fcn\u00fcm elde edilmesine yard\u0131mc\u0131 olmak i\u00e7in tasarlanm\u0131\u015ft\u0131r. Kaymaz yap\u0131s\u0131 sayesinde g\u00fcn boyunca sabit durur ve kullan\u0131m s\u0131ras\u0131nda kayma yapmaz. Esnek ve nefes alabilen kuma\u015f\u0131, uzun s\u00fcreli kullan\u0131mlarda konfor sunar.Y\u00fckseltilmi\u015f ergonomik tasar\u0131m\u0131, bel b\u00f6lgesini dengeli \u015fekilde kavrayarak v\u00fccuda uyum sa\u011flar. Farkl\u0131 v\u00fccut tiplerine&#8230;<\/p>\n","protected":false},"featured_media":129029,"comment_status":"open","ping_status":"closed","template":"","meta":{"_kad_post_transparent":"","_kad_post_title":"","_kad_post_layout":"","_kad_post_sidebar_id":"","_kad_post_content_style":"","_kad_post_vertical_padding":"","_kad_post_feature":"","_kad_post_feature_position":"","_kad_post_header":false,"_kad_post_footer":false,"_kad_post_classname":""},"product_brand":[],"product_cat":[15338],"product_tag":[],"class_list":{"0":"post-129030","1":"product","2":"type-product","3":"status-publish","4":"has-post-thumbnail","6":"product_cat-ortopedi-urunleri-medikal-ekipman-saglik-supermarket-medikal-korse","8":"first","9":"instock","10":"purchasable","11":"product-type-simple","12":"entry","13":"content-bg","14":"loop-entry"},"_links":{"self":[{"href":"https:\/\/www.hediyepazar.com\/index.php?rest_route=\/wp\/v2\/product\/129030","targetHints":{"allow":["GET"]}}],"collection":[{"href":"https:\/\/www.hediyepazar.com\/index.php?rest_route=\/wp\/v2\/product"}],"about":[{"href":"https:\/\/www.hediyepazar.com\/index.php?rest_route=\/wp\/v2\/types\/product"}],"replies":[{"embeddable":true,"href":"https:\/\/www.hediyepazar.com\/index.php?rest_route=%2Fwp%2Fv2%2Fcomments&post=129030"}],"wp:featuredmedia":[{"embeddable":true,"href":"https:\/\/www.hediyepazar.com\/index.php?rest_route=\/wp\/v2\/media\/129029"}],"wp:attachment":[{"href":"https:\/\/www.hediyepazar.com\/index.php?rest_route=%2Fwp%2Fv2%2Fmedia&parent=129030"}],"wp:term":[{"taxonomy":"product_brand","embeddable":true,"href":"https:\/\/www.hediyepazar.com\/index.php?rest_route=%2Fwp%2Fv2%2Fproduct_brand&post=129030"},{"taxonomy":"product_cat","embeddable":true,"href":"https:\/\/www.hediyepazar.com\/index.php?rest_route=%2Fwp%2Fv2%2Fproduct_cat&post=129030"},{"taxonomy":"product_tag","embeddable":true,"href":"https:\/\/www.hediyepazar.com\/index.php?rest_route=%2Fwp%2Fv2%2Fproduct_tag&post=129030"}],"curies":[{"name":"wp","href":"https:\/\/api.w.org\/{rel}","templated":true}]}}