{"id":129032,"date":"2026-05-07T03:31:19","date_gmt":"2026-05-07T06:31:19","guid":{"rendered":"https:\/\/www.hediyepazar.com\/?product=ev-ve-ofis-icin-zaman-kontrollu-coklu-sarj-cihazi"},"modified":"2026-05-07T03:31:19","modified_gmt":"2026-05-07T06:31:19","slug":"ev-ve-ofis-icin-zaman-kontrollu-coklu-sarj-cihazi","status":"publish","type":"product","link":"https:\/\/www.hediyepazar.com\/?product=ev-ve-ofis-icin-zaman-kontrollu-coklu-sarj-cihazi","title":{"rendered":"Ev ve Ofis \u0130\u00e7in Zaman Kontroll\u00fc \u00c7oklu \u015earj Cihaz\u0131"},"content":{"rendered":"<p>Zaman kontroll\u00fc \u00e7oklu \u015farj cihaz\u0131, enerji tasarrufu ve batarya korumas\u0131n\u0131 \u00f6n planda tutan kullan\u0131c\u0131lar i\u00e7in geli\u015ftirilmi\u015ftir. 30W h\u0131zl\u0131 \u015farj deste\u011fi, modern cihazlarla uyumlu yap\u0131 sunar. Manuel zaman ayarlar\u0131 sayesinde \u015farj s\u00fcresi kontroll\u00fc \u015fekilde y\u00f6netilir.Ak\u0131ll\u0131 koruma sistemi, g\u00fcvenli \u015farj deneyimi sunar. Ev ve ofis kullan\u0131m\u0131na uygun tasar\u0131m\u0131 ile g\u00fcnl\u00fck hayat\u0131 kolayla\u015ft\u0131r\u0131r.<\/p>\n","protected":false},"excerpt":{"rendered":"<p>Zaman kontroll\u00fc \u00e7oklu \u015farj cihaz\u0131, enerji tasarrufu ve batarya korumas\u0131n\u0131 \u00f6n planda tutan kullan\u0131c\u0131lar i\u00e7in geli\u015ftirilmi\u015ftir. 30W h\u0131zl\u0131 \u015farj deste\u011fi, modern cihazlarla uyumlu yap\u0131 sunar. Manuel zaman ayarlar\u0131 sayesinde \u015farj s\u00fcresi kontroll\u00fc \u015fekilde y\u00f6netilir.Ak\u0131ll\u0131 koruma sistemi, g\u00fcvenli \u015farj deneyimi sunar. Ev ve ofis kullan\u0131m\u0131na uygun tasar\u0131m\u0131 ile g\u00fcnl\u00fck hayat\u0131 kolayla\u015ft\u0131r\u0131r.<\/p>\n","protected":false},"featured_media":129031,"comment_status":"open","ping_status":"closed","template":"","meta":{"_kad_post_transparent":"","_kad_post_title":"","_kad_post_layout":"","_kad_post_sidebar_id":"","_kad_post_content_style":"","_kad_post_vertical_padding":"","_kad_post_feature":"","_kad_post_feature_position":"","_kad_post_header":false,"_kad_post_footer":false,"_kad_post_classname":""},"product_brand":[],"product_cat":[15319],"product_tag":[],"class_list":{"0":"post-129032","1":"product","2":"type-product","3":"status-publish","4":"has-post-thumbnail","6":"product_cat-grup-priz-uzatma-kablosu-elektrik-tesisat-malzemesi-banyo-yapi-hirdavat-grup-priz-uzatma-kablosu","8":"first","9":"instock","10":"purchasable","11":"product-type-simple","12":"entry","13":"content-bg","14":"loop-entry"},"_links":{"self":[{"href":"https:\/\/www.hediyepazar.com\/index.php?rest_route=\/wp\/v2\/product\/129032","targetHints":{"allow":["GET"]}}],"collection":[{"href":"https:\/\/www.hediyepazar.com\/index.php?rest_route=\/wp\/v2\/product"}],"about":[{"href":"https:\/\/www.hediyepazar.com\/index.php?rest_route=\/wp\/v2\/types\/product"}],"replies":[{"embeddable":true,"href":"https:\/\/www.hediyepazar.com\/index.php?rest_route=%2Fwp%2Fv2%2Fcomments&post=129032"}],"wp:featuredmedia":[{"embeddable":true,"href":"https:\/\/www.hediyepazar.com\/index.php?rest_route=\/wp\/v2\/media\/129031"}],"wp:attachment":[{"href":"https:\/\/www.hediyepazar.com\/index.php?rest_route=%2Fwp%2Fv2%2Fmedia&parent=129032"}],"wp:term":[{"taxonomy":"product_brand","embeddable":true,"href":"https:\/\/www.hediyepazar.com\/index.php?rest_route=%2Fwp%2Fv2%2Fproduct_brand&post=129032"},{"taxonomy":"product_cat","embeddable":true,"href":"https:\/\/www.hediyepazar.com\/index.php?rest_route=%2Fwp%2Fv2%2Fproduct_cat&post=129032"},{"taxonomy":"product_tag","embeddable":true,"href":"https:\/\/www.hediyepazar.com\/index.php?rest_route=%2Fwp%2Fv2%2Fproduct_tag&post=129032"}],"curies":[{"name":"wp","href":"https:\/\/api.w.org\/{rel}","templated":true}]}}