{"id":129042,"date":"2026-05-07T03:34:07","date_gmt":"2026-05-07T06:34:07","guid":{"rendered":"https:\/\/www.hediyepazar.com\/?product=ev-ve-ofis-icin-3-metre-kablolu-4-priz-makarasi"},"modified":"2026-05-07T03:34:07","modified_gmt":"2026-05-07T06:34:07","slug":"ev-ve-ofis-icin-3-metre-kablolu-4-priz-makarasi","status":"publish","type":"product","link":"https:\/\/www.hediyepazar.com\/?product=ev-ve-ofis-icin-3-metre-kablolu-4-priz-makarasi","title":{"rendered":"Ev ve Ofis \u0130\u00e7in 3 Metre Kablolu 4 Priz Makaras\u0131"},"content":{"rendered":"<p>Bu 3 metre kablolu 4\u2019l\u00fc priz makaras\u0131, sade ve i\u015flevsel tasar\u0131m\u0131yla g\u00fcnl\u00fck kullan\u0131m i\u00e7in idealdir. Uzun kablosu sayesinde prizden uzak alanlarda rahatl\u0131kla enerji sa\u011flar.Kablolu tipi sayesinde kesintisiz elektrik aktar\u0131m\u0131 sunar. K\u0131rm\u0131z\u0131 renkli tasar\u0131m\u0131 ile g\u00f6r\u00fcn\u00fcrl\u00fc\u011f\u00fc y\u00fcksektir. T\u00fcrkiye men\u015feli \u00fcretimi ile g\u00fcvenilirlik sunar.CE standartlar\u0131na uygun olarak \u00fcretilmi\u015ftir. USB ve ak\u0131m koruma \u00f6zellikleri bulunmayan yap\u0131s\u0131, kompakt ve pratik bir kullan\u0131m sa\u011flar. \u0130thalat\u00e7\u0131 garantisi mevcuttur.<\/p>\n","protected":false},"excerpt":{"rendered":"<p>Bu 3 metre kablolu 4\u2019l\u00fc priz makaras\u0131, sade ve i\u015flevsel tasar\u0131m\u0131yla g\u00fcnl\u00fck kullan\u0131m i\u00e7in idealdir. Uzun kablosu sayesinde prizden uzak alanlarda rahatl\u0131kla enerji sa\u011flar.Kablolu tipi sayesinde kesintisiz elektrik aktar\u0131m\u0131 sunar. K\u0131rm\u0131z\u0131 renkli tasar\u0131m\u0131 ile g\u00f6r\u00fcn\u00fcrl\u00fc\u011f\u00fc y\u00fcksektir. T\u00fcrkiye men\u015feli \u00fcretimi ile g\u00fcvenilirlik sunar.CE standartlar\u0131na uygun olarak \u00fcretilmi\u015ftir. USB ve ak\u0131m koruma \u00f6zellikleri bulunmayan yap\u0131s\u0131, kompakt ve&#8230;<\/p>\n","protected":false},"featured_media":129041,"comment_status":"open","ping_status":"closed","template":"","meta":{"_kad_post_transparent":"","_kad_post_title":"","_kad_post_layout":"","_kad_post_sidebar_id":"","_kad_post_content_style":"","_kad_post_vertical_padding":"","_kad_post_feature":"","_kad_post_feature_position":"","_kad_post_header":false,"_kad_post_footer":false,"_kad_post_classname":""},"product_brand":[],"product_cat":[15319],"product_tag":[],"class_list":{"0":"post-129042","1":"product","2":"type-product","3":"status-publish","4":"has-post-thumbnail","6":"product_cat-grup-priz-uzatma-kablosu-elektrik-tesisat-malzemesi-banyo-yapi-hirdavat-grup-priz-uzatma-kablosu","8":"first","9":"instock","10":"purchasable","11":"product-type-simple","12":"entry","13":"content-bg","14":"loop-entry"},"_links":{"self":[{"href":"https:\/\/www.hediyepazar.com\/index.php?rest_route=\/wp\/v2\/product\/129042","targetHints":{"allow":["GET"]}}],"collection":[{"href":"https:\/\/www.hediyepazar.com\/index.php?rest_route=\/wp\/v2\/product"}],"about":[{"href":"https:\/\/www.hediyepazar.com\/index.php?rest_route=\/wp\/v2\/types\/product"}],"replies":[{"embeddable":true,"href":"https:\/\/www.hediyepazar.com\/index.php?rest_route=%2Fwp%2Fv2%2Fcomments&post=129042"}],"wp:featuredmedia":[{"embeddable":true,"href":"https:\/\/www.hediyepazar.com\/index.php?rest_route=\/wp\/v2\/media\/129041"}],"wp:attachment":[{"href":"https:\/\/www.hediyepazar.com\/index.php?rest_route=%2Fwp%2Fv2%2Fmedia&parent=129042"}],"wp:term":[{"taxonomy":"product_brand","embeddable":true,"href":"https:\/\/www.hediyepazar.com\/index.php?rest_route=%2Fwp%2Fv2%2Fproduct_brand&post=129042"},{"taxonomy":"product_cat","embeddable":true,"href":"https:\/\/www.hediyepazar.com\/index.php?rest_route=%2Fwp%2Fv2%2Fproduct_cat&post=129042"},{"taxonomy":"product_tag","embeddable":true,"href":"https:\/\/www.hediyepazar.com\/index.php?rest_route=%2Fwp%2Fv2%2Fproduct_tag&post=129042"}],"curies":[{"name":"wp","href":"https:\/\/api.w.org\/{rel}","templated":true}]}}