{"id":129044,"date":"2026-05-07T03:34:12","date_gmt":"2026-05-07T06:34:12","guid":{"rendered":"https:\/\/www.hediyepazar.com\/?product=ce-belgeli-3-metre-4lu-kablolu-priz-makara"},"modified":"2026-05-07T03:34:12","modified_gmt":"2026-05-07T06:34:12","slug":"ce-belgeli-3-metre-4lu-kablolu-priz-makara","status":"publish","type":"product","link":"https:\/\/www.hediyepazar.com\/?product=ce-belgeli-3-metre-4lu-kablolu-priz-makara","title":{"rendered":"CE Belgeli 3 Metre 4\u2019l\u00fc Kablolu Priz Makara"},"content":{"rendered":"<p>3 metre uzunlu\u011fundaki kablosu ile kullan\u0131m alan\u0131n\u0131z\u0131 geni\u015fleten bu kablolu priz makaras\u0131, 4 priz kapasitesi sayesinde birden fazla elektrikli cihaz\u0131 ayn\u0131 anda kullanman\u0131za olanak tan\u0131r. Ev, ofis ve \u00e7al\u0131\u015fma alanlar\u0131 i\u00e7in uygundur.K\u0131rm\u0131z\u0131 rengi sayesinde dikkat \u00e7ekici ve kolay fark edilir bir tasar\u0131ma sahiptir. T\u00fcrkiye \u00fcretimi olmas\u0131, yerli \u00fcretim kalitesini yans\u0131t\u0131r. CE belgeli yap\u0131s\u0131, g\u00fcvenlik standartlar\u0131na uygun \u00fcretildi\u011fini g\u00f6sterir.USB portu ve ak\u0131m korumas\u0131 bulunmayan sade yap\u0131s\u0131, temel elektrik ihtiya\u00e7lar\u0131 i\u00e7in pratik bir \u00e7\u00f6z\u00fcm sunar. \u0130thalat\u00e7\u0131 garantisi ile g\u00fcvenle kullan\u0131labilir.<\/p>\n","protected":false},"excerpt":{"rendered":"<p>3 metre uzunlu\u011fundaki kablosu ile kullan\u0131m alan\u0131n\u0131z\u0131 geni\u015fleten bu kablolu priz makaras\u0131, 4 priz kapasitesi sayesinde birden fazla elektrikli cihaz\u0131 ayn\u0131 anda kullanman\u0131za olanak tan\u0131r. Ev, ofis ve \u00e7al\u0131\u015fma alanlar\u0131 i\u00e7in uygundur.K\u0131rm\u0131z\u0131 rengi sayesinde dikkat \u00e7ekici ve kolay fark edilir bir tasar\u0131ma sahiptir. T\u00fcrkiye \u00fcretimi olmas\u0131, yerli \u00fcretim kalitesini yans\u0131t\u0131r. CE belgeli yap\u0131s\u0131, g\u00fcvenlik standartlar\u0131na&#8230;<\/p>\n","protected":false},"featured_media":129043,"comment_status":"open","ping_status":"closed","template":"","meta":{"_kad_post_transparent":"","_kad_post_title":"","_kad_post_layout":"","_kad_post_sidebar_id":"","_kad_post_content_style":"","_kad_post_vertical_padding":"","_kad_post_feature":"","_kad_post_feature_position":"","_kad_post_header":false,"_kad_post_footer":false,"_kad_post_classname":""},"product_brand":[],"product_cat":[15319],"product_tag":[],"class_list":{"0":"post-129044","1":"product","2":"type-product","3":"status-publish","4":"has-post-thumbnail","6":"product_cat-grup-priz-uzatma-kablosu-elektrik-tesisat-malzemesi-banyo-yapi-hirdavat-grup-priz-uzatma-kablosu","8":"first","9":"instock","10":"purchasable","11":"product-type-simple","12":"entry","13":"content-bg","14":"loop-entry"},"_links":{"self":[{"href":"https:\/\/www.hediyepazar.com\/index.php?rest_route=\/wp\/v2\/product\/129044","targetHints":{"allow":["GET"]}}],"collection":[{"href":"https:\/\/www.hediyepazar.com\/index.php?rest_route=\/wp\/v2\/product"}],"about":[{"href":"https:\/\/www.hediyepazar.com\/index.php?rest_route=\/wp\/v2\/types\/product"}],"replies":[{"embeddable":true,"href":"https:\/\/www.hediyepazar.com\/index.php?rest_route=%2Fwp%2Fv2%2Fcomments&post=129044"}],"wp:featuredmedia":[{"embeddable":true,"href":"https:\/\/www.hediyepazar.com\/index.php?rest_route=\/wp\/v2\/media\/129043"}],"wp:attachment":[{"href":"https:\/\/www.hediyepazar.com\/index.php?rest_route=%2Fwp%2Fv2%2Fmedia&parent=129044"}],"wp:term":[{"taxonomy":"product_brand","embeddable":true,"href":"https:\/\/www.hediyepazar.com\/index.php?rest_route=%2Fwp%2Fv2%2Fproduct_brand&post=129044"},{"taxonomy":"product_cat","embeddable":true,"href":"https:\/\/www.hediyepazar.com\/index.php?rest_route=%2Fwp%2Fv2%2Fproduct_cat&post=129044"},{"taxonomy":"product_tag","embeddable":true,"href":"https:\/\/www.hediyepazar.com\/index.php?rest_route=%2Fwp%2Fv2%2Fproduct_tag&post=129044"}],"curies":[{"name":"wp","href":"https:\/\/api.w.org\/{rel}","templated":true}]}}