{"id":129048,"date":"2026-05-07T03:36:05","date_gmt":"2026-05-07T06:36:05","guid":{"rendered":"https:\/\/www.hediyepazar.com\/?product=3-metre-kablolu-4lu-kirmizi-priz-makara"},"modified":"2026-05-07T03:36:05","modified_gmt":"2026-05-07T06:36:05","slug":"3-metre-kablolu-4lu-kirmizi-priz-makara","status":"publish","type":"product","link":"https:\/\/www.hediyepazar.com\/?product=3-metre-kablolu-4lu-kirmizi-priz-makara","title":{"rendered":"3 Metre Kablolu 4\u2019l\u00fc K\u0131rm\u0131z\u0131 Priz Makara"},"content":{"rendered":"<p>3 metre uzunlu\u011fundaki kablosu sayesinde geni\u015f bir kullan\u0131m alan\u0131 sunan bu kablolu priz makaras\u0131, ev, ofis ve at\u00f6lye gibi farkl\u0131 ortamlarda pratik bir enerji \u00e7\u00f6z\u00fcm\u00fc sa\u011flar. 4 adet priz kapasitesi ile ayn\u0131 anda birden fazla cihaz\u0131n ba\u011flanmas\u0131na imk\u00e2n tan\u0131r ve g\u00fcnl\u00fck elektrik ihtiya\u00e7lar\u0131n\u0131 kar\u015f\u0131lamada b\u00fcy\u00fck kolayl\u0131k sunar.Kablolu tipte tasarlanm\u0131\u015f olmas\u0131, kesintisiz ve g\u00fcvenilir enerji aktar\u0131m\u0131 sa\u011flar. K\u0131rm\u0131z\u0131 renkli g\u00f6vdesi sayesinde kolay fark edilir ve dikkat \u00e7ekici bir g\u00f6r\u00fcn\u00fcm sunar. T\u00fcrkiye men\u015feli \u00fcretimi ile yerli \u00fcretim kalitesini yans\u0131t\u0131r.CE uygunluk sembol\u00fcne sahip olan \u00fcr\u00fcn, g\u00fcvenlik standartlar\u0131na uygun \u015fekilde \u00fcretilmi\u015ftir. USB portu ve ak\u0131m koruma \u00f6zelli\u011fi bulunmayan sade tasar\u0131m\u0131 sayesinde kompakt ve pratik bir kullan\u0131m sunar. \u0130thalat\u00e7\u0131 garantisi ile sat\u0131\u015f sonras\u0131 destek avantaj\u0131 sa\u011flar.<\/p>\n","protected":false},"excerpt":{"rendered":"<p>3 metre uzunlu\u011fundaki kablosu sayesinde geni\u015f bir kullan\u0131m alan\u0131 sunan bu kablolu priz makaras\u0131, ev, ofis ve at\u00f6lye gibi farkl\u0131 ortamlarda pratik bir enerji \u00e7\u00f6z\u00fcm\u00fc sa\u011flar. 4 adet priz kapasitesi ile ayn\u0131 anda birden fazla cihaz\u0131n ba\u011flanmas\u0131na imk\u00e2n tan\u0131r ve g\u00fcnl\u00fck elektrik ihtiya\u00e7lar\u0131n\u0131 kar\u015f\u0131lamada b\u00fcy\u00fck kolayl\u0131k sunar.Kablolu tipte tasarlanm\u0131\u015f olmas\u0131, kesintisiz ve g\u00fcvenilir enerji aktar\u0131m\u0131&#8230;<\/p>\n","protected":false},"featured_media":129047,"comment_status":"open","ping_status":"closed","template":"","meta":{"_kad_post_transparent":"","_kad_post_title":"","_kad_post_layout":"","_kad_post_sidebar_id":"","_kad_post_content_style":"","_kad_post_vertical_padding":"","_kad_post_feature":"","_kad_post_feature_position":"","_kad_post_header":false,"_kad_post_footer":false,"_kad_post_classname":""},"product_brand":[],"product_cat":[15319],"product_tag":[],"class_list":{"0":"post-129048","1":"product","2":"type-product","3":"status-publish","4":"has-post-thumbnail","6":"product_cat-grup-priz-uzatma-kablosu-elektrik-tesisat-malzemesi-banyo-yapi-hirdavat-grup-priz-uzatma-kablosu","8":"first","9":"instock","10":"purchasable","11":"product-type-simple","12":"entry","13":"content-bg","14":"loop-entry"},"_links":{"self":[{"href":"https:\/\/www.hediyepazar.com\/index.php?rest_route=\/wp\/v2\/product\/129048","targetHints":{"allow":["GET"]}}],"collection":[{"href":"https:\/\/www.hediyepazar.com\/index.php?rest_route=\/wp\/v2\/product"}],"about":[{"href":"https:\/\/www.hediyepazar.com\/index.php?rest_route=\/wp\/v2\/types\/product"}],"replies":[{"embeddable":true,"href":"https:\/\/www.hediyepazar.com\/index.php?rest_route=%2Fwp%2Fv2%2Fcomments&post=129048"}],"wp:featuredmedia":[{"embeddable":true,"href":"https:\/\/www.hediyepazar.com\/index.php?rest_route=\/wp\/v2\/media\/129047"}],"wp:attachment":[{"href":"https:\/\/www.hediyepazar.com\/index.php?rest_route=%2Fwp%2Fv2%2Fmedia&parent=129048"}],"wp:term":[{"taxonomy":"product_brand","embeddable":true,"href":"https:\/\/www.hediyepazar.com\/index.php?rest_route=%2Fwp%2Fv2%2Fproduct_brand&post=129048"},{"taxonomy":"product_cat","embeddable":true,"href":"https:\/\/www.hediyepazar.com\/index.php?rest_route=%2Fwp%2Fv2%2Fproduct_cat&post=129048"},{"taxonomy":"product_tag","embeddable":true,"href":"https:\/\/www.hediyepazar.com\/index.php?rest_route=%2Fwp%2Fv2%2Fproduct_tag&post=129048"}],"curies":[{"name":"wp","href":"https:\/\/api.w.org\/{rel}","templated":true}]}}