{"id":129050,"date":"2026-05-07T03:36:14","date_gmt":"2026-05-07T06:36:14","guid":{"rendered":"https:\/\/www.hediyepazar.com\/?product=guvenli-kullanim-saglayan-isi-yalitimli-lehimleme-kalemi"},"modified":"2026-05-07T03:36:14","modified_gmt":"2026-05-07T06:36:14","slug":"guvenli-kullanim-saglayan-isi-yalitimli-lehimleme-kalemi","status":"publish","type":"product","link":"https:\/\/www.hediyepazar.com\/?product=guvenli-kullanim-saglayan-isi-yalitimli-lehimleme-kalemi","title":{"rendered":"G\u00fcvenli Kullan\u0131m Sa\u011flayan Is\u0131 Yal\u0131t\u0131ml\u0131 Lehimleme Kalemi"},"content":{"rendered":"<p>Elektronik ve lehimleme i\u015flemleri i\u00e7in geli\u015ftirilen bu \u0131s\u0131 yal\u0131t\u0131ml\u0131 lehimleme havyas\u0131, dayan\u0131kl\u0131 malzemeleri sayesinde g\u00fcvenilir bir kullan\u0131m sunar. Uzun s\u00fcreli \u00e7al\u0131\u015fmalarda dahi formunu korur ve stabil \u0131s\u0131 \u00fcretir.Ergonomik tasar\u0131m\u0131, hassas i\u015flemlerde kullan\u0131c\u0131ya y\u00fcksek kontrol sa\u011flar. Is\u0131 yal\u0131t\u0131ml\u0131 sap ve yumu\u015fak d\u0131\u015f kaplama, g\u00fcvenli ve konforlu kullan\u0131m sunar. Ev ve at\u00f6lye kullan\u0131m\u0131 i\u00e7in uygundur.<\/p>\n","protected":false},"excerpt":{"rendered":"<p>Elektronik ve lehimleme i\u015flemleri i\u00e7in geli\u015ftirilen bu \u0131s\u0131 yal\u0131t\u0131ml\u0131 lehimleme havyas\u0131, dayan\u0131kl\u0131 malzemeleri sayesinde g\u00fcvenilir bir kullan\u0131m sunar. Uzun s\u00fcreli \u00e7al\u0131\u015fmalarda dahi formunu korur ve stabil \u0131s\u0131 \u00fcretir.Ergonomik tasar\u0131m\u0131, hassas i\u015flemlerde kullan\u0131c\u0131ya y\u00fcksek kontrol sa\u011flar. Is\u0131 yal\u0131t\u0131ml\u0131 sap ve yumu\u015fak d\u0131\u015f kaplama, g\u00fcvenli ve konforlu kullan\u0131m sunar. Ev ve at\u00f6lye kullan\u0131m\u0131 i\u00e7in uygundur.<\/p>\n","protected":false},"featured_media":129049,"comment_status":"open","ping_status":"closed","template":"","meta":{"_kad_post_transparent":"","_kad_post_title":"","_kad_post_layout":"","_kad_post_sidebar_id":"","_kad_post_content_style":"","_kad_post_vertical_padding":"","_kad_post_feature":"","_kad_post_feature_position":"","_kad_post_header":false,"_kad_post_footer":false,"_kad_post_classname":""},"product_brand":[],"product_cat":[15276],"product_tag":[],"class_list":{"0":"post-129050","1":"product","2":"type-product","3":"status-publish","4":"has-post-thumbnail","6":"product_cat-isi-tabancasi-isi-tabancasi","8":"first","9":"instock","10":"purchasable","11":"product-type-simple","12":"entry","13":"content-bg","14":"loop-entry"},"_links":{"self":[{"href":"https:\/\/www.hediyepazar.com\/index.php?rest_route=\/wp\/v2\/product\/129050","targetHints":{"allow":["GET"]}}],"collection":[{"href":"https:\/\/www.hediyepazar.com\/index.php?rest_route=\/wp\/v2\/product"}],"about":[{"href":"https:\/\/www.hediyepazar.com\/index.php?rest_route=\/wp\/v2\/types\/product"}],"replies":[{"embeddable":true,"href":"https:\/\/www.hediyepazar.com\/index.php?rest_route=%2Fwp%2Fv2%2Fcomments&post=129050"}],"wp:featuredmedia":[{"embeddable":true,"href":"https:\/\/www.hediyepazar.com\/index.php?rest_route=\/wp\/v2\/media\/129049"}],"wp:attachment":[{"href":"https:\/\/www.hediyepazar.com\/index.php?rest_route=%2Fwp%2Fv2%2Fmedia&parent=129050"}],"wp:term":[{"taxonomy":"product_brand","embeddable":true,"href":"https:\/\/www.hediyepazar.com\/index.php?rest_route=%2Fwp%2Fv2%2Fproduct_brand&post=129050"},{"taxonomy":"product_cat","embeddable":true,"href":"https:\/\/www.hediyepazar.com\/index.php?rest_route=%2Fwp%2Fv2%2Fproduct_cat&post=129050"},{"taxonomy":"product_tag","embeddable":true,"href":"https:\/\/www.hediyepazar.com\/index.php?rest_route=%2Fwp%2Fv2%2Fproduct_tag&post=129050"}],"curies":[{"name":"wp","href":"https:\/\/api.w.org\/{rel}","templated":true}]}}