{"id":129052,"date":"2026-05-07T03:36:21","date_gmt":"2026-05-07T06:36:21","guid":{"rendered":"https:\/\/www.hediyepazar.com\/?product=paslanmaz-celik-isitma-cekirdekli-lehimleme-havyasi"},"modified":"2026-05-07T03:36:21","modified_gmt":"2026-05-07T06:36:21","slug":"paslanmaz-celik-isitma-cekirdekli-lehimleme-havyasi","status":"publish","type":"product","link":"https:\/\/www.hediyepazar.com\/?product=paslanmaz-celik-isitma-cekirdekli-lehimleme-havyasi","title":{"rendered":"Paslanmaz \u00c7elik Is\u0131tma \u00c7ekirdekli Lehimleme Havyas\u0131"},"content":{"rendered":"<p>Bu y\u00fcksek s\u0131cakl\u0131k dayan\u0131ml\u0131 lehimleme havyas\u0131, g\u00fcvenli ve dengeli kullan\u0131m i\u00e7in tasarlanm\u0131\u015ft\u0131r. Is\u0131 yal\u0131t\u0131ml\u0131 sap yap\u0131s\u0131, \u00e7al\u0131\u015fma s\u0131ras\u0131nda elin \u0131s\u0131dan etkilenmesini \u00f6nler. Yumu\u015fak kaplamal\u0131 g\u00f6vde, kaymay\u0131 azaltarak daha rahat bir tutu\u015f sa\u011flar.Paslanmaz \u00e7elik \u0131s\u0131tma bile\u015fenleri, y\u00fcksek s\u0131cakl\u0131klarda bile stabil \u00e7al\u0131\u015f\u0131r. A\u015f\u0131nma ve y\u0131pranmaya kar\u015f\u0131 dayan\u0131kl\u0131 yap\u0131s\u0131, \u00fcr\u00fcn\u00fcn uzun s\u00fcre performans kayb\u0131 ya\u015famadan kullan\u0131lmas\u0131n\u0131 sa\u011flar. Elektronik onar\u0131m ve hobi \u00e7al\u0131\u015fmalar\u0131 i\u00e7in ideal bir yard\u0131mc\u0131d\u0131r.<\/p>\n","protected":false},"excerpt":{"rendered":"<p>Bu y\u00fcksek s\u0131cakl\u0131k dayan\u0131ml\u0131 lehimleme havyas\u0131, g\u00fcvenli ve dengeli kullan\u0131m i\u00e7in tasarlanm\u0131\u015ft\u0131r. Is\u0131 yal\u0131t\u0131ml\u0131 sap yap\u0131s\u0131, \u00e7al\u0131\u015fma s\u0131ras\u0131nda elin \u0131s\u0131dan etkilenmesini \u00f6nler. Yumu\u015fak kaplamal\u0131 g\u00f6vde, kaymay\u0131 azaltarak daha rahat bir tutu\u015f sa\u011flar.Paslanmaz \u00e7elik \u0131s\u0131tma bile\u015fenleri, y\u00fcksek s\u0131cakl\u0131klarda bile stabil \u00e7al\u0131\u015f\u0131r. A\u015f\u0131nma ve y\u0131pranmaya kar\u015f\u0131 dayan\u0131kl\u0131 yap\u0131s\u0131, \u00fcr\u00fcn\u00fcn uzun s\u00fcre performans kayb\u0131 ya\u015famadan kullan\u0131lmas\u0131n\u0131 sa\u011flar. Elektronik&#8230;<\/p>\n","protected":false},"featured_media":129051,"comment_status":"open","ping_status":"closed","template":"","meta":{"_kad_post_transparent":"","_kad_post_title":"","_kad_post_layout":"","_kad_post_sidebar_id":"","_kad_post_content_style":"","_kad_post_vertical_padding":"","_kad_post_feature":"","_kad_post_feature_position":"","_kad_post_header":false,"_kad_post_footer":false,"_kad_post_classname":""},"product_brand":[],"product_cat":[15276],"product_tag":[],"class_list":{"0":"post-129052","1":"product","2":"type-product","3":"status-publish","4":"has-post-thumbnail","6":"product_cat-isi-tabancasi-isi-tabancasi","8":"first","9":"instock","10":"purchasable","11":"product-type-simple","12":"entry","13":"content-bg","14":"loop-entry"},"_links":{"self":[{"href":"https:\/\/www.hediyepazar.com\/index.php?rest_route=\/wp\/v2\/product\/129052","targetHints":{"allow":["GET"]}}],"collection":[{"href":"https:\/\/www.hediyepazar.com\/index.php?rest_route=\/wp\/v2\/product"}],"about":[{"href":"https:\/\/www.hediyepazar.com\/index.php?rest_route=\/wp\/v2\/types\/product"}],"replies":[{"embeddable":true,"href":"https:\/\/www.hediyepazar.com\/index.php?rest_route=%2Fwp%2Fv2%2Fcomments&post=129052"}],"wp:featuredmedia":[{"embeddable":true,"href":"https:\/\/www.hediyepazar.com\/index.php?rest_route=\/wp\/v2\/media\/129051"}],"wp:attachment":[{"href":"https:\/\/www.hediyepazar.com\/index.php?rest_route=%2Fwp%2Fv2%2Fmedia&parent=129052"}],"wp:term":[{"taxonomy":"product_brand","embeddable":true,"href":"https:\/\/www.hediyepazar.com\/index.php?rest_route=%2Fwp%2Fv2%2Fproduct_brand&post=129052"},{"taxonomy":"product_cat","embeddable":true,"href":"https:\/\/www.hediyepazar.com\/index.php?rest_route=%2Fwp%2Fv2%2Fproduct_cat&post=129052"},{"taxonomy":"product_tag","embeddable":true,"href":"https:\/\/www.hediyepazar.com\/index.php?rest_route=%2Fwp%2Fv2%2Fproduct_tag&post=129052"}],"curies":[{"name":"wp","href":"https:\/\/api.w.org\/{rel}","templated":true}]}}