{"id":129058,"date":"2026-05-07T03:37:14","date_gmt":"2026-05-07T06:37:14","guid":{"rendered":"https:\/\/www.hediyepazar.com\/?product=yuksek-isi-dayanimli-lehimleme-havyasi"},"modified":"2026-05-07T03:37:14","modified_gmt":"2026-05-07T06:37:14","slug":"yuksek-isi-dayanimli-lehimleme-havyasi","status":"publish","type":"product","link":"https:\/\/www.hediyepazar.com\/?product=yuksek-isi-dayanimli-lehimleme-havyasi","title":{"rendered":"Y\u00fcksek Is\u0131 Dayan\u0131ml\u0131 Lehimleme Havyas\u0131"},"content":{"rendered":"<p>Elektronik onar\u0131m, lehimleme ve hobi \u00e7al\u0131\u015fmalar\u0131nda g\u00fcvenli ve verimli kullan\u0131m sunmak \u00fczere tasarlanan y\u00fcksek \u0131s\u0131 dayan\u0131ml\u0131 lehimleme havyas\u0131, sa\u011flam yap\u0131s\u0131 ve kullan\u0131c\u0131 dostu tasar\u0131m\u0131yla \u00f6ne \u00e7\u0131kar. \u00dcr\u00fcn, y\u00fcksek sertli\u011fe sahip malzemelerden \u00fcretilmi\u015ftir ve uzun s\u00fcre y\u00fcksek s\u0131cakl\u0131kta \u00e7al\u0131\u015fsa dahi formunu korur, kolay deforme olmaz. Bu sayede hem amat\u00f6r kullan\u0131c\u0131lar hem de profesyoneller i\u00e7in g\u00fcvenilir bir kullan\u0131m sa\u011flar.Havya g\u00f6vdesi, y\u00fcksek s\u0131cakl\u0131klara dayan\u0131kl\u0131 ve yumu\u015fak dokulu koruyucu bir k\u0131l\u0131f ile kaplanm\u0131\u015ft\u0131r. Bu yap\u0131, uzun s\u00fcreli \u00e7al\u0131\u015fmalarda elde rahats\u0131zl\u0131k olu\u015fmas\u0131n\u0131 \u00f6nlerken kaymay\u0131 da azalt\u0131r. Is\u0131 yal\u0131t\u0131ml\u0131 sap, kullan\u0131m s\u0131ras\u0131nda \u0131s\u0131n\u0131n ele ge\u00e7mesini engelleyerek g\u00fcvenli\u011fi art\u0131r\u0131r ve kontroll\u00fc \u00e7al\u0131\u015fmaya imk\u00e2n tan\u0131r.Is\u0131tma \u00e7ekirde\u011finde kullan\u0131lan paslanmaz \u00e7elik yap\u0131, y\u00fcksek s\u0131cakl\u0131kta \u00e7al\u0131\u015fmaya ba\u011fl\u0131 olu\u015fabilecek a\u015f\u0131nma ve y\u0131pranmay\u0131 minimize eder. Bu sayede \u0131s\u0131tma eleman\u0131n\u0131n ya\u015flanmas\u0131 gecikir ve \u00fcr\u00fcn\u00fcn kullan\u0131m \u00f6mr\u00fc uzar. Lehimleme i\u015flemlerinde stabil \u0131s\u0131 da\u011f\u0131l\u0131m\u0131 sa\u011flayarak daha temiz ve kontroll\u00fc sonu\u00e7lar elde edilmesine yard\u0131mc\u0131 olur.Elektronik devre onar\u0131mlar\u0131, kablo lehimleme i\u015flemleri, k\u00fc\u00e7\u00fck metal ba\u011flant\u0131lar ve hobi \u00e7al\u0131\u015fmalar\u0131 i\u00e7in ideal olan bu havya, dayan\u0131kl\u0131 yap\u0131s\u0131 sayesinde uzun y\u0131llar sorunsuz \u015fekilde kullan\u0131labilir. G\u00fcvenlik, konfor ve performans\u0131 bir arada sunan bu \u00fcr\u00fcn, evde, at\u00f6lyede veya profesyonel ortamlarda rahatl\u0131kla tercih edilebilir.<\/p>\n","protected":false},"excerpt":{"rendered":"<p>Elektronik onar\u0131m, lehimleme ve hobi \u00e7al\u0131\u015fmalar\u0131nda g\u00fcvenli ve verimli kullan\u0131m sunmak \u00fczere tasarlanan y\u00fcksek \u0131s\u0131 dayan\u0131ml\u0131 lehimleme havyas\u0131, sa\u011flam yap\u0131s\u0131 ve kullan\u0131c\u0131 dostu tasar\u0131m\u0131yla \u00f6ne \u00e7\u0131kar. \u00dcr\u00fcn, y\u00fcksek sertli\u011fe sahip malzemelerden \u00fcretilmi\u015ftir ve uzun s\u00fcre y\u00fcksek s\u0131cakl\u0131kta \u00e7al\u0131\u015fsa dahi formunu korur, kolay deforme olmaz. Bu sayede hem amat\u00f6r kullan\u0131c\u0131lar hem de profesyoneller i\u00e7in g\u00fcvenilir bir&#8230;<\/p>\n","protected":false},"featured_media":129057,"comment_status":"open","ping_status":"closed","template":"","meta":{"_kad_post_transparent":"","_kad_post_title":"","_kad_post_layout":"","_kad_post_sidebar_id":"","_kad_post_content_style":"","_kad_post_vertical_padding":"","_kad_post_feature":"","_kad_post_feature_position":"","_kad_post_header":false,"_kad_post_footer":false,"_kad_post_classname":""},"product_brand":[],"product_cat":[15276],"product_tag":[],"class_list":{"0":"post-129058","1":"product","2":"type-product","3":"status-publish","4":"has-post-thumbnail","6":"product_cat-isi-tabancasi-isi-tabancasi","8":"first","9":"instock","10":"purchasable","11":"product-type-simple","12":"entry","13":"content-bg","14":"loop-entry"},"_links":{"self":[{"href":"https:\/\/www.hediyepazar.com\/index.php?rest_route=\/wp\/v2\/product\/129058","targetHints":{"allow":["GET"]}}],"collection":[{"href":"https:\/\/www.hediyepazar.com\/index.php?rest_route=\/wp\/v2\/product"}],"about":[{"href":"https:\/\/www.hediyepazar.com\/index.php?rest_route=\/wp\/v2\/types\/product"}],"replies":[{"embeddable":true,"href":"https:\/\/www.hediyepazar.com\/index.php?rest_route=%2Fwp%2Fv2%2Fcomments&post=129058"}],"wp:featuredmedia":[{"embeddable":true,"href":"https:\/\/www.hediyepazar.com\/index.php?rest_route=\/wp\/v2\/media\/129057"}],"wp:attachment":[{"href":"https:\/\/www.hediyepazar.com\/index.php?rest_route=%2Fwp%2Fv2%2Fmedia&parent=129058"}],"wp:term":[{"taxonomy":"product_brand","embeddable":true,"href":"https:\/\/www.hediyepazar.com\/index.php?rest_route=%2Fwp%2Fv2%2Fproduct_brand&post=129058"},{"taxonomy":"product_cat","embeddable":true,"href":"https:\/\/www.hediyepazar.com\/index.php?rest_route=%2Fwp%2Fv2%2Fproduct_cat&post=129058"},{"taxonomy":"product_tag","embeddable":true,"href":"https:\/\/www.hediyepazar.com\/index.php?rest_route=%2Fwp%2Fv2%2Fproduct_tag&post=129058"}],"curies":[{"name":"wp","href":"https:\/\/api.w.org\/{rel}","templated":true}]}}