{"id":129060,"date":"2026-05-07T03:37:20","date_gmt":"2026-05-07T06:37:20","guid":{"rendered":"https:\/\/www.hediyepazar.com\/?product=cocuklar-icin-pembe-atm-gorunumlu-elektronik-kumbara"},"modified":"2026-05-07T03:37:20","modified_gmt":"2026-05-07T06:37:20","slug":"cocuklar-icin-pembe-atm-gorunumlu-elektronik-kumbara","status":"publish","type":"product","link":"https:\/\/www.hediyepazar.com\/?product=cocuklar-icin-pembe-atm-gorunumlu-elektronik-kumbara","title":{"rendered":"\u00c7ocuklar \u0130\u00e7in Pembe ATM G\u00f6r\u00fcn\u00fcml\u00fc Elektronik Kumbara"},"content":{"rendered":"<p>Pembe renkli bu elektronik \u015fifreli ATM kumbaras\u0131, \u00e7ocuklar\u0131n tasarrufu \u00f6\u011frenmesini e\u011flenceli hale getirir. Otomatik para \u00e7ekme sistemi ve \u0131\u015f\u0131kl\u0131 efektleriyle dikkat \u00e7eker.Sa\u011flam yap\u0131s\u0131 sayesinde g\u00fcvenli kullan\u0131m sunar. E\u011fitici \u00f6zelli\u011fi ile \u00e7ocuklara para bilinci kazand\u0131r\u0131r. \u00d6zel g\u00fcnler i\u00e7in harika bir hediyedir.<\/p>\n","protected":false},"excerpt":{"rendered":"<p>Pembe renkli bu elektronik \u015fifreli ATM kumbaras\u0131, \u00e7ocuklar\u0131n tasarrufu \u00f6\u011frenmesini e\u011flenceli hale getirir. Otomatik para \u00e7ekme sistemi ve \u0131\u015f\u0131kl\u0131 efektleriyle dikkat \u00e7eker.Sa\u011flam yap\u0131s\u0131 sayesinde g\u00fcvenli kullan\u0131m sunar. E\u011fitici \u00f6zelli\u011fi ile \u00e7ocuklara para bilinci kazand\u0131r\u0131r. \u00d6zel g\u00fcnler i\u00e7in harika bir hediyedir.<\/p>\n","protected":false},"featured_media":129059,"comment_status":"open","ping_status":"closed","template":"","meta":{"_kad_post_transparent":"","_kad_post_title":"","_kad_post_layout":"","_kad_post_sidebar_id":"","_kad_post_content_style":"","_kad_post_vertical_padding":"","_kad_post_feature":"","_kad_post_feature_position":"","_kad_post_header":false,"_kad_post_footer":false,"_kad_post_classname":""},"product_brand":[],"product_cat":[15329],"product_tag":[],"class_list":{"0":"post-129060","1":"product","2":"type-product","3":"status-publish","4":"has-post-thumbnail","6":"product_cat-kumbara-hediyelik-urunler-hobi-eglence-kumbara","8":"first","9":"instock","10":"purchasable","11":"product-type-simple","12":"entry","13":"content-bg","14":"loop-entry"},"_links":{"self":[{"href":"https:\/\/www.hediyepazar.com\/index.php?rest_route=\/wp\/v2\/product\/129060","targetHints":{"allow":["GET"]}}],"collection":[{"href":"https:\/\/www.hediyepazar.com\/index.php?rest_route=\/wp\/v2\/product"}],"about":[{"href":"https:\/\/www.hediyepazar.com\/index.php?rest_route=\/wp\/v2\/types\/product"}],"replies":[{"embeddable":true,"href":"https:\/\/www.hediyepazar.com\/index.php?rest_route=%2Fwp%2Fv2%2Fcomments&post=129060"}],"wp:featuredmedia":[{"embeddable":true,"href":"https:\/\/www.hediyepazar.com\/index.php?rest_route=\/wp\/v2\/media\/129059"}],"wp:attachment":[{"href":"https:\/\/www.hediyepazar.com\/index.php?rest_route=%2Fwp%2Fv2%2Fmedia&parent=129060"}],"wp:term":[{"taxonomy":"product_brand","embeddable":true,"href":"https:\/\/www.hediyepazar.com\/index.php?rest_route=%2Fwp%2Fv2%2Fproduct_brand&post=129060"},{"taxonomy":"product_cat","embeddable":true,"href":"https:\/\/www.hediyepazar.com\/index.php?rest_route=%2Fwp%2Fv2%2Fproduct_cat&post=129060"},{"taxonomy":"product_tag","embeddable":true,"href":"https:\/\/www.hediyepazar.com\/index.php?rest_route=%2Fwp%2Fv2%2Fproduct_tag&post=129060"}],"curies":[{"name":"wp","href":"https:\/\/api.w.org\/{rel}","templated":true}]}}