{"id":129070,"date":"2026-05-07T03:40:36","date_gmt":"2026-05-07T06:40:36","guid":{"rendered":"https:\/\/www.hediyepazar.com\/?product=cocuklar-icin-su-yesili-atm-kasa-tasarimli-sifreli-kumbara"},"modified":"2026-05-07T03:40:36","modified_gmt":"2026-05-07T06:40:36","slug":"cocuklar-icin-su-yesili-atm-kasa-tasarimli-sifreli-kumbara","status":"publish","type":"product","link":"https:\/\/www.hediyepazar.com\/?product=cocuklar-icin-su-yesili-atm-kasa-tasarimli-sifreli-kumbara","title":{"rendered":"\u00c7ocuklar \u0130\u00e7in Su Ye\u015fili ATM Kasa Tasar\u0131ml\u0131 \u015eifreli Kumbara"},"content":{"rendered":"<p>Su ye\u015fili renkli bu elektronik \u015fifreli ATM kumbaras\u0131, \u00e7ocuklara tasarrufu \u00f6\u011fretmenin e\u011flenceli bir yoludur. Otomatik para \u00e7ekme sistemi ve \u0131\u015f\u0131kl\u0131 efektler ile dikkat \u00e7eker.ABS plastik g\u00f6vdesi sa\u011flamd\u0131r. E\u011fitici yap\u0131s\u0131 sayesinde \u00e7ocuklar\u0131n finansal fark\u0131ndal\u0131\u011f\u0131n\u0131 art\u0131r\u0131r. \u00d6zel g\u00fcnler i\u00e7in ideal bir hediyedir.<\/p>\n","protected":false},"excerpt":{"rendered":"<p>Su ye\u015fili renkli bu elektronik \u015fifreli ATM kumbaras\u0131, \u00e7ocuklara tasarrufu \u00f6\u011fretmenin e\u011flenceli bir yoludur. Otomatik para \u00e7ekme sistemi ve \u0131\u015f\u0131kl\u0131 efektler ile dikkat \u00e7eker.ABS plastik g\u00f6vdesi sa\u011flamd\u0131r. E\u011fitici yap\u0131s\u0131 sayesinde \u00e7ocuklar\u0131n finansal fark\u0131ndal\u0131\u011f\u0131n\u0131 art\u0131r\u0131r. \u00d6zel g\u00fcnler i\u00e7in ideal bir hediyedir.<\/p>\n","protected":false},"featured_media":129069,"comment_status":"open","ping_status":"closed","template":"","meta":{"_kad_post_transparent":"","_kad_post_title":"","_kad_post_layout":"","_kad_post_sidebar_id":"","_kad_post_content_style":"","_kad_post_vertical_padding":"","_kad_post_feature":"","_kad_post_feature_position":"","_kad_post_header":false,"_kad_post_footer":false,"_kad_post_classname":""},"product_brand":[],"product_cat":[15329],"product_tag":[],"class_list":{"0":"post-129070","1":"product","2":"type-product","3":"status-publish","4":"has-post-thumbnail","6":"product_cat-kumbara-hediyelik-urunler-hobi-eglence-kumbara","8":"first","9":"instock","10":"purchasable","11":"product-type-simple","12":"entry","13":"content-bg","14":"loop-entry"},"_links":{"self":[{"href":"https:\/\/www.hediyepazar.com\/index.php?rest_route=\/wp\/v2\/product\/129070","targetHints":{"allow":["GET"]}}],"collection":[{"href":"https:\/\/www.hediyepazar.com\/index.php?rest_route=\/wp\/v2\/product"}],"about":[{"href":"https:\/\/www.hediyepazar.com\/index.php?rest_route=\/wp\/v2\/types\/product"}],"replies":[{"embeddable":true,"href":"https:\/\/www.hediyepazar.com\/index.php?rest_route=%2Fwp%2Fv2%2Fcomments&post=129070"}],"wp:featuredmedia":[{"embeddable":true,"href":"https:\/\/www.hediyepazar.com\/index.php?rest_route=\/wp\/v2\/media\/129069"}],"wp:attachment":[{"href":"https:\/\/www.hediyepazar.com\/index.php?rest_route=%2Fwp%2Fv2%2Fmedia&parent=129070"}],"wp:term":[{"taxonomy":"product_brand","embeddable":true,"href":"https:\/\/www.hediyepazar.com\/index.php?rest_route=%2Fwp%2Fv2%2Fproduct_brand&post=129070"},{"taxonomy":"product_cat","embeddable":true,"href":"https:\/\/www.hediyepazar.com\/index.php?rest_route=%2Fwp%2Fv2%2Fproduct_cat&post=129070"},{"taxonomy":"product_tag","embeddable":true,"href":"https:\/\/www.hediyepazar.com\/index.php?rest_route=%2Fwp%2Fv2%2Fproduct_tag&post=129070"}],"curies":[{"name":"wp","href":"https:\/\/api.w.org\/{rel}","templated":true}]}}