{"id":129090,"date":"2026-05-07T03:47:22","date_gmt":"2026-05-07T06:47:22","guid":{"rendered":"https:\/\/www.hediyepazar.com\/?product=atm-tasarimli-sifreli-isikli-cocuk-kumbarasi-mor"},"modified":"2026-05-07T03:47:22","modified_gmt":"2026-05-07T06:47:22","slug":"atm-tasarimli-sifreli-isikli-cocuk-kumbarasi-mor","status":"publish","type":"product","link":"https:\/\/www.hediyepazar.com\/?product=atm-tasarimli-sifreli-isikli-cocuk-kumbarasi-mor","title":{"rendered":"ATM Tasar\u0131ml\u0131 \u015eifreli I\u015f\u0131kl\u0131 \u00c7ocuk Kumbaras\u0131 Mor"},"content":{"rendered":"<p>Bu \u015fifreli ve \u0131\u015f\u0131kl\u0131 \u00e7ocuk kumbaras\u0131, ATM g\u00f6r\u00fcn\u00fcm\u00fc ile ger\u00e7ek\u00e7i bir kullan\u0131m sunar. Otomatik para giri\u015fi, \u0131\u015f\u0131k ve ses efektleriyle birle\u015ferek \u00e7ocuklar i\u00e7in e\u011flenceli bir deneyim olu\u015fturur.Ki\u015fisel \u015fifre sistemi, g\u00fcvenli para saklamay\u0131 \u00f6\u011fretir. Y\u00fcksek kapasiteli i\u00e7 hacmi, bol miktarda para biriktirmeye olanak tan\u0131r. Dayan\u0131kl\u0131 yap\u0131s\u0131 uzun s\u00fcreli kullan\u0131m sa\u011flar.<\/p>\n","protected":false},"excerpt":{"rendered":"<p>Bu \u015fifreli ve \u0131\u015f\u0131kl\u0131 \u00e7ocuk kumbaras\u0131, ATM g\u00f6r\u00fcn\u00fcm\u00fc ile ger\u00e7ek\u00e7i bir kullan\u0131m sunar. Otomatik para giri\u015fi, \u0131\u015f\u0131k ve ses efektleriyle birle\u015ferek \u00e7ocuklar i\u00e7in e\u011flenceli bir deneyim olu\u015fturur.Ki\u015fisel \u015fifre sistemi, g\u00fcvenli para saklamay\u0131 \u00f6\u011fretir. Y\u00fcksek kapasiteli i\u00e7 hacmi, bol miktarda para biriktirmeye olanak tan\u0131r. Dayan\u0131kl\u0131 yap\u0131s\u0131 uzun s\u00fcreli kullan\u0131m sa\u011flar.<\/p>\n","protected":false},"featured_media":129089,"comment_status":"open","ping_status":"closed","template":"","meta":{"_kad_post_transparent":"","_kad_post_title":"","_kad_post_layout":"","_kad_post_sidebar_id":"","_kad_post_content_style":"","_kad_post_vertical_padding":"","_kad_post_feature":"","_kad_post_feature_position":"","_kad_post_header":false,"_kad_post_footer":false,"_kad_post_classname":""},"product_brand":[],"product_cat":[15329],"product_tag":[],"class_list":{"0":"post-129090","1":"product","2":"type-product","3":"status-publish","4":"has-post-thumbnail","6":"product_cat-kumbara-hediyelik-urunler-hobi-eglence-kumbara","8":"first","9":"instock","10":"purchasable","11":"product-type-simple","12":"entry","13":"content-bg","14":"loop-entry"},"_links":{"self":[{"href":"https:\/\/www.hediyepazar.com\/index.php?rest_route=\/wp\/v2\/product\/129090","targetHints":{"allow":["GET"]}}],"collection":[{"href":"https:\/\/www.hediyepazar.com\/index.php?rest_route=\/wp\/v2\/product"}],"about":[{"href":"https:\/\/www.hediyepazar.com\/index.php?rest_route=\/wp\/v2\/types\/product"}],"replies":[{"embeddable":true,"href":"https:\/\/www.hediyepazar.com\/index.php?rest_route=%2Fwp%2Fv2%2Fcomments&post=129090"}],"wp:featuredmedia":[{"embeddable":true,"href":"https:\/\/www.hediyepazar.com\/index.php?rest_route=\/wp\/v2\/media\/129089"}],"wp:attachment":[{"href":"https:\/\/www.hediyepazar.com\/index.php?rest_route=%2Fwp%2Fv2%2Fmedia&parent=129090"}],"wp:term":[{"taxonomy":"product_brand","embeddable":true,"href":"https:\/\/www.hediyepazar.com\/index.php?rest_route=%2Fwp%2Fv2%2Fproduct_brand&post=129090"},{"taxonomy":"product_cat","embeddable":true,"href":"https:\/\/www.hediyepazar.com\/index.php?rest_route=%2Fwp%2Fv2%2Fproduct_cat&post=129090"},{"taxonomy":"product_tag","embeddable":true,"href":"https:\/\/www.hediyepazar.com\/index.php?rest_route=%2Fwp%2Fv2%2Fproduct_tag&post=129090"}],"curies":[{"name":"wp","href":"https:\/\/api.w.org\/{rel}","templated":true}]}}