{"id":129092,"date":"2026-05-07T03:49:09","date_gmt":"2026-05-07T06:49:09","guid":{"rendered":"https:\/\/www.hediyepazar.com\/?product=cocuklar-icin-elektronik-sifreli-para-biriktirme-kumbarasi-mor"},"modified":"2026-05-07T03:49:09","modified_gmt":"2026-05-07T06:49:09","slug":"cocuklar-icin-elektronik-sifreli-para-biriktirme-kumbarasi-mor","status":"publish","type":"product","link":"https:\/\/www.hediyepazar.com\/?product=cocuklar-icin-elektronik-sifreli-para-biriktirme-kumbarasi-mor","title":{"rendered":"\u00c7ocuklar \u0130\u00e7in Elektronik \u015eifreli Para Biriktirme Kumbaras\u0131 Mor"},"content":{"rendered":"<p>\u00c7ocuklara para y\u00f6netimini \u00f6\u011fretmenin en e\u011flenceli yollar\u0131ndan biri olan bu elektronik \u015fifreli kumbara, ATM tasar\u0131m\u0131 ile ger\u00e7ek\u00e7i bir deneyim sunar. Ki\u015fisel \u015fifre sistemi, \u00e7ocuklar\u0131n birikimlerini g\u00fcvenle saklamas\u0131n\u0131 sa\u011flar.K\u00e2\u011f\u0131t paralar otomatik olarak i\u00e7eri \u00e7ekilirken, bozuk paralar da kolayca depolanabilir. I\u015f\u0131kl\u0131 ve sesli efektler, her kullan\u0131mda \u00e7ocuklar\u0131n ilgisini \u00e7eker. Geni\u015f i\u00e7 hacmi sayesinde uzun s\u00fcre dolmadan kullan\u0131labilir.ABS plastikten \u00fcretilmi\u015f sa\u011flam yap\u0131s\u0131, \u00fcr\u00fcn\u00fc dayan\u0131kl\u0131 ve uzun \u00f6m\u00fcrl\u00fc hale getirir. E\u011fitici ve e\u011flenceli yap\u0131s\u0131 sayesinde \u00e7ocuklar\u0131n para biriktirme al\u0131\u015fkanl\u0131\u011f\u0131n\u0131 destekler.<\/p>\n","protected":false},"excerpt":{"rendered":"<p>\u00c7ocuklara para y\u00f6netimini \u00f6\u011fretmenin en e\u011flenceli yollar\u0131ndan biri olan bu elektronik \u015fifreli kumbara, ATM tasar\u0131m\u0131 ile ger\u00e7ek\u00e7i bir deneyim sunar. Ki\u015fisel \u015fifre sistemi, \u00e7ocuklar\u0131n birikimlerini g\u00fcvenle saklamas\u0131n\u0131 sa\u011flar.K\u00e2\u011f\u0131t paralar otomatik olarak i\u00e7eri \u00e7ekilirken, bozuk paralar da kolayca depolanabilir. I\u015f\u0131kl\u0131 ve sesli efektler, her kullan\u0131mda \u00e7ocuklar\u0131n ilgisini \u00e7eker. Geni\u015f i\u00e7 hacmi sayesinde uzun s\u00fcre dolmadan kullan\u0131labilir.ABS&#8230;<\/p>\n","protected":false},"featured_media":129091,"comment_status":"open","ping_status":"closed","template":"","meta":{"_kad_post_transparent":"","_kad_post_title":"","_kad_post_layout":"","_kad_post_sidebar_id":"","_kad_post_content_style":"","_kad_post_vertical_padding":"","_kad_post_feature":"","_kad_post_feature_position":"","_kad_post_header":false,"_kad_post_footer":false,"_kad_post_classname":""},"product_brand":[],"product_cat":[15329],"product_tag":[],"class_list":{"0":"post-129092","1":"product","2":"type-product","3":"status-publish","4":"has-post-thumbnail","6":"product_cat-kumbara-hediyelik-urunler-hobi-eglence-kumbara","8":"first","9":"instock","10":"purchasable","11":"product-type-simple","12":"entry","13":"content-bg","14":"loop-entry"},"_links":{"self":[{"href":"https:\/\/www.hediyepazar.com\/index.php?rest_route=\/wp\/v2\/product\/129092","targetHints":{"allow":["GET"]}}],"collection":[{"href":"https:\/\/www.hediyepazar.com\/index.php?rest_route=\/wp\/v2\/product"}],"about":[{"href":"https:\/\/www.hediyepazar.com\/index.php?rest_route=\/wp\/v2\/types\/product"}],"replies":[{"embeddable":true,"href":"https:\/\/www.hediyepazar.com\/index.php?rest_route=%2Fwp%2Fv2%2Fcomments&post=129092"}],"wp:featuredmedia":[{"embeddable":true,"href":"https:\/\/www.hediyepazar.com\/index.php?rest_route=\/wp\/v2\/media\/129091"}],"wp:attachment":[{"href":"https:\/\/www.hediyepazar.com\/index.php?rest_route=%2Fwp%2Fv2%2Fmedia&parent=129092"}],"wp:term":[{"taxonomy":"product_brand","embeddable":true,"href":"https:\/\/www.hediyepazar.com\/index.php?rest_route=%2Fwp%2Fv2%2Fproduct_brand&post=129092"},{"taxonomy":"product_cat","embeddable":true,"href":"https:\/\/www.hediyepazar.com\/index.php?rest_route=%2Fwp%2Fv2%2Fproduct_cat&post=129092"},{"taxonomy":"product_tag","embeddable":true,"href":"https:\/\/www.hediyepazar.com\/index.php?rest_route=%2Fwp%2Fv2%2Fproduct_tag&post=129092"}],"curies":[{"name":"wp","href":"https:\/\/api.w.org\/{rel}","templated":true}]}}