{"id":129094,"date":"2026-05-07T03:49:18","date_gmt":"2026-05-07T06:49:18","guid":{"rendered":"https:\/\/www.hediyepazar.com\/?product=isikli-sesli-sifreli-otomatik-para-ceken-kumbara-mor"},"modified":"2026-05-07T03:49:18","modified_gmt":"2026-05-07T06:49:18","slug":"isikli-sesli-sifreli-otomatik-para-ceken-kumbara-mor","status":"publish","type":"product","link":"https:\/\/www.hediyepazar.com\/?product=isikli-sesli-sifreli-otomatik-para-ceken-kumbara-mor","title":{"rendered":"I\u015f\u0131kl\u0131 Sesli \u015eifreli Otomatik Para \u00c7eken Kumbara Mor"},"content":{"rendered":"<p>Bu ATM g\u00f6r\u00fcn\u00fcml\u00fc elektronik \u015fifreli kumbara, \u00e7ocuklar\u0131n para biriktirmeyi e\u011flenceli bir deneyim haline getirmesi i\u00e7in \u00f6zel olarak tasarlanm\u0131\u015ft\u0131r. Ki\u015fisel \u015fifre belirleme \u00f6zelli\u011fi sayesinde \u00e7ocuklar, birikimlerini g\u00fcvenle saklayabilir. Bu sistem, \u00e7ocuklara erken ya\u015fta g\u00fcvenlik ve sorumluluk bilinci kazand\u0131r\u0131r.Ger\u00e7ek bir ATM gibi \u00e7al\u0131\u015fan yap\u0131s\u0131 sayesinde bozuk ve k\u00e2\u011f\u0131t paralar\u0131 kolayca kabul eder. Otomatik para \u00e7ekme mekanizmas\u0131, k\u00e2\u011f\u0131t paray\u0131 hazneye yakla\u015ft\u0131rd\u0131\u011f\u0131n\u0131z anda paray\u0131 i\u00e7eri al\u0131r. Bu \u00f6zellik, \u00e7ocuklar\u0131n b\u00fcy\u00fck ilgisini \u00e7eker ve kumbaray\u0131 s\u00fcrekli kullanmak istemelerini sa\u011flar.I\u015f\u0131kl\u0131 ve sesli geri bildirimler, her tu\u015f bas\u0131m\u0131nda devreye girerek e\u011flenceli bir kullan\u0131m sunar. Y\u00fcksek kapasiteli i\u00e7 hacmi, uzun s\u00fcreli birikim yap\u0131lmas\u0131na olanak tan\u0131r. Dayan\u0131kl\u0131 ABS plastikten \u00fcretilmi\u015f g\u00f6vdesi, g\u00fcvenli ve sa\u011flam bir kullan\u0131m sunar.\u00c7ocuk odalar\u0131 i\u00e7in hem dekoratif hem de i\u015flevsel olan bu kumbara, e\u011fitici y\u00f6n\u00fcyle ebeveynler i\u00e7in de ideal bir tercihtir. \u00d6zel g\u00fcnlerde anlaml\u0131 ve faydal\u0131 bir hediye alternatifi sunar.<\/p>\n","protected":false},"excerpt":{"rendered":"<p>Bu ATM g\u00f6r\u00fcn\u00fcml\u00fc elektronik \u015fifreli kumbara, \u00e7ocuklar\u0131n para biriktirmeyi e\u011flenceli bir deneyim haline getirmesi i\u00e7in \u00f6zel olarak tasarlanm\u0131\u015ft\u0131r. Ki\u015fisel \u015fifre belirleme \u00f6zelli\u011fi sayesinde \u00e7ocuklar, birikimlerini g\u00fcvenle saklayabilir. Bu sistem, \u00e7ocuklara erken ya\u015fta g\u00fcvenlik ve sorumluluk bilinci kazand\u0131r\u0131r.Ger\u00e7ek bir ATM gibi \u00e7al\u0131\u015fan yap\u0131s\u0131 sayesinde bozuk ve k\u00e2\u011f\u0131t paralar\u0131 kolayca kabul eder. Otomatik para \u00e7ekme mekanizmas\u0131, k\u00e2\u011f\u0131t&#8230;<\/p>\n","protected":false},"featured_media":129093,"comment_status":"open","ping_status":"closed","template":"","meta":{"_kad_post_transparent":"","_kad_post_title":"","_kad_post_layout":"","_kad_post_sidebar_id":"","_kad_post_content_style":"","_kad_post_vertical_padding":"","_kad_post_feature":"","_kad_post_feature_position":"","_kad_post_header":false,"_kad_post_footer":false,"_kad_post_classname":""},"product_brand":[],"product_cat":[15329],"product_tag":[],"class_list":{"0":"post-129094","1":"product","2":"type-product","3":"status-publish","4":"has-post-thumbnail","6":"product_cat-kumbara-hediyelik-urunler-hobi-eglence-kumbara","8":"first","9":"instock","10":"purchasable","11":"product-type-simple","12":"entry","13":"content-bg","14":"loop-entry"},"_links":{"self":[{"href":"https:\/\/www.hediyepazar.com\/index.php?rest_route=\/wp\/v2\/product\/129094","targetHints":{"allow":["GET"]}}],"collection":[{"href":"https:\/\/www.hediyepazar.com\/index.php?rest_route=\/wp\/v2\/product"}],"about":[{"href":"https:\/\/www.hediyepazar.com\/index.php?rest_route=\/wp\/v2\/types\/product"}],"replies":[{"embeddable":true,"href":"https:\/\/www.hediyepazar.com\/index.php?rest_route=%2Fwp%2Fv2%2Fcomments&post=129094"}],"wp:featuredmedia":[{"embeddable":true,"href":"https:\/\/www.hediyepazar.com\/index.php?rest_route=\/wp\/v2\/media\/129093"}],"wp:attachment":[{"href":"https:\/\/www.hediyepazar.com\/index.php?rest_route=%2Fwp%2Fv2%2Fmedia&parent=129094"}],"wp:term":[{"taxonomy":"product_brand","embeddable":true,"href":"https:\/\/www.hediyepazar.com\/index.php?rest_route=%2Fwp%2Fv2%2Fproduct_brand&post=129094"},{"taxonomy":"product_cat","embeddable":true,"href":"https:\/\/www.hediyepazar.com\/index.php?rest_route=%2Fwp%2Fv2%2Fproduct_cat&post=129094"},{"taxonomy":"product_tag","embeddable":true,"href":"https:\/\/www.hediyepazar.com\/index.php?rest_route=%2Fwp%2Fv2%2Fproduct_tag&post=129094"}],"curies":[{"name":"wp","href":"https:\/\/api.w.org\/{rel}","templated":true}]}}