{"id":129104,"date":"2026-05-07T03:52:17","date_gmt":"2026-05-07T06:52:17","guid":{"rendered":"https:\/\/www.hediyepazar.com\/?product=evrensel-tablet-tutucu-stand-oyun-ve-video-izleme-icin"},"modified":"2026-05-07T03:52:17","modified_gmt":"2026-05-07T06:52:17","slug":"evrensel-tablet-tutucu-stand-oyun-ve-video-izleme-icin","status":"publish","type":"product","link":"https:\/\/www.hediyepazar.com\/?product=evrensel-tablet-tutucu-stand-oyun-ve-video-izleme-icin","title":{"rendered":"Evrensel Tablet Tutucu Stand Oyun ve Video \u0130zleme \u0130\u00e7in"},"content":{"rendered":"<p>Ayarlanabilir \u00e7ift \u015faft tasar\u0131m\u0131 sayesinde tablet stand\u0131, farkl\u0131 a\u00e7\u0131larda kullan\u0131m imk\u00e2n\u0131 sunar. \u00c7ift eksenli ayar \u00f6zelli\u011fi ile ekran\u0131 g\u00f6z hizas\u0131na getirerek boyun ve bilek yorgunlu\u011funu azalt\u0131r. Oyun oynarken, film izlerken veya online toplant\u0131larda konforlu bir deneyim sa\u011flar. Katlanabilir yap\u0131s\u0131 sayesinde kullan\u0131lmad\u0131\u011f\u0131nda az yer kaplar ve kolayca ta\u015f\u0131nabilir.<\/p>\n","protected":false},"excerpt":{"rendered":"<p>Ayarlanabilir \u00e7ift \u015faft tasar\u0131m\u0131 sayesinde tablet stand\u0131, farkl\u0131 a\u00e7\u0131larda kullan\u0131m imk\u00e2n\u0131 sunar. \u00c7ift eksenli ayar \u00f6zelli\u011fi ile ekran\u0131 g\u00f6z hizas\u0131na getirerek boyun ve bilek yorgunlu\u011funu azalt\u0131r. Oyun oynarken, film izlerken veya online toplant\u0131larda konforlu bir deneyim sa\u011flar. Katlanabilir yap\u0131s\u0131 sayesinde kullan\u0131lmad\u0131\u011f\u0131nda az yer kaplar ve kolayca ta\u015f\u0131nabilir.<\/p>\n","protected":false},"featured_media":129103,"comment_status":"open","ping_status":"closed","template":"","meta":{"_kad_post_transparent":"","_kad_post_title":"","_kad_post_layout":"","_kad_post_sidebar_id":"","_kad_post_content_style":"","_kad_post_vertical_padding":"","_kad_post_feature":"","_kad_post_feature_position":"","_kad_post_header":false,"_kad_post_footer":false,"_kad_post_classname":""},"product_brand":[],"product_cat":[14983],"product_tag":[],"class_list":{"0":"post-129104","1":"product","2":"type-product","3":"status-publish","4":"has-post-thumbnail","6":"product_cat-telefon-tutucu-telefon-tutucu","8":"first","9":"instock","10":"purchasable","11":"product-type-simple","12":"entry","13":"content-bg","14":"loop-entry"},"_links":{"self":[{"href":"https:\/\/www.hediyepazar.com\/index.php?rest_route=\/wp\/v2\/product\/129104","targetHints":{"allow":["GET"]}}],"collection":[{"href":"https:\/\/www.hediyepazar.com\/index.php?rest_route=\/wp\/v2\/product"}],"about":[{"href":"https:\/\/www.hediyepazar.com\/index.php?rest_route=\/wp\/v2\/types\/product"}],"replies":[{"embeddable":true,"href":"https:\/\/www.hediyepazar.com\/index.php?rest_route=%2Fwp%2Fv2%2Fcomments&post=129104"}],"wp:featuredmedia":[{"embeddable":true,"href":"https:\/\/www.hediyepazar.com\/index.php?rest_route=\/wp\/v2\/media\/129103"}],"wp:attachment":[{"href":"https:\/\/www.hediyepazar.com\/index.php?rest_route=%2Fwp%2Fv2%2Fmedia&parent=129104"}],"wp:term":[{"taxonomy":"product_brand","embeddable":true,"href":"https:\/\/www.hediyepazar.com\/index.php?rest_route=%2Fwp%2Fv2%2Fproduct_brand&post=129104"},{"taxonomy":"product_cat","embeddable":true,"href":"https:\/\/www.hediyepazar.com\/index.php?rest_route=%2Fwp%2Fv2%2Fproduct_cat&post=129104"},{"taxonomy":"product_tag","embeddable":true,"href":"https:\/\/www.hediyepazar.com\/index.php?rest_route=%2Fwp%2Fv2%2Fproduct_tag&post=129104"}],"curies":[{"name":"wp","href":"https:\/\/api.w.org\/{rel}","templated":true}]}}